{"id":3601,"date":"2026-01-21T09:32:43","date_gmt":"2026-01-21T09:32:43","guid":{"rendered":"https:\/\/olympiaboutique.com\/?post_type=product&#038;p=3601"},"modified":"2026-01-21T09:32:43","modified_gmt":"2026-01-21T09:32:43","slug":"sunny-isle-chebe-powder-jamaican-black-castor-oil-118-ml","status":"publish","type":"product","link":"https:\/\/olympiaboutique.com\/en\/product\/sunny-isle-chebe-powder-jamaican-black-castor-oil-118-ml\/","title":{"rendered":"Sunny Isle Chebe Powder Jamaican Black Castor Oil, 118 ml"},"content":{"rendered":"<ul class=\"KsbFXc U6u95\" data-processed=\"true\">\n<li data-hveid=\"CAMQAA\" data-processed=\"true\"><span class=\"T286Pc\" data-sfc-cp=\"\" data-processed=\"true\"><strong class=\"Yjhzub\" data-processed=\"true\">Renforcement et Anti-Casse<\/strong>\u00a0: L&#8217;huile de ricin noire fortifie la fibre capillaire, tandis que le ch\u00e9b\u00e9 nourrit pour r\u00e9duire la casse, rendant les cheveux plus r\u00e9sistants.<\/span><\/li>\n<li data-hveid=\"CAMQAQ\" data-processed=\"true\"><span class=\"T286Pc\" data-sfc-cp=\"\" data-processed=\"true\"><strong class=\"Yjhzub\" data-processed=\"true\">Hydratation Intense<\/strong>\u00a0: Ces produits apportent une hydratation profonde, id\u00e9ales pour les cheveux tr\u00e8s secs, cr\u00e9pus ou ab\u00eem\u00e9s, et aident \u00e0 conserver l&#8217;humidit\u00e9.<\/span><\/li>\n<li data-hveid=\"CAMQAg\" data-processed=\"true\"><span class=\"T286Pc\" data-sfc-cp=\"\" data-processed=\"true\"><strong class=\"Yjhzub\" data-processed=\"true\">Stimulation de la Pousse<\/strong>\u00a0: En am\u00e9liorant la sant\u00e9 globale du cuir chevelu et des cheveux, ils favorisent une croissance saine et plus longue.<\/span><\/li>\n<li data-hveid=\"CAMQAw\" data-processed=\"true\"><span class=\"T286Pc\" data-sfc-cp=\"\" data-processed=\"true\"><strong class=\"Yjhzub\" data-processed=\"true\">Protection et Souplesse<\/strong>\u00a0: Ils forment une barri\u00e8re protectrice contre les agressions ext\u00e9rieures et rendent les cheveux plus souples et faciles \u00e0 coiffer.<\/span><\/li>\n<li data-hveid=\"CAMQBA\" data-processed=\"true\"><span class=\"T286Pc\" data-sfc-cp=\"\" data-processed=\"true\"><strong class=\"Yjhzub\" data-processed=\"true\">Volumisation et Brillance<\/strong>\u00a0: Ils revitalisent les cheveux, apportent du volume et une meilleure brillance.<\/span><span class=\"uJ19be notranslate\" data-wiz-uids=\"oTtLsf_13\" data-processed=\"true\"><span class=\"vKEkVd\" data-animation-atomic=\"\" data-wiz-attrbind=\"class=oTtLsf_12\/TKHnVd\" data-processed=\"true\">\u00a0<\/span><\/span><\/li>\n<\/ul>\n<p><span dir=\"auto\">La poudre de chebe\u00a0 est un rem\u00e8de traditionnel tchadien pour la pousse des cheveux. Utilis\u00e9e depuis des g\u00e9n\u00e9rations, elle favorise la croissance capillaire et pr\u00e9vient la casse. Enti\u00e8rement naturelle, elle provient exclusivement de plantes cultiv\u00e9es dans la r\u00e9gion d&#8217;Afrique.<\/span><\/p>\n<p><span dir=\"auto\">Ce puissant m\u00e9lange d&#8217;huile de ricin noire japonaise de Sunny Isle et de v\u00e9ritable poudre de chebe est formul\u00e9 pour traiter et renforcer efficacement chaque m\u00e8che de cheveux, de la racine \u00e0 la pointe, et redonner de l&#8217;\u00e9clat aux cheveux ternes.\u00a0<\/span><\/p>","protected":false},"excerpt":{"rendered":"<p>La combinaison Sunny Isle\u00a0<a class=\"GI370e\" href=\"https:\/\/www.google.com\/search?sca_esv=151c323f417ae83f&amp;sxsrf=ANbL-n4-Ov6ykh9YEWTfDsYaOPwN8ZXobg%3A1768987743033&amp;q=Huile+de+Ricin+Noire+Jama%C3%AFcaine+%28JBCO%29&amp;source=lnms&amp;fbs=ADc_l-bpk8W4E-qsVlOvbGJcDwpnHC5OJXXTJvmMu2n9YYx-G7C2OZ9FTHxDMwiSF_ikuZEB3UPAHeleXQ7VRSOf5FI2dHjZhVnApGBIgv4VFDQPHXSLtNzPBOtT2Y1jZhRB9iH16h5-i7DZzanWXLRn_4oIJZ00T0T8Yqdq0TZ4aiK3UBvwCCj4ch3RDIHMjPFwTJT50sx7E8jtfEwK5WkMYSuSzQqGOQ&amp;sa=X&amp;ved=2ahUKEwjjksTxqJySAxUIU6QEHTd-JlcQgK4QegQIARAB&amp;biw=1600&amp;bih=713&amp;dpr=1&amp;aic=0\" data-ved=\"2ahUKEwjjksTxqJySAxUIU6QEHTd-JlcQgK4QegQIARAB\" data-hveid=\"CAEQAQ\" data-processed=\"true\">Huile de Ricin Noire Jama\u00efcaine (JBCO)<\/a>\u00a0et Poudre de\u00a0<a class=\"GI370e\" href=\"https:\/\/www.google.com\/search?sca_esv=151c323f417ae83f&amp;sxsrf=ANbL-n4-Ov6ykh9YEWTfDsYaOPwN8ZXobg%3A1768987743033&amp;q=Ch%C3%A9b%C3%A9&amp;source=lnms&amp;fbs=ADc_l-bpk8W4E-qsVlOvbGJcDwpnHC5OJXXTJvmMu2n9YYx-G7C2OZ9FTHxDMwiSF_ikuZEB3UPAHeleXQ7VRSOf5FI2dHjZhVnApGBIgv4VFDQPHXSLtNzPBOtT2Y1jZhRB9iH16h5-i7DZzanWXLRn_4oIJZ00T0T8Yqdq0TZ4aiK3UBvwCCj4ch3RDIHMjPFwTJT50sx7E8jtfEwK5WkMYSuSzQqGOQ&amp;sa=X&amp;ved=2ahUKEwjjksTxqJySAxUIU6QEHTd-JlcQgK4QegQIARAC&amp;biw=1600&amp;bih=713&amp;dpr=1&amp;aic=0\" data-ved=\"2ahUKEwjjksTxqJySAxUIU6QEHTd-JlcQgK4QegQIARAC\" data-hveid=\"CAEQAg\" data-processed=\"true\">Ch\u00e9b\u00e9<\/a>\u00a0fortifie intens\u00e9ment les cheveux, r\u00e9duit la casse, hydrate en profondeur, et stimule la pousse en nourrissant la tige capillaire, prot\u00e9geant les longueurs et adoucissant les cheveux secs ou ab\u00eem\u00e9s pour plus de souplesse et de brillance.<span class=\"uJ19be notranslate\" data-wiz-uids=\"oTtLsf_d\" data-processed=\"true\"><span class=\"vKEkVd\" data-animation-atomic=\"\" data-wiz-attrbind=\"class=oTtLsf_c\/TKHnVd\" data-processed=\"true\">\u00a0<\/span><\/span><\/p>","protected":false},"featured_media":3597,"comment_status":"open","ping_status":"closed","template":"","meta":{"_joinchat":[]},"product_brand":[],"product_cat":[109],"product_tag":[248],"class_list":{"0":"post-3601","1":"product","2":"type-product","3":"status-publish","4":"has-post-thumbnail","6":"product_cat-cheveux","7":"product_tag-sunny-isle","9":"first","10":"instock","11":"shipping-taxable","12":"purchasable","13":"product-type-simple"},"jetpack_sharing_enabled":true,"_links":{"self":[{"href":"https:\/\/olympiaboutique.com\/en\/wp-json\/wp\/v2\/product\/3601","targetHints":{"allow":["GET"]}}],"collection":[{"href":"https:\/\/olympiaboutique.com\/en\/wp-json\/wp\/v2\/product"}],"about":[{"href":"https:\/\/olympiaboutique.com\/en\/wp-json\/wp\/v2\/types\/product"}],"replies":[{"embeddable":true,"href":"https:\/\/olympiaboutique.com\/en\/wp-json\/wp\/v2\/comments?post=3601"}],"wp:featuredmedia":[{"embeddable":true,"href":"https:\/\/olympiaboutique.com\/en\/wp-json\/wp\/v2\/media\/3597"}],"wp:attachment":[{"href":"https:\/\/olympiaboutique.com\/en\/wp-json\/wp\/v2\/media?parent=3601"}],"wp:term":[{"taxonomy":"product_brand","embeddable":true,"href":"https:\/\/olympiaboutique.com\/en\/wp-json\/wp\/v2\/product_brand?post=3601"},{"taxonomy":"product_cat","embeddable":true,"href":"https:\/\/olympiaboutique.com\/en\/wp-json\/wp\/v2\/product_cat?post=3601"},{"taxonomy":"product_tag","embeddable":true,"href":"https:\/\/olympiaboutique.com\/en\/wp-json\/wp\/v2\/product_tag?post=3601"}],"curies":[{"name":"wp","href":"https:\/\/api.w.org\/{rel}","templated":true}]}}