{"id":3594,"date":"2026-01-21T09:11:11","date_gmt":"2026-01-21T09:11:11","guid":{"rendered":"https:\/\/olympiaboutique.com\/?post_type=product&#038;p=3594"},"modified":"2026-01-21T09:11:11","modified_gmt":"2026-01-21T09:11:11","slug":"sunny-isle-rosemary-jamaican-black-castor-oil-118-ml","status":"publish","type":"product","link":"https:\/\/olympiaboutique.com\/en\/product\/sunny-isle-rosemary-jamaican-black-castor-oil-118-ml\/","title":{"rendered":"Sunny Isle Rosemary Jamaican Black Castor Oil, 118 ml"},"content":{"rendered":"<ul class=\"a-unordered-list a-vertical a-spacing-mini\">\n<li class=\"a-spacing-mini\"><span class=\"a-list-item\"><span dir=\"auto\">Stimule la pousse des cheveux et peut favoriser la repousse apr\u00e8s une chute de cheveux. <\/span><\/span><\/li>\n<li class=\"a-spacing-mini\"><span class=\"a-list-item\"><span dir=\"auto\">Aide \u00e0 densifier les zones clairsem\u00e9es au niveau des tempes.<\/span><\/span><\/li>\n<li class=\"a-spacing-mini\"><span class=\"a-list-item\"><span dir=\"auto\">SOIN CAPILLAIRE : Utiliser comme bain d&#8217;huile chaude pour fortifier les cheveux ab\u00eem\u00e9s.<\/span><\/span><\/li>\n<li class=\"a-spacing-mini\"><span class=\"a-list-item\"><span dir=\"auto\">HYDRATANT : Agit comme un hydratant efficace pour les cheveux et la peau, et favorise \u00e9galement le massage.<\/span><\/span><\/li>\n<li class=\"a-spacing-mini\"><span class=\"a-list-item\"><span dir=\"auto\">SOINS DE LA PEAU : Le m\u00e9lange d&#8217;huiles naturelles aide \u00e0 r\u00e9soudre les probl\u00e8mes de peau courants.<\/span><\/span><\/li>\n<li class=\"a-spacing-mini\"><span class=\"a-list-item\"><span dir=\"auto\">L&#8217;AUTHENTICIT\u00c9 EST ESSENTIELLE : Sunny Isle est une marque de confiance. Notre huile de ricin noire jama\u00efcaine authentique est extraite de graines de ricin biologiques cultiv\u00e9es par des agriculteurs en Jama\u00efque rurale. Les produits Sunny Isle sont fabriqu\u00e9s aux \u00c9tats-Unis \u00e0 partir de composants provenant du monde entier.<\/span><\/span><\/li>\n<li>Utiliser comme un bain d&#8217;huile chaude. Appliquer quotidiennement pour les soins capillaires ou l&#8217;entretien du cuir chevelu.<\/li>\n<\/ul>","protected":false},"excerpt":{"rendered":"<p>Ce m\u00e9lange d&#8217;huile de ricin noire jama\u00efcaine <strong>Sunny Isle<\/strong>, aux propri\u00e9t\u00e9s puissantes, et d&#8217;huile essentielle de romarin pure contribue \u00e0 maintenir efficacement la sant\u00e9 des cheveux et de la peau. Le romarin joue un r\u00f4le essentiel dans les soins capillaires, notamment en apaisant les d\u00e9mangeaisons et la s\u00e9cheresse du cuir chevelu et en favorisant la pousse des cheveux.<\/p>\n<ul>\n<li><span dir=\"auto\">Pour la croissance des cheveux et comme hydratant<\/span><\/li>\n<li><span dir=\"auto\">Prot\u00e8ge les cheveux des pellicules<\/span><\/li>\n<li><span dir=\"auto\">Id\u00e9al pour les massages, soulageant les muscles contract\u00e9s<\/span><\/li>\n<\/ul>","protected":false},"featured_media":3593,"comment_status":"open","ping_status":"closed","template":"","meta":{"_joinchat":[]},"product_brand":[],"product_cat":[109],"product_tag":[248],"class_list":{"0":"post-3594","1":"product","2":"type-product","3":"status-publish","4":"has-post-thumbnail","6":"product_cat-cheveux","7":"product_tag-sunny-isle","9":"first","10":"instock","11":"shipping-taxable","12":"purchasable","13":"product-type-simple"},"jetpack_sharing_enabled":true,"_links":{"self":[{"href":"https:\/\/olympiaboutique.com\/en\/wp-json\/wp\/v2\/product\/3594","targetHints":{"allow":["GET"]}}],"collection":[{"href":"https:\/\/olympiaboutique.com\/en\/wp-json\/wp\/v2\/product"}],"about":[{"href":"https:\/\/olympiaboutique.com\/en\/wp-json\/wp\/v2\/types\/product"}],"replies":[{"embeddable":true,"href":"https:\/\/olympiaboutique.com\/en\/wp-json\/wp\/v2\/comments?post=3594"}],"wp:featuredmedia":[{"embeddable":true,"href":"https:\/\/olympiaboutique.com\/en\/wp-json\/wp\/v2\/media\/3593"}],"wp:attachment":[{"href":"https:\/\/olympiaboutique.com\/en\/wp-json\/wp\/v2\/media?parent=3594"}],"wp:term":[{"taxonomy":"product_brand","embeddable":true,"href":"https:\/\/olympiaboutique.com\/en\/wp-json\/wp\/v2\/product_brand?post=3594"},{"taxonomy":"product_cat","embeddable":true,"href":"https:\/\/olympiaboutique.com\/en\/wp-json\/wp\/v2\/product_cat?post=3594"},{"taxonomy":"product_tag","embeddable":true,"href":"https:\/\/olympiaboutique.com\/en\/wp-json\/wp\/v2\/product_tag?post=3594"}],"curies":[{"name":"wp","href":"https:\/\/api.w.org\/{rel}","templated":true}]}}