{"id":3582,"date":"2025-12-11T09:43:03","date_gmt":"2025-12-11T09:43:03","guid":{"rendered":"https:\/\/olympiaboutique.com\/?post_type=product&#038;p=3582"},"modified":"2025-12-11T09:43:03","modified_gmt":"2025-12-11T09:43:03","slug":"tree-hut-tangerine-foaming-gel-wash-532-ml","status":"publish","type":"product","link":"https:\/\/olympiaboutique.com\/en\/product\/tree-hut-tangerine-foaming-gel-wash-532-ml\/","title":{"rendered":"Tree Hut Tangerine Foaming Gel Wash, 532 ml"},"content":{"rendered":"<ul>\n<li><span dir=\"auto\">Le gel douche moussant \u00e0 la mandarine Tree Hut se transforme en une mousse onctueuse qui nettoie et nourrit la peau pour la laisser douce, lisse et rafra\u00eechie.<\/span><\/li>\n<li><span dir=\"auto\">Ce gel douche moussant chouchoute la peau gr\u00e2ce \u00e0 des ingr\u00e9dients de premi\u00e8re qualit\u00e9 et un parfum luxueux et longue dur\u00e9e.<\/span><\/li>\n<li><span dir=\"auto\">Parfum : une gourmandise hesp\u00e9rid\u00e9e aux notes de mandarine juteuse, de pamplemousse et d&#8217;orange, avec une touche de bois de santal.<\/span><\/li>\n<li><span dir=\"auto\">Formul\u00e9 avec notre complexe d&#8217;huiles hydratantes, du beurre de karit\u00e9 et de l&#8217;extrait d&#8217;hibiscus<\/span><\/li>\n<li><span dir=\"auto\">Formul\u00e9 avec des ingr\u00e9dients v\u00e9g\u00e9taux bienfaisants pour la peau<\/span><\/li>\n<li><span dir=\"auto\">Sans parab\u00e8nes ni sulfates<\/span><\/li>\n<li><span dir=\"auto\">Mode d&#8217;emploi\u00a0: Versez sur une fleur de douche, faites mousser, chantez et rincez\u00a0! Pour un \u00e9clat encore plus intense, utilisez-le avec le gommage au sucre et au beurre de karit\u00e9 Tree Hut.<\/span><\/li>\n<li><span dir=\"auto\">Tree Hut propose des parfums exceptionnels aux r\u00e9sultats \u00e9clatants<\/span><\/li>\n<\/ul>","protected":false},"excerpt":{"rendered":"<p>Commencez votre douche en douceur avec la mousse onctueuse du gel douche Tree Hut, au parfum frais et longue dur\u00e9e de mandarine.<\/p>\n<p>Le gel douche moussant Tree Hut nettoie, nourrit et hydrate la peau, la laissant douce, lisse et rafra\u00eechie.<\/p>\n<p>Versez le gel douche sur une fleur de douche, faites mousser, chantez et rincez. Pour un \u00e9clat encore plus intense, utilisez-le avec le gommage au sucre et au karit\u00e9 Tree Hut.<\/p>","protected":false},"featured_media":3569,"comment_status":"open","ping_status":"closed","template":"","meta":{"_joinchat":[]},"product_brand":[],"product_cat":[22],"product_tag":[321],"class_list":{"0":"post-3582","1":"product","2":"type-product","3":"status-publish","4":"has-post-thumbnail","6":"product_cat-skincare","7":"product_tag-tree-hut","9":"first","10":"instock","11":"shipping-taxable","12":"purchasable","13":"product-type-simple"},"jetpack_sharing_enabled":true,"_links":{"self":[{"href":"https:\/\/olympiaboutique.com\/en\/wp-json\/wp\/v2\/product\/3582","targetHints":{"allow":["GET"]}}],"collection":[{"href":"https:\/\/olympiaboutique.com\/en\/wp-json\/wp\/v2\/product"}],"about":[{"href":"https:\/\/olympiaboutique.com\/en\/wp-json\/wp\/v2\/types\/product"}],"replies":[{"embeddable":true,"href":"https:\/\/olympiaboutique.com\/en\/wp-json\/wp\/v2\/comments?post=3582"}],"wp:featuredmedia":[{"embeddable":true,"href":"https:\/\/olympiaboutique.com\/en\/wp-json\/wp\/v2\/media\/3569"}],"wp:attachment":[{"href":"https:\/\/olympiaboutique.com\/en\/wp-json\/wp\/v2\/media?parent=3582"}],"wp:term":[{"taxonomy":"product_brand","embeddable":true,"href":"https:\/\/olympiaboutique.com\/en\/wp-json\/wp\/v2\/product_brand?post=3582"},{"taxonomy":"product_cat","embeddable":true,"href":"https:\/\/olympiaboutique.com\/en\/wp-json\/wp\/v2\/product_cat?post=3582"},{"taxonomy":"product_tag","embeddable":true,"href":"https:\/\/olympiaboutique.com\/en\/wp-json\/wp\/v2\/product_tag?post=3582"}],"curies":[{"name":"wp","href":"https:\/\/api.w.org\/{rel}","templated":true}]}}