{"id":3578,"date":"2025-12-11T09:28:21","date_gmt":"2025-12-11T09:28:21","guid":{"rendered":"https:\/\/olympiaboutique.com\/?post_type=product&#038;p=3578"},"modified":"2025-12-11T12:05:21","modified_gmt":"2025-12-11T12:05:21","slug":"naturium-the-glow-getter-multi-oil-body-butter-232-ml","status":"publish","type":"product","link":"https:\/\/olympiaboutique.com\/en\/product\/naturium-the-glow-getter-multi-oil-body-butter-232-ml\/","title":{"rendered":"Naturium The Glow Getter Multi-Oil Body Butter, 232 ml"},"content":{"rendered":"<ul class=\"a-unordered-list a-vertical a-spacing-mini\">\n<li class=\"a-spacing-mini\"><span class=\"a-list-item\"><span dir=\"auto\">LOTION NOURRISSANTE ET HYDRATANTE : La formule enrichie en huiles nourrit et hydrate la peau en profondeur gr\u00e2ce \u00e0 un beurre corporel fouett\u00e9 multi-huiles qui hydrate, nourrit et apaise intens\u00e9ment la peau pour une peau d&#8217;apparence plus ferme.<\/span><\/span><\/li>\n<li class=\"a-spacing-mini\"><span class=\"a-list-item\"><span dir=\"auto\">FORMULE \u00c0 BASE D&#8217;HUILES : Formul\u00e9e avec des extraits aromatiques aux senteurs de vanille et de noix de coco, ainsi qu&#8217;un m\u00e9lange d&#8217;huiles v\u00e9g\u00e9tales riches en acide linol\u00e9ique, de beurre de karit\u00e9, de glyc\u00e9rine, de squalane et de peptides v\u00e9g\u00e9taux qui contribuent \u00e0 raffermir la peau et \u00e0 lui donner un \u00e9clat sain et hydrat\u00e9.<\/span><\/span><\/li>\n<li class=\"a-spacing-mini\"><span class=\"a-list-item\"><span dir=\"auto\">TOUS TYPES DE PEAU : Hydrate sans laisser de film gras ni de sensation de lourdeur. Peut \u00eatre utilis\u00e9 quotidiennement (matin et soir). Apr\u00e8s la douche, appliquez une g\u00e9n\u00e9reuse quantit\u00e9 de produit sur peau propre et s\u00e8che et massez jusqu&#8217;\u00e0 absorption compl\u00e8te.\u00a0<\/span><\/span><\/li>\n<li class=\"a-spacing-mini\"><span class=\"a-list-item\"><span dir=\"auto\">FI\u00c8REMENT FORMUL\u00c9S : Tous les produits de Naturium sont formul\u00e9s pour respecter le pH de la peau, sont v\u00e9ganes, non test\u00e9s sur les animaux, sans parab\u00e8nes, sans gluten, compatibles avec la peau et test\u00e9s dermatologiquement.\u00a0<\/span><\/span><\/li>\n<\/ul>","protected":false},"excerpt":{"rendered":"<p><strong>Bienfaits<\/strong><\/p>\n<ul>\n<li>Formule enrichie en huiles qui nourrit et hydrate la peau en profondeur<\/li>\n<li><span dir=\"auto\">Laisse la peau douce et souple<\/span><\/li>\n<li><span dir=\"auto\">Hydrate sans laisser de film gras ni de sensation de lourdeur<\/span><\/li>\n<li><span dir=\"auto\">Contribue \u00e0 raffermir la peau.<\/span><\/li>\n<\/ul>\n<p>&nbsp;<\/p>","protected":false},"featured_media":3581,"comment_status":"open","ping_status":"closed","template":"","meta":{"_joinchat":[]},"product_brand":[],"product_cat":[22],"product_tag":[398],"class_list":{"0":"post-3578","1":"product","2":"type-product","3":"status-publish","4":"has-post-thumbnail","6":"product_cat-skincare","7":"product_tag-naturium","9":"first","10":"instock","11":"shipping-taxable","12":"purchasable","13":"product-type-simple"},"jetpack_sharing_enabled":true,"_links":{"self":[{"href":"https:\/\/olympiaboutique.com\/en\/wp-json\/wp\/v2\/product\/3578","targetHints":{"allow":["GET"]}}],"collection":[{"href":"https:\/\/olympiaboutique.com\/en\/wp-json\/wp\/v2\/product"}],"about":[{"href":"https:\/\/olympiaboutique.com\/en\/wp-json\/wp\/v2\/types\/product"}],"replies":[{"embeddable":true,"href":"https:\/\/olympiaboutique.com\/en\/wp-json\/wp\/v2\/comments?post=3578"}],"wp:featuredmedia":[{"embeddable":true,"href":"https:\/\/olympiaboutique.com\/en\/wp-json\/wp\/v2\/media\/3581"}],"wp:attachment":[{"href":"https:\/\/olympiaboutique.com\/en\/wp-json\/wp\/v2\/media?parent=3578"}],"wp:term":[{"taxonomy":"product_brand","embeddable":true,"href":"https:\/\/olympiaboutique.com\/en\/wp-json\/wp\/v2\/product_brand?post=3578"},{"taxonomy":"product_cat","embeddable":true,"href":"https:\/\/olympiaboutique.com\/en\/wp-json\/wp\/v2\/product_cat?post=3578"},{"taxonomy":"product_tag","embeddable":true,"href":"https:\/\/olympiaboutique.com\/en\/wp-json\/wp\/v2\/product_tag?post=3578"}],"curies":[{"name":"wp","href":"https:\/\/api.w.org\/{rel}","templated":true}]}}