{"id":3568,"date":"2025-12-03T20:18:31","date_gmt":"2025-12-03T20:18:31","guid":{"rendered":"https:\/\/olympiaboutique.com\/?post_type=product&#038;p=3568"},"modified":"2026-02-20T22:15:45","modified_gmt":"2026-02-20T22:15:45","slug":"natures-bounty-essential-prenatal-50-gummies","status":"publish","type":"product","link":"https:\/\/olympiaboutique.com\/en\/product\/natures-bounty-essential-prenatal-50-gummies\/","title":{"rendered":"Nature&#8217;s Bounty Essential Prenatal, 50 Gummies"},"content":{"rendered":"<p>Les Nature\u2019s Bounty Optimal Solutions Essential Prenatal Gummies sont une formule multivitamin\u00e9e compl\u00e8te et \u00e0 haute puissance con\u00e7ue pour les femmes avant, pendant et apr\u00e8s la grossesse, contenant des nutriments importants pour les femmes enceintes afin de soutenir la croissance et le d\u00e9veloppement sains de leur b\u00e9b\u00e9. Ces d\u00e9licieuses gummies aux fruits communs fournissent des om\u00e9ga-3, DHA et EPA, d\u00e9riv\u00e9s de triglyc\u00e9rides naturels d\u2019huile de poisson, ainsi que de la vitamine A, de la vitamine C, de la vitamine D, de la vitamine E et du zinc pour soutenir la sant\u00e9 immunitaire. Les bonbons g\u00e9lifi\u00e9s pr\u00e9nataux Nature\u2019s Bounty contiennent 100 % du quotidien Valeur du folate et de l\u2019iode. L\u2019apport en folate soutient la sant\u00e9 reproductive des femmes et est importante pour les femmes enceintes. Chaque bouteille de Nature\u2019s Bounty Essential Vitamin Gummies contient 50 gummies.<\/p>\n<p>Pour les adultes, prenez <strong>deux gummies<\/strong> par jour, de pr\u00e9f\u00e9rence avec un repas.<\/p>","protected":false},"excerpt":{"rendered":"<p><strong>Bienfaits<\/strong><\/p>\n<ul class=\"a-unordered-list a-vertical a-spacing-mini\">\n<li data-hveid=\"CAQQAA\" data-processed=\"true\"><span class=\"T286Pc\" data-sfc-cp=\"\" data-processed=\"true\"><strong class=\"Yjhzub\" data-processed=\"true\">Soutien au d\u00e9veloppement du f\u0153tus :<\/strong>\u00a0Contient des nutriments essentiels pour la croissance et le d\u00e9veloppement du b\u00e9b\u00e9.<\/span><\/li>\n<li data-hveid=\"CAQQAQ\" data-processed=\"true\"><span class=\"T286Pc\" data-sfc-cp=\"\" data-processed=\"true\"><strong class=\"Yjhzub\" data-processed=\"true\">R\u00e9duction du risque d&#8217;anomalies du tube neural :<\/strong>\u00a0Aide \u00e0 r\u00e9duire ce risque lorsqu&#8217;elles sont prises au moins trois mois avant la conception et pendant les premi\u00e8res semaines de grossesse.<\/span><\/li>\n<li data-hveid=\"CAQQAg\" data-processed=\"true\"><span class=\"T286Pc\" data-sfc-cp=\"\" data-processed=\"true\"><strong class=\"Yjhzub\" data-processed=\"true\">Apport en om\u00e9ga-3 :<\/strong>\u00a0Fournissent du DHA et de l&#8217;EPA pour soutenir le d\u00e9veloppement.<\/span><\/li>\n<li data-hveid=\"CAQQAw\" data-processed=\"true\"><span class=\"T286Pc\" data-sfc-cp=\"\" data-processed=\"true\"><strong class=\"Yjhzub\" data-processed=\"true\">Faciles \u00e0 dig\u00e9rer :<\/strong>\u00a0Ne contiennent pas de fer, ce qui les rend plus faciles \u00e0 dig\u00e9rer pour certaines personnes.<\/span><\/li>\n<li data-hveid=\"CAQQBA\" data-processed=\"true\"><span class=\"T286Pc\" data-sfc-cp=\"\" data-processed=\"true\"><strong class=\"Yjhzub\" data-processed=\"true\">Qualit\u00e9 :<\/strong>\u00a0Sont supervis\u00e9es par des scientifiques et des experts pour garantir des normes de qualit\u00e9 \u00e9lev\u00e9es.<\/span><span class=\"uJ19be notranslate\" data-wiz-uids=\"eBK2wd_2m,eBK2wd_2n,eBK2wd_2o\" data-processed=\"true\"><span class=\"vKEkVd\" data-animation-atomic=\"\" data-processed=\"true\">\u00a0<\/span><\/span><\/li>\n<li class=\"a-spacing-mini\"><span class=\"a-list-item\">Valeur quotidienne \u00e0 <strong>100 % de 4 vitamines B<\/strong> cl\u00e9s<\/span><\/li>\n<li class=\"a-spacing-mini\"><span class=\"a-list-item\">Gummies parfum\u00e9s orange, cerise et raisin<\/span><\/li>\n<li class=\"a-spacing-mini\"><span class=\"a-list-item\">Les vitamines Nature\u2019s Bounty pour adultes sont sans gluten\u00a0<\/span><\/li>\n<li class=\"a-spacing-mini\"><span class=\"a-list-item\">Ces gummies sont sans sodium<\/span><\/li>\n<\/ul>","protected":false},"featured_media":3572,"comment_status":"open","ping_status":"closed","template":"","meta":{"_joinchat":[]},"product_brand":[],"product_cat":[17],"product_tag":[380],"class_list":{"0":"post-3568","1":"product","2":"type-product","3":"status-publish","4":"has-post-thumbnail","6":"product_cat-vitamines","7":"product_tag-nature-bounty","9":"first","10":"instock","11":"sale","12":"shipping-taxable","13":"purchasable","14":"product-type-simple"},"jetpack_sharing_enabled":true,"_links":{"self":[{"href":"https:\/\/olympiaboutique.com\/en\/wp-json\/wp\/v2\/product\/3568","targetHints":{"allow":["GET"]}}],"collection":[{"href":"https:\/\/olympiaboutique.com\/en\/wp-json\/wp\/v2\/product"}],"about":[{"href":"https:\/\/olympiaboutique.com\/en\/wp-json\/wp\/v2\/types\/product"}],"replies":[{"embeddable":true,"href":"https:\/\/olympiaboutique.com\/en\/wp-json\/wp\/v2\/comments?post=3568"}],"wp:featuredmedia":[{"embeddable":true,"href":"https:\/\/olympiaboutique.com\/en\/wp-json\/wp\/v2\/media\/3572"}],"wp:attachment":[{"href":"https:\/\/olympiaboutique.com\/en\/wp-json\/wp\/v2\/media?parent=3568"}],"wp:term":[{"taxonomy":"product_brand","embeddable":true,"href":"https:\/\/olympiaboutique.com\/en\/wp-json\/wp\/v2\/product_brand?post=3568"},{"taxonomy":"product_cat","embeddable":true,"href":"https:\/\/olympiaboutique.com\/en\/wp-json\/wp\/v2\/product_cat?post=3568"},{"taxonomy":"product_tag","embeddable":true,"href":"https:\/\/olympiaboutique.com\/en\/wp-json\/wp\/v2\/product_tag?post=3568"}],"curies":[{"name":"wp","href":"https:\/\/api.w.org\/{rel}","templated":true}]}}