{"id":351,"date":"2023-10-06T18:42:48","date_gmt":"2023-10-06T18:42:48","guid":{"rendered":"https:\/\/olympiaboutique.com\/?post_type=product&#038;p=351"},"modified":"2025-12-01T04:17:41","modified_gmt":"2025-12-01T04:17:41","slug":"ground-black-pepper","status":"publish","type":"product","link":"https:\/\/olympiaboutique.com\/en\/product\/ground-black-pepper\/","title":{"rendered":"Member&#8217;s Mark, Poivre noir moulu pur , 510g"},"content":{"rendered":"<p>Le poivre noir moulu est une \u00e9pice essentielle, appr\u00e9ci\u00e9e dans le monde entier, qui occupe une place d\u2019honneur aux fourneaux et sur la table. Cet incontournable du garde-manger offre un ar\u00f4me piquant et une touche de chaleur terreuse parfait pour les viandes, les soupes et les rago\u00fbts. Le poivre noir moulu commence toujours par des grains de poivre de premi\u00e8re qualit\u00e9 r\u00e9colt\u00e9s \u00e0 la main. Une fois moulus, les grains de poivre profond\u00e9ment rid\u00e9s, d\u2019un brun fonc\u00e9 \u00e0 noir, ont une saveur bois\u00e9e-pin intense, piquante et mordante au go\u00fbt. Ajoutez-le \u00e0 presque tous les plats m\u00e9langez le aux soupes et aux rago\u00fbts, saupoudrez-le sur des omelettes, de la salade ou des l\u00e9gumes ou frottez-le sur la viande pour l\u2019assaisonner avant la cuisson. Le poivre noir adoucit la cuisson, c\u2019est pourquoi la poivri\u00e8re pos\u00e9e sur la table est \u00e9galement un incontournable pour relever vos plats.<\/p>","protected":false},"excerpt":{"rendered":"<p>Le poivre noir moulu est une \u00e9pice essentielle, appr\u00e9ci\u00e9e dans le monde entier, qui occupe une place d\u2019honneur aux fourneaux&#8230;<\/p>","protected":false},"featured_media":352,"comment_status":"open","ping_status":"closed","template":"","meta":{"_joinchat":[]},"product_brand":[],"product_cat":[20],"product_tag":[36],"class_list":{"0":"post-351","1":"product","2":"type-product","3":"status-publish","4":"has-post-thumbnail","6":"product_cat-epice","7":"product_tag-ground-black-pepper","9":"first","10":"outofstock","11":"shipping-taxable","12":"purchasable","13":"product-type-simple"},"jetpack_sharing_enabled":true,"_links":{"self":[{"href":"https:\/\/olympiaboutique.com\/en\/wp-json\/wp\/v2\/product\/351","targetHints":{"allow":["GET"]}}],"collection":[{"href":"https:\/\/olympiaboutique.com\/en\/wp-json\/wp\/v2\/product"}],"about":[{"href":"https:\/\/olympiaboutique.com\/en\/wp-json\/wp\/v2\/types\/product"}],"replies":[{"embeddable":true,"href":"https:\/\/olympiaboutique.com\/en\/wp-json\/wp\/v2\/comments?post=351"}],"wp:featuredmedia":[{"embeddable":true,"href":"https:\/\/olympiaboutique.com\/en\/wp-json\/wp\/v2\/media\/352"}],"wp:attachment":[{"href":"https:\/\/olympiaboutique.com\/en\/wp-json\/wp\/v2\/media?parent=351"}],"wp:term":[{"taxonomy":"product_brand","embeddable":true,"href":"https:\/\/olympiaboutique.com\/en\/wp-json\/wp\/v2\/product_brand?post=351"},{"taxonomy":"product_cat","embeddable":true,"href":"https:\/\/olympiaboutique.com\/en\/wp-json\/wp\/v2\/product_cat?post=351"},{"taxonomy":"product_tag","embeddable":true,"href":"https:\/\/olympiaboutique.com\/en\/wp-json\/wp\/v2\/product_tag?post=351"}],"curies":[{"name":"wp","href":"https:\/\/api.w.org\/{rel}","templated":true}]}}