{"id":3506,"date":"2025-11-01T20:19:36","date_gmt":"2025-11-01T20:19:36","guid":{"rendered":"https:\/\/olympiaboutique.com\/?post_type=product&#038;p=3506"},"modified":"2025-12-01T04:26:32","modified_gmt":"2025-12-01T04:26:32","slug":"members-mark-advanced-womens-50-multivitamin-275-comprimes","status":"publish","type":"product","link":"https:\/\/olympiaboutique.com\/en\/product\/members-mark-advanced-womens-50-multivitamin-275-comprimes\/","title":{"rendered":"Member&#8217;s Mark Advanced Women&#8217;s 50+ Multivitamin, 275 comprim\u00e9s"},"content":{"rendered":"<p>La multivitamine Advanced pour femmes 50+ est un suppl\u00e9ment de soutien et pratique formul\u00e9 pour les femmes de plus de 50 ans. Avec un apport quotidien d\u2019un comprim\u00e9, il offre un m\u00e9lange \u00e9quilibr\u00e9 de 27 nutriments essentiels ainsi que de la lut\u00e9ine, du bore et de la poudre de canneberge pour r\u00e9pondre \u00e0 vos besoins nutritionnels quotidiens. Cette multivitamine est formul\u00e9e sans colorants ni ar\u00f4mes artificiels, sans gluten et sans lait ou d\u00e9riv\u00e9s du lait. De plus, chaque contenant contient 275 comprim\u00e9s, ce qui se traduit par environ 9 mois d\u2019approvisionnement, ce qui vous permet de ne pas en manquer.<\/p>\n<h3>27 nutriments essentiels, plus la lut\u00e9ine, le bore et la canneberge<\/h3>\n<p>La\u2122 multivitamine Advanced pour femmes 50+ regorge de nutriments essentiels dont vous avez besoin pour fournir un soutien nutritionnel complet \u00e0 la sant\u00e9 des femmes de plus de 50 ans. Cette formule est enrichie en calcium et en vitamine D, qui peuvent favoriser la sant\u00e9 des os et des dents, ainsi qu\u2019une combinaison de vitamines A, C et de zinc pour aider \u00e0 promouvoir le syst\u00e8me immunitaire. De plus, les vitamines A, C et E et la lut\u00e9ine peuvent aider \u00e0 soutenir la sant\u00e9 des yeux et les vitamines B6, B12 et folique aident \u00e0 soutenir la sant\u00e9 cardiaque. De plus, les vitamines B jouent un r\u00f4le important qui peut aider \u00e0 soutenir la sant\u00e9 du cerveau et le m\u00e9tabolisme \u00e9nerg\u00e9tique, le bore pour aider \u00e0 promouvoir des niveaux normaux d\u2019\u0153strog\u00e8nes, et la canneberge pour aider \u00e0 soutenir la sant\u00e9 des voies urinaires.<\/p>","protected":false},"excerpt":{"rendered":"<p><strong>Bienfaits<\/strong><\/p>\n<ul>\n<li>Une bouteille de 275 comprim\u00e9s de multivitamines<\/li>\n<li>Con\u00e7u pour soutenir la sant\u00e9 des os, des muscles, des dents, du c\u0153ur, du cerveau, du syst\u00e8me immunitaire, des cheveux, de la peau et des ongles, tout en contribuant au m\u00e9tabolisme \u00e9nerg\u00e9tique et \u00e0 la sant\u00e9 des voies urinaires pour les femmes de plus de 50 ans.<\/li>\n<li>Contient de la canneberge pour le soutien des voies urinaires<\/li>\n<\/ul>\n<p><strong>Mode d\u2019emploi<\/strong>\u00a0: Adultes &#8211; Prendre un comprim\u00e9 par jour avec de la nourriture comme compl\u00e9ment alimentaire<\/p>","protected":false},"featured_media":3501,"comment_status":"open","ping_status":"closed","template":"","meta":{"_joinchat":[]},"product_brand":[],"product_cat":[17],"product_tag":[256],"class_list":{"0":"post-3506","1":"product","2":"type-product","3":"status-publish","4":"has-post-thumbnail","6":"product_cat-vitamines","7":"product_tag-member-s-mark","9":"first","10":"instock","11":"shipping-taxable","12":"purchasable","13":"product-type-simple"},"jetpack_sharing_enabled":true,"_links":{"self":[{"href":"https:\/\/olympiaboutique.com\/en\/wp-json\/wp\/v2\/product\/3506","targetHints":{"allow":["GET"]}}],"collection":[{"href":"https:\/\/olympiaboutique.com\/en\/wp-json\/wp\/v2\/product"}],"about":[{"href":"https:\/\/olympiaboutique.com\/en\/wp-json\/wp\/v2\/types\/product"}],"replies":[{"embeddable":true,"href":"https:\/\/olympiaboutique.com\/en\/wp-json\/wp\/v2\/comments?post=3506"}],"wp:featuredmedia":[{"embeddable":true,"href":"https:\/\/olympiaboutique.com\/en\/wp-json\/wp\/v2\/media\/3501"}],"wp:attachment":[{"href":"https:\/\/olympiaboutique.com\/en\/wp-json\/wp\/v2\/media?parent=3506"}],"wp:term":[{"taxonomy":"product_brand","embeddable":true,"href":"https:\/\/olympiaboutique.com\/en\/wp-json\/wp\/v2\/product_brand?post=3506"},{"taxonomy":"product_cat","embeddable":true,"href":"https:\/\/olympiaboutique.com\/en\/wp-json\/wp\/v2\/product_cat?post=3506"},{"taxonomy":"product_tag","embeddable":true,"href":"https:\/\/olympiaboutique.com\/en\/wp-json\/wp\/v2\/product_tag?post=3506"}],"curies":[{"name":"wp","href":"https:\/\/api.w.org\/{rel}","templated":true}]}}