{"id":3505,"date":"2025-11-01T20:10:40","date_gmt":"2025-11-01T20:10:40","guid":{"rendered":"https:\/\/olympiaboutique.com\/?post_type=product&#038;p=3505"},"modified":"2026-03-29T20:10:10","modified_gmt":"2026-03-29T20:10:10","slug":"members-mark-childrens-multivitamin-300-gummies","status":"publish","type":"product","link":"https:\/\/olympiaboutique.com\/en\/product\/members-mark-childrens-multivitamin-300-gummies\/","title":{"rendered":"Member&#8217;s Mark Children&#8217;s Multivitamin, 300 Gummies"},"content":{"rendered":"<p>Les gummies\u2122 multivitamin\u00e9es pour enfants sont un compl\u00e9ment alimentaire avec une formule multivitamin\u00e9e compl\u00e8te contenant 11 vitamines et min\u00e9raux essentiels pour aider \u00e0 soutenir la sant\u00e9 immunitaire. Cette bouteille contient 300 d\u00e9licieux bonbons g\u00e9lifi\u00e9s qui aident vos tout-petits \u00e0 r\u00e9pondre \u00e0 leurs besoins quotidiens en vitamines d\u2019une mani\u00e8re qu\u2019ils attendront avec impatience. De plus, vos enfants adoreront la forme amusante de l\u2019ours en g\u00e9latine.<\/p>\n<p><strong>Ar\u00f4mes de fruits d\u2019origine naturelle<\/strong><\/p>\n<p>Les gommes multivitamin\u00e9es pour enfants Member\u2019s Mark sont con\u00e7ues pour le plaisir des enfants, contenant trois d\u00e9licieuses saveurs : cerise, orange et fraise. Toutes les saveurs de ces multivitamines pour enfants sont d\u2019origine naturelle et fournissent des vitamines A, B12, B6, C, D3 et E dans une portion de 1 ou 2 gommes, selon l\u2019\u00e2ge.<\/p>","protected":false},"excerpt":{"rendered":"<p><strong>Bienfaits<\/strong><\/p>\n<ul>\n<li>Une bouteille de 300 ct. de gummies multivitamin\u00e9es pour enfants<\/li>\n<li>Aide \u00e0 soutenir la sant\u00e9 immunitaire de votre enfant<\/li>\n<li>Formule multivitamin\u00e9e pour enfants contenant 11 vitamines et min\u00e9raux<\/li>\n<li>Saveurs naturelles de cerise, d\u2019orange et de fraise<\/li>\n<li>Sans sirop de ma\u00efs \u00e0 haute teneur en fructose ni colorants synth\u00e9tiques<\/li>\n<\/ul>\n<p><strong>Mode d\u2019emploi :<\/strong> Utilisation sugg\u00e9r\u00e9e : Comme compl\u00e9ment alimentaire, les enfants de 4 ans et plus : M\u00e2chez deux (2) gummies par jour. Les enfants de 2 \u00e0 3 ans m\u00e2chent une (1) gomme par jour.<\/p>","protected":false},"featured_media":3504,"comment_status":"open","ping_status":"closed","template":"","meta":{"_joinchat":[]},"product_brand":[],"product_cat":[17],"product_tag":[256],"class_list":{"0":"post-3505","1":"product","2":"type-product","3":"status-publish","4":"has-post-thumbnail","6":"product_cat-vitamines","7":"product_tag-member-s-mark","9":"first","10":"instock","11":"shipping-taxable","12":"purchasable","13":"product-type-simple"},"jetpack_sharing_enabled":true,"_links":{"self":[{"href":"https:\/\/olympiaboutique.com\/en\/wp-json\/wp\/v2\/product\/3505","targetHints":{"allow":["GET"]}}],"collection":[{"href":"https:\/\/olympiaboutique.com\/en\/wp-json\/wp\/v2\/product"}],"about":[{"href":"https:\/\/olympiaboutique.com\/en\/wp-json\/wp\/v2\/types\/product"}],"replies":[{"embeddable":true,"href":"https:\/\/olympiaboutique.com\/en\/wp-json\/wp\/v2\/comments?post=3505"}],"wp:featuredmedia":[{"embeddable":true,"href":"https:\/\/olympiaboutique.com\/en\/wp-json\/wp\/v2\/media\/3504"}],"wp:attachment":[{"href":"https:\/\/olympiaboutique.com\/en\/wp-json\/wp\/v2\/media?parent=3505"}],"wp:term":[{"taxonomy":"product_brand","embeddable":true,"href":"https:\/\/olympiaboutique.com\/en\/wp-json\/wp\/v2\/product_brand?post=3505"},{"taxonomy":"product_cat","embeddable":true,"href":"https:\/\/olympiaboutique.com\/en\/wp-json\/wp\/v2\/product_cat?post=3505"},{"taxonomy":"product_tag","embeddable":true,"href":"https:\/\/olympiaboutique.com\/en\/wp-json\/wp\/v2\/product_tag?post=3505"}],"curies":[{"name":"wp","href":"https:\/\/api.w.org\/{rel}","templated":true}]}}