{"id":3491,"date":"2025-11-01T17:45:47","date_gmt":"2025-11-01T17:45:47","guid":{"rendered":"https:\/\/olympiaboutique.com\/?post_type=product&#038;p=3491"},"modified":"2026-03-29T20:10:33","modified_gmt":"2026-03-29T20:10:33","slug":"preparation-h-medicated-hemorrhoidal-60-wipes","status":"publish","type":"product","link":"https:\/\/olympiaboutique.com\/en\/product\/preparation-h-medicated-hemorrhoidal-60-wipes\/","title":{"rendered":"Preparation H Medicated Hemorrhoidal, 60 Wipes"},"content":{"rendered":"<p>Pr\u00e9paration H Les lingettes h\u00e9morro\u00efdaires \u00e0 l\u2019hamam\u00e9lis offrent un soulagement apaisant et nettoyant des irritations caus\u00e9es par les h\u00e9morro\u00efdes. M\u00eame une l\u00e9g\u00e8re irritation autour des fesses peut \u00eatre un probl\u00e8me inconfortable et persistant. Lorsque d\u2019autres traitements contre les h\u00e9morro\u00efdes ne vous apportent pas le confort dont vous avez besoin, ces lingettes jetables dans les toilettes et sans danger pour les fosses septiques combinent le soulagement auquel vous faites confiance des produits de soin des h\u00e9morro\u00efdes Preparation H avec de l\u2019alo\u00e8s apaisant et de l\u2019hamam\u00e9lis nettoyant pour un soin quotidien doux des h\u00e9morro\u00efdes. Ces lingettes anti-d\u00e9mangeaisons aident \u00e9galement \u00e0 soulager les d\u00e9mangeaisons associ\u00e9es aux h\u00e9morro\u00efdes. Appliquez ces lingettes Preparation H 3 \u00e0 4 fois par jour pour un soin des h\u00e9morro\u00efdes \u00e0 action rapide. Mettez-vous \u00e0 l\u2019aise avec lui, avec le soulagement des h\u00e9morro\u00efdes de Preparation H, la marque num\u00e9ro 1 recommand\u00e9e par les m\u00e9decins pour le traitement des h\u00e9morro\u00efdes<\/p>","protected":false},"excerpt":{"rendered":"<ul>\n<li>Soulagement efficace des h\u00e9morro\u00efdes qui rafra\u00eechit, apaise et r\u00e9conforte tout en nettoyant<\/li>\n<li>Peut \u00eatre utilis\u00e9 pour un nettoyage quotidien en douceur afin de r\u00e9duire l\u2019irritation<\/li>\n<li>Traitement externe des h\u00e9morro\u00efdes pratique, jetable dans les toilettes et sans danger pour les fosses septiques<\/li>\n<li>Utiliser pour apaiser et nettoyer avant d\u2019appliquer des traitements topiques contre les h\u00e9morro\u00efdes, y compris la pommade Preparation H, la cr\u00e8me, le gel ou les suppositoires pour un meilleur soulagement des h\u00e9morro\u00efdes<\/li>\n<li>Soulage les d\u00e9mangeaisons et les br\u00fblures<\/li>\n<\/ul>","protected":false},"featured_media":3492,"comment_status":"open","ping_status":"closed","template":"","meta":{"_joinchat":[]},"product_brand":[],"product_cat":[264,53],"product_tag":[401],"class_list":{"0":"post-3491","1":"product","2":"type-product","3":"status-publish","4":"has-post-thumbnail","6":"product_cat-divers","7":"product_cat-pharmaceutiques","8":"product_tag-preparation-h","10":"first","11":"outofstock","12":"shipping-taxable","13":"purchasable","14":"product-type-simple"},"jetpack_sharing_enabled":true,"_links":{"self":[{"href":"https:\/\/olympiaboutique.com\/en\/wp-json\/wp\/v2\/product\/3491","targetHints":{"allow":["GET"]}}],"collection":[{"href":"https:\/\/olympiaboutique.com\/en\/wp-json\/wp\/v2\/product"}],"about":[{"href":"https:\/\/olympiaboutique.com\/en\/wp-json\/wp\/v2\/types\/product"}],"replies":[{"embeddable":true,"href":"https:\/\/olympiaboutique.com\/en\/wp-json\/wp\/v2\/comments?post=3491"}],"wp:featuredmedia":[{"embeddable":true,"href":"https:\/\/olympiaboutique.com\/en\/wp-json\/wp\/v2\/media\/3492"}],"wp:attachment":[{"href":"https:\/\/olympiaboutique.com\/en\/wp-json\/wp\/v2\/media?parent=3491"}],"wp:term":[{"taxonomy":"product_brand","embeddable":true,"href":"https:\/\/olympiaboutique.com\/en\/wp-json\/wp\/v2\/product_brand?post=3491"},{"taxonomy":"product_cat","embeddable":true,"href":"https:\/\/olympiaboutique.com\/en\/wp-json\/wp\/v2\/product_cat?post=3491"},{"taxonomy":"product_tag","embeddable":true,"href":"https:\/\/olympiaboutique.com\/en\/wp-json\/wp\/v2\/product_tag?post=3491"}],"curies":[{"name":"wp","href":"https:\/\/api.w.org\/{rel}","templated":true}]}}