{"id":3489,"date":"2025-11-01T14:01:16","date_gmt":"2025-11-01T14:01:16","guid":{"rendered":"https:\/\/olympiaboutique.com\/?post_type=product&#038;p=3489"},"modified":"2025-12-16T16:06:47","modified_gmt":"2025-12-16T16:06:47","slug":"bigelow-cozy-chamomile-tea-20-sachets","status":"publish","type":"product","link":"https:\/\/olympiaboutique.com\/en\/product\/bigelow-cozy-chamomile-tea-20-sachets\/","title":{"rendered":"Bigelow Cozy Chamomile Tea &#8211; 20 sachets"},"content":{"rendered":"<div class=\"mb3\">\n<div class=\"dangerous-html mb3\">La camomille est bonne pour vous, \u00e0 la fois apaisante et relaxante. Il n\u2019y a pas de meilleur moyen de se d\u00e9tendre. Ce qui rend le go\u00fbt de Bigelow si sp\u00e9cial, c\u2019est que nous utilisons la fleur de camomille enti\u00e8re, soigneusement cueillie pour que vous obteniez une exp\u00e9rience beaucoup plus sucr\u00e9e, plus ronde et savoureuse. jouir!<\/div>\n<\/div>\n<div class=\"mb3 f6 mid-gray lh-title overflow-visible db\">\n<div class=\"dangerous-html mb3\">\n<ul>\n<li>Sachets de tisane \u00e0 la camomille Bigelow Cozy Stainty, 20 unit\u00e9s<\/li>\n<li>Nous utilisons la fleur de camomille enti\u00e8re pour un go\u00fbt exceptionnel ; Onctueux et cors\u00e9, d\u00e9licatement sucr\u00e9<\/li>\n<li>Sans caf\u00e9ine, sans gluten, sans OGM, casher Parve,<\/li>\n<li>20 sachets de th\u00e9, emball\u00e9s individuellement dans des sachets en aluminium pour une saveur, une fra\u00eecheur et un ar\u00f4me optimaux<\/li>\n<\/ul>\n<\/div>\n<\/div>","protected":false},"excerpt":{"rendered":"<p>Amateurs de th\u00e9, pr\u00e9parez-vous \u00e0 une exp\u00e9rience relaxante et apaisante avec TH\u00c9 \u00c0 LA CAMOMILLE COSY BIGELOW ! Imaginez un ar\u00f4me chaud et calmant qui remplit vos sens avec la douce senteur florale de la camomille. Chaque gorg\u00e9e est un voyage \u00e0 travers un monde de saveurs d\u00e9licates et de bonheur apaisant, cr\u00e9ant une exp\u00e9rience vraiment r\u00e9confortante et r\u00e9paratrice. C&#8217;est le moyen id\u00e9al pour se d\u00e9tendre apr\u00e8s une longue journ\u00e9e ou profiter d&#8217;un moment de pure tranquillit\u00e9.<\/p>\n<p>Alors, allez-y et pr\u00e9parez une tasse de TH\u00c9 \u00c0 LA CAMOMILLE COSY BIGELOW, et laissez la magie de la camomille se d\u00e9ployer !<\/p>","protected":false},"featured_media":3433,"comment_status":"open","ping_status":"closed","template":"","meta":{"_joinchat":[]},"product_brand":[],"product_cat":[23],"product_tag":[400],"class_list":{"0":"post-3489","1":"product","2":"type-product","3":"status-publish","4":"has-post-thumbnail","6":"product_cat-food","7":"product_tag-bigelow","9":"first","10":"outofstock","11":"shipping-taxable","12":"purchasable","13":"product-type-simple"},"jetpack_sharing_enabled":true,"_links":{"self":[{"href":"https:\/\/olympiaboutique.com\/en\/wp-json\/wp\/v2\/product\/3489","targetHints":{"allow":["GET"]}}],"collection":[{"href":"https:\/\/olympiaboutique.com\/en\/wp-json\/wp\/v2\/product"}],"about":[{"href":"https:\/\/olympiaboutique.com\/en\/wp-json\/wp\/v2\/types\/product"}],"replies":[{"embeddable":true,"href":"https:\/\/olympiaboutique.com\/en\/wp-json\/wp\/v2\/comments?post=3489"}],"wp:featuredmedia":[{"embeddable":true,"href":"https:\/\/olympiaboutique.com\/en\/wp-json\/wp\/v2\/media\/3433"}],"wp:attachment":[{"href":"https:\/\/olympiaboutique.com\/en\/wp-json\/wp\/v2\/media?parent=3489"}],"wp:term":[{"taxonomy":"product_brand","embeddable":true,"href":"https:\/\/olympiaboutique.com\/en\/wp-json\/wp\/v2\/product_brand?post=3489"},{"taxonomy":"product_cat","embeddable":true,"href":"https:\/\/olympiaboutique.com\/en\/wp-json\/wp\/v2\/product_cat?post=3489"},{"taxonomy":"product_tag","embeddable":true,"href":"https:\/\/olympiaboutique.com\/en\/wp-json\/wp\/v2\/product_tag?post=3489"}],"curies":[{"name":"wp","href":"https:\/\/api.w.org\/{rel}","templated":true}]}}