{"id":3488,"date":"2025-11-01T13:20:20","date_gmt":"2025-11-01T13:20:20","guid":{"rendered":"https:\/\/olympiaboutique.com\/?post_type=product&#038;p=3488"},"modified":"2026-03-10T19:54:43","modified_gmt":"2026-03-10T19:54:43","slug":"bigelozchamomile-vanilla-honey-herbal-tea","status":"publish","type":"product","link":"https:\/\/olympiaboutique.com\/en\/product\/bigelozchamomile-vanilla-honey-herbal-tea\/","title":{"rendered":"Bigelow Chamomile Vanilla Herbal Tea, 20 sachets"},"content":{"rendered":"<ul class=\"KsbFXc U6u95\" data-processed=\"true\">\n<li data-hveid=\"CAMQAA\" data-processed=\"true\"><span class=\"T286Pc\" data-sfc-cp=\"\" data-processed=\"true\"><strong class=\"Yjhzub\" data-processed=\"true\">Relaxation et sommeil :<\/strong>\u00a0La camomille est connue pour favoriser la relaxation et le sommeil, tandis que l&#8217;odeur de la vanille est \u00e9galement sugg\u00e9r\u00e9e pour avoir un effet calmant.<\/span><\/li>\n<li data-hveid=\"CAMQAQ\" data-processed=\"true\"><span class=\"T286Pc\" data-sfc-cp=\"\" data-processed=\"true\"><strong class=\"Yjhzub\" data-processed=\"true\">Apaisement :<\/strong>\u00a0La combinaison des deux ingr\u00e9dients peut aider \u00e0 r\u00e9duire le stress et procurer une sensation de bien-\u00eatre.<\/span><\/li>\n<li data-hveid=\"CAMQAg\" data-processed=\"true\"><span class=\"T286Pc\" data-sfc-cp=\"\" data-processed=\"true\"><strong class=\"Yjhzub\" data-processed=\"true\">Absence de caf\u00e9ine :<\/strong>\u00a0Le th\u00e9 Bigelow Chamomile Vanilla est une tisane sans caf\u00e9ine, ce qui la rend appropri\u00e9e pour \u00eatre consomm\u00e9e avant de se coucher sans perturber le sommeil.<\/span><span class=\"uJ19be notranslate\" data-wiz-uids=\"YXFYXd_y,YXFYXd_z\" data-processed=\"true\"><span class=\"vKEkVd\" data-animation-atomic=\"\" data-processed=\"true\">\u00a0<\/span><\/span><\/li>\n<\/ul>\n<div class=\"otQkpb\" role=\"heading\" aria-level=\"3\" data-animation-nesting=\"\" data-sfc-cp=\"\" data-processed=\"true\">Autres consid\u00e9rations<\/div>\n<ul class=\"KsbFXc U6u95\" data-processed=\"true\">\n<li data-hveid=\"CAYQAA\" data-processed=\"true\"><span class=\"T286Pc\" data-sfc-cp=\"\" data-processed=\"true\"><strong class=\"Yjhzub\" data-processed=\"true\">Go\u00fbt :<\/strong>\u00a0Le th\u00e9 est appr\u00e9ci\u00e9 pour son \u00e9quilibre de saveurs et son parfum r\u00e9confortant, qui contribuent \u00e0 l&#8217;exp\u00e9rience relaxante.<\/span><\/li>\n<li data-hveid=\"CAYQAQ\" data-processed=\"true\"><span class=\"T286Pc\" data-sfc-cp=\"\" data-processed=\"true\"><strong class=\"Yjhzub\" data-processed=\"true\">Qualit\u00e9 des ingr\u00e9dients :<\/strong>\u00a0Bigelow met en avant l&#8217;utilisation de fleurs de camomille enti\u00e8res pour une saveur plus douce et plus compl\u00e8te.<\/span><\/li>\n<li data-hveid=\"CAYQAg\" data-processed=\"true\"><span class=\"T286Pc\" data-sfc-cp=\"\" data-processed=\"true\"><strong class=\"Yjhzub\" data-processed=\"true\">Options de consommation :<\/strong>\u00a0Il peut \u00eatre appr\u00e9ci\u00e9 chaud ou froid, selon les pr\u00e9f\u00e9rences.<\/span><span class=\"uJ19be notranslate\" data-wiz-uids=\"YXFYXd_31,YXFYXd_32\" data-processed=\"true\"><span class=\"vKEkVd\" data-animation-atomic=\"\" data-processed=\"true\">\u00a0<\/span><\/span><\/li>\n<\/ul>","protected":false},"excerpt":{"rendered":"<p>Le th\u00e9 \u00e0 la camomille et \u00e0 la vanille Bigelow combine les bienfaits relaxants de la camomille avec les propri\u00e9t\u00e9s calmantes de la vanille pour aider \u00e0 la relaxation et au sommeil. Ses bienfaits incluent\u00a0<strong>le soutien du sommeil, la r\u00e9duction du stress, et un effet apaisant<\/strong>, notamment gr\u00e2ce \u00e0 son ar\u00f4me naturel. \u00c9tant sans caf\u00e9ine, il est id\u00e9al pour la consommation le soir.<span class=\"uJ19be notranslate\" data-wiz-uids=\"YXFYXd_c,YXFYXd_d\"><span class=\"vKEkVd\" data-animation-atomic=\"\">\u00a0<\/span><\/span><\/p>","protected":false},"featured_media":3436,"comment_status":"open","ping_status":"closed","template":"","meta":{"_joinchat":[]},"product_brand":[],"product_cat":[23],"product_tag":[400],"class_list":{"0":"post-3488","1":"product","2":"type-product","3":"status-publish","4":"has-post-thumbnail","6":"product_cat-food","7":"product_tag-bigelow","9":"first","10":"outofstock","11":"shipping-taxable","12":"purchasable","13":"product-type-simple"},"jetpack_sharing_enabled":true,"_links":{"self":[{"href":"https:\/\/olympiaboutique.com\/en\/wp-json\/wp\/v2\/product\/3488","targetHints":{"allow":["GET"]}}],"collection":[{"href":"https:\/\/olympiaboutique.com\/en\/wp-json\/wp\/v2\/product"}],"about":[{"href":"https:\/\/olympiaboutique.com\/en\/wp-json\/wp\/v2\/types\/product"}],"replies":[{"embeddable":true,"href":"https:\/\/olympiaboutique.com\/en\/wp-json\/wp\/v2\/comments?post=3488"}],"wp:featuredmedia":[{"embeddable":true,"href":"https:\/\/olympiaboutique.com\/en\/wp-json\/wp\/v2\/media\/3436"}],"wp:attachment":[{"href":"https:\/\/olympiaboutique.com\/en\/wp-json\/wp\/v2\/media?parent=3488"}],"wp:term":[{"taxonomy":"product_brand","embeddable":true,"href":"https:\/\/olympiaboutique.com\/en\/wp-json\/wp\/v2\/product_brand?post=3488"},{"taxonomy":"product_cat","embeddable":true,"href":"https:\/\/olympiaboutique.com\/en\/wp-json\/wp\/v2\/product_cat?post=3488"},{"taxonomy":"product_tag","embeddable":true,"href":"https:\/\/olympiaboutique.com\/en\/wp-json\/wp\/v2\/product_tag?post=3488"}],"curies":[{"name":"wp","href":"https:\/\/api.w.org\/{rel}","templated":true}]}}