{"id":3486,"date":"2025-11-01T13:06:54","date_gmt":"2025-11-01T13:06:54","guid":{"rendered":"https:\/\/olympiaboutique.com\/?post_type=product&#038;p=3486"},"modified":"2025-12-01T04:26:33","modified_gmt":"2025-12-01T04:26:33","slug":"bigelow-lemon-ginger-plus-probiotics-herbal-tea-18-sachets","status":"publish","type":"product","link":"https:\/\/olympiaboutique.com\/en\/product\/bigelow-lemon-ginger-plus-probiotics-herbal-tea-18-sachets\/","title":{"rendered":"Bigelow Lemon Ginger Plus Probiotics Herbal Tea, 18 sachets"},"content":{"rendered":"<div class=\"otQkpb\" role=\"heading\" aria-level=\"3\" data-animation-nesting=\"\" data-sfc-cp=\"\" data-processed=\"true\">Bienfaits du th\u00e9 Bigelow Citron-Gingembre<\/div>\n<ul class=\"KsbFXc U6u95\" data-processed=\"true\">\n<li data-hveid=\"CAMQAA\" data-processed=\"true\"><span class=\"T286Pc\" data-sfc-cp=\"\" data-processed=\"true\"><strong class=\"Yjhzub\" data-processed=\"true\">Sant\u00e9 digestive :<\/strong>\u00a0Le gingembre et le citron, combin\u00e9s aux probiotiques (dans les versions &#8220;plus probiotiques&#8221;), favorisent une bonne digestion et aident \u00e0 maintenir un microbiote intestinal sain.<\/span><\/li>\n<li data-hveid=\"CAMQAQ\" data-processed=\"true\"><span class=\"T286Pc\" data-sfc-cp=\"\" data-processed=\"true\"><strong class=\"Yjhzub\" data-processed=\"true\">Soulagement des sympt\u00f4mes du rhume :<\/strong>\u00a0Il est b\u00e9n\u00e9fique pour apaiser les maux de gorge et les sympt\u00f4mes du rhume gr\u00e2ce \u00e0 la combinaison r\u00e9confortante du gingembre et du citron.<\/span><\/li>\n<li data-hveid=\"CAMQAg\" data-processed=\"true\"><span class=\"T286Pc\" data-sfc-cp=\"\" data-processed=\"true\"><strong class=\"Yjhzub\" data-processed=\"true\">Sans caf\u00e9ine :<\/strong>\u00a0Cette infusion est une option sans caf\u00e9ine, ce qui en fait un choix id\u00e9al \u00e0 consommer \u00e0 tout moment de la journ\u00e9e, y compris le soir.<\/span><\/li>\n<li data-hveid=\"CAMQAw\" data-processed=\"true\"><span class=\"T286Pc\" data-sfc-cp=\"\" data-processed=\"true\"><strong class=\"Yjhzub\" data-processed=\"true\">Relaxation :<\/strong>\u00a0C&#8217;est une boisson r\u00e9confortante qui peut \u00eatre consomm\u00e9e pour un moment de d\u00e9tente, en particulier le soir.<\/span><\/li>\n<li data-hveid=\"CAMQBA\" data-processed=\"true\"><span class=\"T286Pc\" data-sfc-cp=\"\" data-processed=\"true\"><strong class=\"Yjhzub\" data-processed=\"true\">Ingr\u00e9dients naturels :<\/strong>\u00a0La formule contient souvent des ingr\u00e9dients comme de la verveine citronn\u00e9e, du zeste de citron, du gingembre et des ar\u00f4mes naturels.<\/span><span class=\"uJ19be notranslate\" data-wiz-uids=\"ZUb0Td_14,ZUb0Td_15\" data-processed=\"true\"><span class=\"vKEkVd\" data-animation-atomic=\"\" data-processed=\"true\">\u00a0<\/span><\/span><\/li>\n<\/ul>","protected":false},"excerpt":{"rendered":"<p>Le th\u00e9 Bigelow Citron-Gingembre est appr\u00e9ci\u00e9 pour ses bienfaits sur la\u00a0<strong class=\"Yjhzub\">digestion<\/strong>, le\u00a0<strong class=\"Yjhzub\">soulagement des sympt\u00f4mes du rhume<\/strong>\u00a0et son caract\u00e8re\u00a0<strong class=\"Yjhzub\">sans caf\u00e9ine. <\/strong><\/p>\n<p>Il peut aider \u00e0 maintenir une flore intestinale saine, apporter un apaisement en cas de mal de gorge ou de rhume et constituer une boisson relaxante.<\/p>","protected":false},"featured_media":3439,"comment_status":"open","ping_status":"closed","template":"","meta":{"_joinchat":[]},"product_brand":[],"product_cat":[23],"product_tag":[400],"class_list":{"0":"post-3486","1":"product","2":"type-product","3":"status-publish","4":"has-post-thumbnail","6":"product_cat-food","7":"product_tag-bigelow","9":"first","10":"outofstock","11":"shipping-taxable","12":"purchasable","13":"product-type-simple"},"jetpack_sharing_enabled":true,"_links":{"self":[{"href":"https:\/\/olympiaboutique.com\/en\/wp-json\/wp\/v2\/product\/3486","targetHints":{"allow":["GET"]}}],"collection":[{"href":"https:\/\/olympiaboutique.com\/en\/wp-json\/wp\/v2\/product"}],"about":[{"href":"https:\/\/olympiaboutique.com\/en\/wp-json\/wp\/v2\/types\/product"}],"replies":[{"embeddable":true,"href":"https:\/\/olympiaboutique.com\/en\/wp-json\/wp\/v2\/comments?post=3486"}],"wp:featuredmedia":[{"embeddable":true,"href":"https:\/\/olympiaboutique.com\/en\/wp-json\/wp\/v2\/media\/3439"}],"wp:attachment":[{"href":"https:\/\/olympiaboutique.com\/en\/wp-json\/wp\/v2\/media?parent=3486"}],"wp:term":[{"taxonomy":"product_brand","embeddable":true,"href":"https:\/\/olympiaboutique.com\/en\/wp-json\/wp\/v2\/product_brand?post=3486"},{"taxonomy":"product_cat","embeddable":true,"href":"https:\/\/olympiaboutique.com\/en\/wp-json\/wp\/v2\/product_cat?post=3486"},{"taxonomy":"product_tag","embeddable":true,"href":"https:\/\/olympiaboutique.com\/en\/wp-json\/wp\/v2\/product_tag?post=3486"}],"curies":[{"name":"wp","href":"https:\/\/api.w.org\/{rel}","templated":true}]}}