{"id":3484,"date":"2025-11-01T12:21:53","date_gmt":"2025-11-01T12:21:53","guid":{"rendered":"https:\/\/olympiaboutique.com\/?post_type=product&#038;p=3484"},"modified":"2026-02-24T18:18:16","modified_gmt":"2026-02-24T18:18:16","slug":"members-mark-lemon-pepper-878-g","status":"publish","type":"product","link":"https:\/\/olympiaboutique.com\/en\/product\/members-mark-lemon-pepper-878-g\/","title":{"rendered":"Member\u2019s Mark Lemon Pepper, 878 g"},"content":{"rendered":"<h3>Saveur audacieuse et piquante<\/h3>\n<p>Le m\u00e9lange d\u2019assaisonnements au citron et au poivre Member\u2019s Mark combine le zeste acidul\u00e9 du citron avec les saveurs robustes du poivre noir, de l\u2019ail, de l\u2019oignon, du sel et du sucre. Cet assaisonnement polyvalent est parfait pour rehausser le go\u00fbt des viandes, des l\u00e9gumes, des poissons et des soupes, offrant une saveur rafra\u00eechissante et audacieuse \u00e0 vos plats.<\/p>\n<h3>Parfait pour le poulet et les l\u00e9gumes<\/h3>\n<p>Transformez vos repas avec un shake ou deux de cet assaisonnement. Saupoudrez-le sur du poulet cuit au four pour un go\u00fbt vibrant et associez-le \u00e0 des l\u00e9gumes assaisonn\u00e9s pour un repas sain et savoureux. Ce m\u00e9lange est id\u00e9al pour ajouter une touche rafra\u00eechissante \u00e0 vos prot\u00e9ines et plats d\u2019accompagnement pr\u00e9f\u00e9r\u00e9s.<\/p>\n<h3>\u00c9gayez les plats de fruits de mer<\/h3>\n<p>Que vous organisiez une friture de poisson ou que vous pr\u00e9pariez un plat de poisson cuit au four pour la famille, l\u2019assaisonnement au citron et au poivre Member\u2019s Mark est le compl\u00e9ment parfait. Son go\u00fbt vif et rafra\u00eechissant compl\u00e8te tous les fruits de mer, ce qui en fait un incontournable de votre garde-manger.<\/p>\n<h3>Compagnon de cuisine polyvalent<\/h3>\n<p>Faites preuve de cr\u00e9ativit\u00e9 avec cet assaisonnement en le m\u00e9langeant \u00e0 des vinaigrettes maison pour rehausser vos salades ou en le m\u00e9langeant avec de l\u2019huile d\u2019olive pour badigeonner le poulet ou le poisson avant la cuisson. Ajoutez quelques traits aux l\u00e9gumes avant de les r\u00f4tir ou de les servir pour une touche de saveur suppl\u00e9mentaire. Qu\u2019il s\u2019agisse de grillades, de p\u00e2tisseries ou de fritures, cet assaisonnement est votre incontournable pour rehausser les plats \u00e0 base de prot\u00e9ines et de l\u00e9gumes.<\/p>","protected":false},"excerpt":{"rendered":"<ul>\n<li>Bouteille de 878 g de format \u00e9conomique<\/li>\n<li>Combine le zeste acidul\u00e9 du citron avec les saveurs robustes du poivre noir, de l\u2019ail, de l\u2019oignon, du sel et du sucre<\/li>\n<li>Ce m\u00e9lange est id\u00e9al pour ajouter une touche rafra\u00eechissante \u00e0 vos prot\u00e9ines et plats d\u2019accompagnement pr\u00e9f\u00e9r\u00e9s<\/li>\n<li>Sans gluten et sans GMS<\/li>\n<\/ul>","protected":false},"featured_media":3427,"comment_status":"open","ping_status":"closed","template":"","meta":{"_joinchat":[]},"product_brand":[],"product_cat":[20],"product_tag":[256],"class_list":{"0":"post-3484","1":"product","2":"type-product","3":"status-publish","4":"has-post-thumbnail","6":"product_cat-epice","7":"product_tag-member-s-mark","9":"first","10":"instock","11":"shipping-taxable","12":"purchasable","13":"product-type-simple"},"jetpack_sharing_enabled":true,"_links":{"self":[{"href":"https:\/\/olympiaboutique.com\/en\/wp-json\/wp\/v2\/product\/3484","targetHints":{"allow":["GET"]}}],"collection":[{"href":"https:\/\/olympiaboutique.com\/en\/wp-json\/wp\/v2\/product"}],"about":[{"href":"https:\/\/olympiaboutique.com\/en\/wp-json\/wp\/v2\/types\/product"}],"replies":[{"embeddable":true,"href":"https:\/\/olympiaboutique.com\/en\/wp-json\/wp\/v2\/comments?post=3484"}],"wp:featuredmedia":[{"embeddable":true,"href":"https:\/\/olympiaboutique.com\/en\/wp-json\/wp\/v2\/media\/3427"}],"wp:attachment":[{"href":"https:\/\/olympiaboutique.com\/en\/wp-json\/wp\/v2\/media?parent=3484"}],"wp:term":[{"taxonomy":"product_brand","embeddable":true,"href":"https:\/\/olympiaboutique.com\/en\/wp-json\/wp\/v2\/product_brand?post=3484"},{"taxonomy":"product_cat","embeddable":true,"href":"https:\/\/olympiaboutique.com\/en\/wp-json\/wp\/v2\/product_cat?post=3484"},{"taxonomy":"product_tag","embeddable":true,"href":"https:\/\/olympiaboutique.com\/en\/wp-json\/wp\/v2\/product_tag?post=3484"}],"curies":[{"name":"wp","href":"https:\/\/api.w.org\/{rel}","templated":true}]}}