{"id":3483,"date":"2025-11-01T12:10:03","date_gmt":"2025-11-01T12:10:03","guid":{"rendered":"https:\/\/olympiaboutique.com\/?post_type=product&#038;p=3483"},"modified":"2026-02-24T18:18:57","modified_gmt":"2026-02-24T18:18:57","slug":"knorr-bouillon-de-crevettes-225-g","status":"publish","type":"product","link":"https:\/\/olympiaboutique.com\/en\/product\/knorr-bouillon-de-crevettes-225-g\/","title":{"rendered":"Knorr Bouillon de crevettes, 225 g"},"content":{"rendered":"<div class=\"mb3\">\n<div class=\"dangerous-html mb3\">\n<p>M\u00e9langez les saveurs des crevettes, de la tomate et des \u00e9pices pour un go\u00fbt authentique et maison. Les cubes de bouillon Knorr sont un \u00e9l\u00e9ment essentiel du garde-manger de tout cuisinier \u00e0 domicile. Le cube classique, parfaitement portionn\u00e9, donne une tasse de bouillon de crevettes et \u00e9quivaut \u00e0 une cuill\u00e8re \u00e0 soupe de bouillon granul\u00e9. C\u2019est un ingr\u00e9dient simple qui donne \u00e0 vos recettes une profondeur riche et savoureuse et une complexit\u00e9 satisfaisante. En plus des soupes et des sauces, vous pouvez utiliser le bouillon de crevettes Knorr dans des recettes comme le ceviche de crevettes, le pozole de crevettes et de nombreux autres d\u00e9licieux plats.<\/p>\n<p>Vous cherchez de l\u2019inspiration ou des recettes faciles pour votre prochain d\u00eener ? Consultez Knorr.com pour des id\u00e9es.<\/p>\n<\/div>\n<\/div>\n<div class=\"mb3 f6 mid-gray lh-title overflow-visible db\">\n<div class=\"dangerous-html mb3\"><\/div>\n<\/div>","protected":false},"excerpt":{"rendered":"<ul>\n<li>Les Knorr Flavor Bouillon\/Caldo Cameron m\u00e9langent des saveurs de crevettes, de tomates et d\u2019\u00e9pices<\/li>\n<li>Des soupes et sauces aux fruits de mer au consomm\u00e9 de crevettes, la saveur classique du bouillon de crevettes est la base de fruits de mer ultime pour un go\u00fbt authentique fait maison<\/li>\n<\/ul>","protected":false},"featured_media":3425,"comment_status":"open","ping_status":"closed","template":"","meta":{"_joinchat":[]},"product_brand":[],"product_cat":[20],"product_tag":[399],"class_list":{"0":"post-3483","1":"product","2":"type-product","3":"status-publish","4":"has-post-thumbnail","6":"product_cat-epice","7":"product_tag-knoor","9":"first","10":"instock","11":"shipping-taxable","12":"purchasable","13":"product-type-simple"},"jetpack_sharing_enabled":true,"_links":{"self":[{"href":"https:\/\/olympiaboutique.com\/en\/wp-json\/wp\/v2\/product\/3483","targetHints":{"allow":["GET"]}}],"collection":[{"href":"https:\/\/olympiaboutique.com\/en\/wp-json\/wp\/v2\/product"}],"about":[{"href":"https:\/\/olympiaboutique.com\/en\/wp-json\/wp\/v2\/types\/product"}],"replies":[{"embeddable":true,"href":"https:\/\/olympiaboutique.com\/en\/wp-json\/wp\/v2\/comments?post=3483"}],"wp:featuredmedia":[{"embeddable":true,"href":"https:\/\/olympiaboutique.com\/en\/wp-json\/wp\/v2\/media\/3425"}],"wp:attachment":[{"href":"https:\/\/olympiaboutique.com\/en\/wp-json\/wp\/v2\/media?parent=3483"}],"wp:term":[{"taxonomy":"product_brand","embeddable":true,"href":"https:\/\/olympiaboutique.com\/en\/wp-json\/wp\/v2\/product_brand?post=3483"},{"taxonomy":"product_cat","embeddable":true,"href":"https:\/\/olympiaboutique.com\/en\/wp-json\/wp\/v2\/product_cat?post=3483"},{"taxonomy":"product_tag","embeddable":true,"href":"https:\/\/olympiaboutique.com\/en\/wp-json\/wp\/v2\/product_tag?post=3483"}],"curies":[{"name":"wp","href":"https:\/\/api.w.org\/{rel}","templated":true}]}}