{"id":3470,"date":"2025-10-31T13:22:22","date_gmt":"2025-10-31T13:22:22","guid":{"rendered":"https:\/\/olympiaboutique.com\/?post_type=product&#038;p=3470"},"modified":"2026-03-10T19:56:23","modified_gmt":"2026-03-10T19:56:23","slug":"the-ordinary-glycolic-acid-7-240-ml","status":"publish","type":"product","link":"https:\/\/olympiaboutique.com\/en\/product\/the-ordinary-glycolic-acid-7-240-ml\/","title":{"rendered":"The Ordinary Glycolic Acid 7 % ,240 ml"},"content":{"rendered":"<p>La solution tonique \u00e0 l\u2019acide glycolique \u00e0 7 % est un exfoliant cibl\u00e9 \u00e0 la surface de la peau. Il aide \u00e0 am\u00e9liorer la clart\u00e9 de la peau, \u00e0 \u00e9quilibrer le teint irr\u00e9gulier et \u00e0 corriger la texture au fil du temps. Cette formule contient un d\u00e9riv\u00e9 du poivre de Tasmanie d\u2019origine v\u00e9g\u00e9tale dont la couleur varie selon les saisons et cette variation de couleur peut \u00eatre apparente dans la formule de temps \u00e0 autre.<\/p>\n<p>Cette formule ne doit pas \u00eatre utilis\u00e9e sur les peaux sensibles, qui p\u00e8lent ou qui sont fragilis\u00e9es.<\/p>\n<p>Le pH de cette formule est d\u2019environ 3,6. L\u2019acide glycolique a un pKa de 3,6 et le pKa est l\u2019aspect le plus important \u00e0 prendre en compte lors de la formulation d\u2019acides. pKa d\u00e9crit l\u2019acidit\u00e9 d\u2019une mol\u00e9cule. Lorsque le pKa est proche du pH, il existe un \u00e9quilibre id\u00e9al entre le sel et l\u2019acidit\u00e9, maximisant l\u2019efficacit\u00e9 de l\u2019acide et r\u00e9duisant l\u2019irritation.<\/p>\n<p><strong>L\u2019astuce ordinaire :<\/strong>\u00a0La formule multifonctionnelle peut \u00e9galement \u00eatre appliqu\u00e9e sur le cuir chevelu, o\u00f9 elle aide \u00e0 r\u00e9\u00e9quilibrer et \u00e0 r\u00e9duire la s\u00e9cheresse en hydratant la peau du cuir chevelu.<\/p>\n<p><strong>Mode d\u2019emploi :<\/strong><\/p>\n<p>Utiliser id\u00e9alement le soir, pas plus d\u2019une fois par jour. Apr\u00e8s le nettoyage, imbibez un coton de la formule et balayez sur le visage et le cou. Evitez le contour des yeux et le contact avec les yeux. Ne pas rincer. Poursuivez avec des traitements cutan\u00e9s suppl\u00e9mentaires au besoin. Le contact du produit avec la peau doit \u00eatre d\u2019une fr\u00e9quence ou d\u2019une dur\u00e9e limit\u00e9e.<\/p>","protected":false},"excerpt":{"rendered":"<p>Le tonique exfoliant \u00e0 l\u2019acide glycolique ordinaire \u00e0 7 % lisse la texture de la peau, unifie visiblement le teint et renforce l\u2019\u00e9clat lors d\u2019une utilisation quotidienne.<\/p>\n<p>Contient du poivre de Tasmanie, de l\u2019alo\u00e8s et du ginseng.<\/p>","protected":false},"featured_media":3400,"comment_status":"open","ping_status":"closed","template":"","meta":{"_joinchat":[]},"product_brand":[],"product_cat":[22],"product_tag":[241],"class_list":{"0":"post-3470","1":"product","2":"type-product","3":"status-publish","4":"has-post-thumbnail","6":"product_cat-skincare","7":"product_tag-the-ordinary","9":"first","10":"outofstock","11":"shipping-taxable","12":"purchasable","13":"product-type-simple"},"jetpack_sharing_enabled":true,"_links":{"self":[{"href":"https:\/\/olympiaboutique.com\/en\/wp-json\/wp\/v2\/product\/3470","targetHints":{"allow":["GET"]}}],"collection":[{"href":"https:\/\/olympiaboutique.com\/en\/wp-json\/wp\/v2\/product"}],"about":[{"href":"https:\/\/olympiaboutique.com\/en\/wp-json\/wp\/v2\/types\/product"}],"replies":[{"embeddable":true,"href":"https:\/\/olympiaboutique.com\/en\/wp-json\/wp\/v2\/comments?post=3470"}],"wp:featuredmedia":[{"embeddable":true,"href":"https:\/\/olympiaboutique.com\/en\/wp-json\/wp\/v2\/media\/3400"}],"wp:attachment":[{"href":"https:\/\/olympiaboutique.com\/en\/wp-json\/wp\/v2\/media?parent=3470"}],"wp:term":[{"taxonomy":"product_brand","embeddable":true,"href":"https:\/\/olympiaboutique.com\/en\/wp-json\/wp\/v2\/product_brand?post=3470"},{"taxonomy":"product_cat","embeddable":true,"href":"https:\/\/olympiaboutique.com\/en\/wp-json\/wp\/v2\/product_cat?post=3470"},{"taxonomy":"product_tag","embeddable":true,"href":"https:\/\/olympiaboutique.com\/en\/wp-json\/wp\/v2\/product_tag?post=3470"}],"curies":[{"name":"wp","href":"https:\/\/api.w.org\/{rel}","templated":true}]}}