{"id":3460,"date":"2025-10-31T11:04:02","date_gmt":"2025-10-31T11:04:02","guid":{"rendered":"https:\/\/olympiaboutique.com\/?post_type=product&#038;p=3460"},"modified":"2026-02-24T18:30:01","modified_gmt":"2026-02-24T18:30:01","slug":"dr-teals-shea-sugar-body-scrub-citrus-with-essential-oils-vitamin-c-454-g","status":"publish","type":"product","link":"https:\/\/olympiaboutique.com\/en\/product\/dr-teals-shea-sugar-body-scrub-citrus-with-essential-oils-vitamin-c-454-g\/","title":{"rendered":"Dr Teal&#8217;s Shea Sugar Body Scrub, Citrus with Essential Oils &#038; Vitamin C, 454 g"},"content":{"rendered":"<p>Commencez votre matin\u00e9e avec le parfum frais des agrumes et l\u2019hydratation du beurre de karit\u00e9 et de l\u2019huile d\u2019avocat lorsque vous utilisez le gommage corporel au sucre de karit\u00e9 aux agrumes de Dr Teal avec des huiles essentielles et de la vitamine C. Ce gommage au sucre est infus\u00e9 de vitamine C, l\u2019ingr\u00e9dient parfait pour r\u00e9veiller votre peau pendant que vous l\u2019exfoliez en douceur. Profitez d\u2019un m\u00e9lange relaxant et rafra\u00eechissant d\u2019huiles essentielles \u00e0 chaque utilisation, rendant votre routine de soins de la peau plus lumineuse et meilleure que jamais.<\/p>\n<p>Les gommages corporels au sucre de karit\u00e9 de Dr Teal sont sans parab\u00e8nes, sans phtalates, sans cruaut\u00e9 et v\u00e9g\u00e9taliens.<\/p>","protected":false},"excerpt":{"rendered":"<ul class=\"a-unordered-list a-vertical a-spacing-mini\">\n<li class=\"a-spacing-mini\"><span class=\"a-list-item\">LA ROUTINE MATINALE PARFAITE : Commencez votre journ\u00e9e avec une exfoliation rafra\u00eechissante aux agrumes<\/span><\/li>\n<li class=\"a-spacing-mini\"><span class=\"a-list-item\">FORMULE HYDRATANTE : Hydrate la peau en profondeur<\/span><\/li>\n<li class=\"a-spacing-mini\"><span class=\"a-list-item\">RAFRA\u00ceCHISSEMENT \u00c0 LA VITAMINE C : Commencez votre matin\u00e9e avec un gommage rajeunissant au sucre \u00e0 la vitamine C<\/span><\/li>\n<li class=\"a-spacing-mini\"><span class=\"a-list-item\">AM\u00c9LIOREZ VOTRE HUMEUR : Les huiles essentielles d\u2019agrumes aident \u00e0 am\u00e9liorer votre humeur<\/span><\/li>\n<li class=\"a-spacing-mini\"><span class=\"a-list-item\">HUILES ESSENTIELLES RAJEUNISSANTES : R\u00e9veillez-vous avec du beurre de karit\u00e9, de l\u2019huile d\u2019orange et de l\u2019huile d\u2019avocat<\/span><\/li>\n<li class=\"a-spacing-mini\"><span class=\"a-list-item\">EXFOLIER : Exfolie la peau en douceur et efficacement<\/span><\/li>\n<\/ul>","protected":false},"featured_media":3380,"comment_status":"open","ping_status":"closed","template":"","meta":{"_joinchat":[]},"product_brand":[],"product_cat":[22],"product_tag":[393],"class_list":{"0":"post-3460","1":"product","2":"type-product","3":"status-publish","4":"has-post-thumbnail","6":"product_cat-skincare","7":"product_tag-dr-teals","9":"first","10":"instock","11":"shipping-taxable","12":"purchasable","13":"product-type-simple"},"jetpack_sharing_enabled":true,"_links":{"self":[{"href":"https:\/\/olympiaboutique.com\/en\/wp-json\/wp\/v2\/product\/3460","targetHints":{"allow":["GET"]}}],"collection":[{"href":"https:\/\/olympiaboutique.com\/en\/wp-json\/wp\/v2\/product"}],"about":[{"href":"https:\/\/olympiaboutique.com\/en\/wp-json\/wp\/v2\/types\/product"}],"replies":[{"embeddable":true,"href":"https:\/\/olympiaboutique.com\/en\/wp-json\/wp\/v2\/comments?post=3460"}],"wp:featuredmedia":[{"embeddable":true,"href":"https:\/\/olympiaboutique.com\/en\/wp-json\/wp\/v2\/media\/3380"}],"wp:attachment":[{"href":"https:\/\/olympiaboutique.com\/en\/wp-json\/wp\/v2\/media?parent=3460"}],"wp:term":[{"taxonomy":"product_brand","embeddable":true,"href":"https:\/\/olympiaboutique.com\/en\/wp-json\/wp\/v2\/product_brand?post=3460"},{"taxonomy":"product_cat","embeddable":true,"href":"https:\/\/olympiaboutique.com\/en\/wp-json\/wp\/v2\/product_cat?post=3460"},{"taxonomy":"product_tag","embeddable":true,"href":"https:\/\/olympiaboutique.com\/en\/wp-json\/wp\/v2\/product_tag?post=3460"}],"curies":[{"name":"wp","href":"https:\/\/api.w.org\/{rel}","templated":true}]}}