{"id":345,"date":"2023-10-06T17:42:31","date_gmt":"2023-10-06T17:42:31","guid":{"rendered":"https:\/\/olympiaboutique.com\/?post_type=product&#038;p=345"},"modified":"2025-12-01T04:17:41","modified_gmt":"2025-12-01T04:17:41","slug":"natures-bounty-zinc","status":"publish","type":"product","link":"https:\/\/olympiaboutique.com\/en\/product\/natures-bounty-zinc\/","title":{"rendered":"Nature\u2019s Bounty Zinc, Soutien immunitaire, 50 mg, Caplets, 400 Ct"},"content":{"rendered":"<p>Le zinc a de grands bienfaits sur le syst\u00e8me immunitaire, les cheveux et la peau. C\u2019est un oligo-\u00e9l\u00e9ment, c\u2019est-\u00e0-dire que l\u2019organisme en a besoin mais en petite quantit\u00e9.<br \/>\nImportant dans la cr\u00e9ation d\u2019ADN, la croissance cellulaire, la construction de prot\u00e9ines et la gu\u00e9rison des tissus endommag\u00e9s, ce compl\u00e9ment aide \u00e9galement \u00e0 maintenir un syst\u00e8me immunitaire sain.<br \/>\nDe plus, il favorise la synth\u00e8se de k\u00e9ratine et de collag\u00e8ne, aidant ainsi \u00e0 pr\u00e9venir le vieillissement pr\u00e9matur\u00e9 du cheveu et m\u00eame \u00e0 prot\u00e9ger sa pigmentation. Enfin, participant \u00e0 la constitution de la k\u00e9ratine, il favorise le renforcement des cheveux et des ongles.<\/p>","protected":false},"excerpt":{"rendered":"<p><strong>Bienfaits<\/strong><\/p>\n<ul>\n<li>Aide \u00e0 soutenir la fonction immunitaire et \u00e0 maintenir la capacit\u00e9 du corps \u00e0 m\u00e9taboliser les nutriments.<\/li>\n<li>Aide \u00e0 maintenir une peau et des os sains.<\/li>\n<li>Contribue au maintien de la sant\u00e9 g\u00e9n\u00e9rale.<\/li>\n<\/ul>\n<p><strong>Usage sugg\u00e9r\u00e9\u00a0:<\/strong><span style=\"\">Chez l\u2019adulte, prenez un (1) comprim\u00e9-capsule par jour, de pr\u00e9f\u00e9rence au cours d\u2019un repas.<\/span><\/p>","protected":false},"featured_media":346,"comment_status":"open","ping_status":"closed","template":"","meta":{"_joinchat":[]},"product_brand":[],"product_cat":[17],"product_tag":[33],"class_list":{"0":"post-345","1":"product","2":"type-product","3":"status-publish","4":"has-post-thumbnail","6":"product_cat-vitamines","7":"product_tag-natures-bounty-zinc","9":"first","10":"outofstock","11":"shipping-taxable","12":"purchasable","13":"product-type-simple"},"jetpack_sharing_enabled":true,"_links":{"self":[{"href":"https:\/\/olympiaboutique.com\/en\/wp-json\/wp\/v2\/product\/345","targetHints":{"allow":["GET"]}}],"collection":[{"href":"https:\/\/olympiaboutique.com\/en\/wp-json\/wp\/v2\/product"}],"about":[{"href":"https:\/\/olympiaboutique.com\/en\/wp-json\/wp\/v2\/types\/product"}],"replies":[{"embeddable":true,"href":"https:\/\/olympiaboutique.com\/en\/wp-json\/wp\/v2\/comments?post=345"}],"wp:featuredmedia":[{"embeddable":true,"href":"https:\/\/olympiaboutique.com\/en\/wp-json\/wp\/v2\/media\/346"}],"wp:attachment":[{"href":"https:\/\/olympiaboutique.com\/en\/wp-json\/wp\/v2\/media?parent=345"}],"wp:term":[{"taxonomy":"product_brand","embeddable":true,"href":"https:\/\/olympiaboutique.com\/en\/wp-json\/wp\/v2\/product_brand?post=345"},{"taxonomy":"product_cat","embeddable":true,"href":"https:\/\/olympiaboutique.com\/en\/wp-json\/wp\/v2\/product_cat?post=345"},{"taxonomy":"product_tag","embeddable":true,"href":"https:\/\/olympiaboutique.com\/en\/wp-json\/wp\/v2\/product_tag?post=345"}],"curies":[{"name":"wp","href":"https:\/\/api.w.org\/{rel}","templated":true}]}}