{"id":3365,"date":"2025-10-30T15:32:35","date_gmt":"2025-10-30T15:32:35","guid":{"rendered":"https:\/\/olympiaboutique.com\/?post_type=product&#038;p=3365"},"modified":"2025-12-11T09:47:14","modified_gmt":"2025-12-11T09:47:14","slug":"tree-hut-creme-corporelle-fouettee-vitamine-c","status":"publish","type":"product","link":"https:\/\/olympiaboutique.com\/en\/product\/tree-hut-creme-corporelle-fouettee-vitamine-c\/","title":{"rendered":"TREE HUT, Cr\u00e9me Corporelle Fouett\u00e9e Vitamine C, 240g"},"content":{"rendered":"<p>Redonnez \u00e0 votre peau l\u2019hydratation dont elle a besoin avec la cr\u00e8me fouett\u00e9e vitamine C sans la sensation de lourdeur des beurres corporels traditionnels. Cette formule l\u00e9g\u00e8re et a\u00e9r\u00e9e glisse sur la peau sans l\u00e9siner sur l\u2019hydratation. Le beurre corporel fouett\u00e9 \u00e0 la vitamine C formul\u00e9 avec de la vitamine C, des AHAs et du beurre de Karit\u00e9 est le traitement parfait pour la peau apr\u00e8s le bain ou comme rafra\u00eechissement de la peau. Le parfum stimulant de l\u2019\u00e9clat de la vitamine C laissera votre peau douce, lisse, hydrat\u00e9e et d\u00e9licieusement parfum\u00e9e!<\/p>\n<h3><strong>Conseils d\u2019utilisation<\/strong><\/h3>\n<p>Tous les jours matin ou soir massez la cr\u00e8me sur l\u2019ensemble du corps. Insistez sur les zones tr\u00e8s s\u00e8ches (coudes, genoux, talons). Cette cr\u00e8me permet de s\u2019habiller juste apr\u00e8s son application.<\/p>","protected":false},"excerpt":{"rendered":"<ul>\n<li>Stimule la production de collag\u00e8ne, tout en \u00e9claircissant, raffermissant et uniformisant le teint.<\/li>\n<li>Revitalise le teint et \u00e9limine l&#8217;accumulation de peau terne.<\/li>\n<li>Hydrate en profondeur, nourrit et adoucit la peau tout en aidant \u00e0 am\u00e9liorer son \u00e9lasticit\u00e9.<\/li>\n<\/ul>","protected":false},"featured_media":3368,"comment_status":"open","ping_status":"closed","template":"","meta":{"_joinchat":[]},"product_brand":[],"product_cat":[22],"product_tag":[321],"class_list":{"0":"post-3365","1":"product","2":"type-product","3":"status-publish","4":"has-post-thumbnail","6":"product_cat-skincare","7":"product_tag-tree-hut","9":"first","10":"outofstock","11":"shipping-taxable","12":"purchasable","13":"product-type-simple"},"jetpack_sharing_enabled":true,"_links":{"self":[{"href":"https:\/\/olympiaboutique.com\/en\/wp-json\/wp\/v2\/product\/3365","targetHints":{"allow":["GET"]}}],"collection":[{"href":"https:\/\/olympiaboutique.com\/en\/wp-json\/wp\/v2\/product"}],"about":[{"href":"https:\/\/olympiaboutique.com\/en\/wp-json\/wp\/v2\/types\/product"}],"replies":[{"embeddable":true,"href":"https:\/\/olympiaboutique.com\/en\/wp-json\/wp\/v2\/comments?post=3365"}],"wp:featuredmedia":[{"embeddable":true,"href":"https:\/\/olympiaboutique.com\/en\/wp-json\/wp\/v2\/media\/3368"}],"wp:attachment":[{"href":"https:\/\/olympiaboutique.com\/en\/wp-json\/wp\/v2\/media?parent=3365"}],"wp:term":[{"taxonomy":"product_brand","embeddable":true,"href":"https:\/\/olympiaboutique.com\/en\/wp-json\/wp\/v2\/product_brand?post=3365"},{"taxonomy":"product_cat","embeddable":true,"href":"https:\/\/olympiaboutique.com\/en\/wp-json\/wp\/v2\/product_cat?post=3365"},{"taxonomy":"product_tag","embeddable":true,"href":"https:\/\/olympiaboutique.com\/en\/wp-json\/wp\/v2\/product_tag?post=3365"}],"curies":[{"name":"wp","href":"https:\/\/api.w.org\/{rel}","templated":true}]}}