{"id":3354,"date":"2025-10-29T12:43:04","date_gmt":"2025-10-29T12:43:04","guid":{"rendered":"https:\/\/olympiaboutique.com\/?post_type=product&#038;p=3354"},"modified":"2026-03-10T19:59:45","modified_gmt":"2026-03-10T19:59:45","slug":"coca-cola-flavors-mini-cans-variety-paquet-de-30","status":"publish","type":"product","link":"https:\/\/olympiaboutique.com\/en\/product\/coca-cola-flavors-mini-cans-variety-paquet-de-30\/","title":{"rendered":"Coca-Cola Flavors Mini Cans Variety (paquet de 30)"},"content":{"rendered":"<p>Coca-Cola Flavors Mini Cans Variety Pack 7,5 onces liquides (paquet de 30) Ce mini pack vari\u00e9 est le compl\u00e9ment id\u00e9al \u00e0 une vari\u00e9t\u00e9 de param\u00e8tres. Ouvrez un cas et partagez-le avec vos amis et votre famille pour une pause rafra\u00eechissante que tout le monde appr\u00e9ciera. Savourez le go\u00fbt de trois d\u00e9licieuses marques Coca-Cola : Sprite, Cherry Coke et Fanta Orange. Vous avez soif. Et il ne peut pas \u00eatre \u00e9teint par n\u2019importe quel soda aux agrumes.<\/p>\n<p>Vous avez besoin d\u2019un go\u00fbt qui se d\u00e9marque, qui coupe \u00e0 travers le bruit pour que vous puissiez laisser votre marque. La saveur fra\u00eeche et croquante de citron-lime de Sprite vous gardera revigor\u00e9 et inspir\u00e9. Tu sais pourquoi? Parce que Sprite reste authentique, tout comme vous lorsque vous poursuivez vos passions.<\/p>\n<p>Pas de caf\u00e9ine. Juste vous, une saveur embl\u00e9matique, et tout ce \u00e0 quoi vous pouvez penser ensuite. Soda. Pop. Boisson gazeuse. Boisson p\u00e9tillante. Quel que soit le nom que vous lui donnez, rien n\u2019est comparable au go\u00fbt rafra\u00eechissant et croquant de la cerise Coca-Cola. Un peu de saveur peut faire beaucoup de magie et Coca-Cola Cherry est l\u00e0 pour faire le bonheur de vos papilles. \u00c0 d\u00e9guster entre amis, en d\u00e9placement ou avec un repas. Quelle que soit l\u2019occasion, Coca-Cola Cherry rend les moments sp\u00e9ciaux de la vie un peu meilleurs. Chaque gorg\u00e9e, chaque ahhh, chaque sourire retrouve ce sentiment avec Coca-Cola Cherry. Fanta Orange pr\u00eat \u00e0 partir, la d\u00e9cision est facile. Pourquoi? Eh bien, il a le go\u00fbt d\u2019\u00eatre m\u00fbr de l\u2019arbre. L\u2019orange le plus orang\u00e9 que vous puissiez imaginer. Tout simplement une saveur d\u2019agrumes embl\u00e9matique, comme un coucher de soleil sans caf\u00e9ine sur la plage, o\u00f9 vous vivez l\u2019instant pr\u00e9sent, visez les \u00e9toiles et d\u00e9couvrez-les pendant que vous y \u00eates. Il a un go\u00fbt si brillant qu\u2019il fait partie du programme des surdou\u00e9s. Une saveur effervescente et luminescente et toutes les autres senteurs. Fanta fabrique de d\u00e9licieuses saveurs comme celle-ci depuis litt\u00e9ralement longtemps. Pas long jurassique, ou comme une tortue dont la dur\u00e9e de vie est longue, mais tr\u00e8s probablement avant votre naissance<\/p>","protected":false},"excerpt":{"rendered":"<p><strong>Bienfaits<\/strong><\/p>\n<ul class=\"features-points\">\n<li>30 Paquet de mini canettes rafraichissantes<\/li>\n<li>pas de caf\u00e9ine<\/li>\n<li>Ar\u00f4mes 100% naturels<\/li>\n<li>Id\u00e9al pour la route<\/li>\n<li>Parfait pour les f\u00eates<\/li>\n<\/ul>","protected":false},"featured_media":3337,"comment_status":"open","ping_status":"closed","template":"","meta":{"_joinchat":[]},"product_brand":[],"product_cat":[23],"product_tag":[388],"class_list":{"0":"post-3354","1":"product","2":"type-product","3":"status-publish","4":"has-post-thumbnail","6":"product_cat-food","7":"product_tag-mini-cans-variety","9":"first","10":"outofstock","11":"sale","12":"shipping-taxable","13":"purchasable","14":"product-type-simple"},"jetpack_sharing_enabled":true,"_links":{"self":[{"href":"https:\/\/olympiaboutique.com\/en\/wp-json\/wp\/v2\/product\/3354","targetHints":{"allow":["GET"]}}],"collection":[{"href":"https:\/\/olympiaboutique.com\/en\/wp-json\/wp\/v2\/product"}],"about":[{"href":"https:\/\/olympiaboutique.com\/en\/wp-json\/wp\/v2\/types\/product"}],"replies":[{"embeddable":true,"href":"https:\/\/olympiaboutique.com\/en\/wp-json\/wp\/v2\/comments?post=3354"}],"wp:featuredmedia":[{"embeddable":true,"href":"https:\/\/olympiaboutique.com\/en\/wp-json\/wp\/v2\/media\/3337"}],"wp:attachment":[{"href":"https:\/\/olympiaboutique.com\/en\/wp-json\/wp\/v2\/media?parent=3354"}],"wp:term":[{"taxonomy":"product_brand","embeddable":true,"href":"https:\/\/olympiaboutique.com\/en\/wp-json\/wp\/v2\/product_brand?post=3354"},{"taxonomy":"product_cat","embeddable":true,"href":"https:\/\/olympiaboutique.com\/en\/wp-json\/wp\/v2\/product_cat?post=3354"},{"taxonomy":"product_tag","embeddable":true,"href":"https:\/\/olympiaboutique.com\/en\/wp-json\/wp\/v2\/product_tag?post=3354"}],"curies":[{"name":"wp","href":"https:\/\/api.w.org\/{rel}","templated":true}]}}