{"id":3352,"date":"2025-10-29T11:37:15","date_gmt":"2025-10-29T11:37:15","guid":{"rendered":"https:\/\/olympiaboutique.com\/?post_type=product&#038;p=3352"},"modified":"2026-02-20T22:17:55","modified_gmt":"2026-02-20T22:17:55","slug":"premier-protein-vanilla-milkshake-35-servings-1370-g","status":"publish","type":"product","link":"https:\/\/olympiaboutique.com\/en\/product\/premier-protein-vanilla-milkshake-35-servings-1370-g\/","title":{"rendered":"Premier Protein Vanilla Milkshake 35 Servings, 1370 g"},"content":{"rendered":"<div class=\"feature\"><strong>Haute teneur en prot\u00e9ines<\/strong><\/div>\n<div class=\"description\">Chaque portion fournit 30 g de prot\u00e9ines de lactos\u00e9rum de haute qualit\u00e9, id\u00e9ales pour la r\u00e9cup\u00e9ration et la croissance musculaire, ce qui la rend parfaite pour les amateurs de fitness et les athl\u00e8tes.<\/div>\n<div>\n<div class=\"feature\"><strong>De d\u00e9licieuses saveurs<\/strong><\/div>\n<div class=\"description\">Profitez du go\u00fbt riche du milkshake \u00e0 la vanille sans aucun compromis sur la valeur nutritionnelle, en satisfaisant les papilles tout en soutenant les objectifs de sant\u00e9.<\/div>\n<\/div>\n<h3>1g de sucre<\/h3>\n<h3>100\u00a0% prot\u00e9ines de lactos\u00e9rum<\/h3>\n<p>Il s\u2019agit de prot\u00e9ines que votre corps peut absorber et dig\u00e9rer rapidement, ce qui vous permet d\u2019obtenir les nutriments n\u00e9cessaires pour nourrir vos muscles, rapidement.<\/p>\n<h3>Sans gluten, sans ingr\u00e9dients \u00e0 base de soja<\/h3>\n<p>Vous ne devriez pas avoir \u00e0 vous soucier du gluten et des ingr\u00e9dients de soja dans vos poudres de prot\u00e9ines.<\/p>","protected":false},"excerpt":{"rendered":"<p><strong>Bienfaits<\/strong><\/p>\n<ul>\n<li>35 portions de poudre de prot\u00e9ines de lactos\u00e9rum 100 % Premier Protein<\/li>\n<li>Ajoutez une boule de poudre de prot\u00e9ine aromatis\u00e9e \u00e0 la vanille \u00e0 votre smoothie et vous serez convaincu qu\u2019il n\u2019existe pas de \u00ab vanille ordinaire \u00bb. Avec autant de douceur, vos recettes prot\u00e9in\u00e9es pr\u00e9f\u00e9r\u00e9es sont sur le point de devenir beaucoup plus savoureuses, tout en vous aidant \u00e0 int\u00e9grer la nutrition sur laquelle vous comptez chaque jour<\/li>\n<li>30 g de prot\u00e9ines par portion, sans gluten, sans soja, compatible avec les r\u00e9gimes c\u00e9to, compatible avec les r\u00e9gimes bariatriques.<\/li>\n<li>Cr\u00e9ez ce dont vous avez envie avec la poudre de lactos\u00e9rum 100 % Premier Protein !<\/li>\n<li>Cette poudre au go\u00fbt d\u00e9licieux se fond parfaitement dans les shakes, les smoothies, les produits de boulangerie et lorsqu\u2019elle est simplement m\u00e9lang\u00e9e avec de l\u2019eau ou votre lait pr\u00e9f\u00e9r\u00e9<\/li>\n<\/ul>","protected":false},"featured_media":3340,"comment_status":"open","ping_status":"closed","template":"","meta":{"_joinchat":[]},"product_brand":[],"product_cat":[23],"product_tag":[378],"class_list":{"0":"post-3352","1":"product","2":"type-product","3":"status-publish","4":"has-post-thumbnail","6":"product_cat-food","7":"product_tag-premier-protein","9":"first","10":"instock","11":"sale","12":"shipping-taxable","13":"purchasable","14":"product-type-simple"},"jetpack_sharing_enabled":true,"_links":{"self":[{"href":"https:\/\/olympiaboutique.com\/en\/wp-json\/wp\/v2\/product\/3352","targetHints":{"allow":["GET"]}}],"collection":[{"href":"https:\/\/olympiaboutique.com\/en\/wp-json\/wp\/v2\/product"}],"about":[{"href":"https:\/\/olympiaboutique.com\/en\/wp-json\/wp\/v2\/types\/product"}],"replies":[{"embeddable":true,"href":"https:\/\/olympiaboutique.com\/en\/wp-json\/wp\/v2\/comments?post=3352"}],"wp:featuredmedia":[{"embeddable":true,"href":"https:\/\/olympiaboutique.com\/en\/wp-json\/wp\/v2\/media\/3340"}],"wp:attachment":[{"href":"https:\/\/olympiaboutique.com\/en\/wp-json\/wp\/v2\/media?parent=3352"}],"wp:term":[{"taxonomy":"product_brand","embeddable":true,"href":"https:\/\/olympiaboutique.com\/en\/wp-json\/wp\/v2\/product_brand?post=3352"},{"taxonomy":"product_cat","embeddable":true,"href":"https:\/\/olympiaboutique.com\/en\/wp-json\/wp\/v2\/product_cat?post=3352"},{"taxonomy":"product_tag","embeddable":true,"href":"https:\/\/olympiaboutique.com\/en\/wp-json\/wp\/v2\/product_tag?post=3352"}],"curies":[{"name":"wp","href":"https:\/\/api.w.org\/{rel}","templated":true}]}}