{"id":3348,"date":"2025-10-29T09:33:59","date_gmt":"2025-10-29T09:33:59","guid":{"rendered":"https:\/\/olympiaboutique.com\/?post_type=product&#038;p=3348"},"modified":"2026-03-10T20:00:13","modified_gmt":"2026-03-10T20:00:13","slug":"premier-protein-caramel-shakes-pack-18","status":"publish","type":"product","link":"https:\/\/olympiaboutique.com\/en\/product\/premier-protein-caramel-shakes-pack-18\/","title":{"rendered":"PREMIER PROTEIN CARAMEL SHAKES, PACK DE 18"},"content":{"rendered":"<ul class=\"a-unordered-list a-vertical a-spacing-mini\">\n<li class=\"a-spacing-mini\"><span class=\"a-list-item\">RICHE EN PROT\u00c9INES ET SANS SUCRE AJOUT\u00c9 : 30 g de prot\u00e9ines et sans sucre ajout\u00e9 par shake alimentent votre corps pour que vous puissiez affronter la journ\u00e9e<\/span><\/li>\n<li class=\"a-spacing-mini\"><span class=\"a-list-item\">SUR LE POUCE : Pr\u00eat \u00e0 boire et portable pour le matin, les entra\u00eenements, les collations de l\u2019apr\u00e8s-midi ou chaque fois que vous voulez un shake savoureux qui s\u2019adapte \u00e0 votre style de vie<\/span><\/li>\n<li class=\"a-spacing-mini\"><span class=\"a-list-item\">D\u00c9LICE ONCTUEUX : Des saveurs cr\u00e9meuses et d\u00e9licieuses comme le chocolat, la vanille, le caramel et le caf\u00e9 latte, pour que vous puissiez adoucir votre journ\u00e9e et savourer les moments qui alimentent votre style de vie<\/span><\/li>\n<li class=\"a-spacing-mini\"><span class=\"a-list-item\">ADOUCISSEZ VOTRE VOYAGE : Faites partie d\u2019un mouvement qui rend la vie quotidienne savoureuse et joyeuse. Premier Protein, c\u2019est embrasser la vie et se sentir au mieux de sa forme<\/span><\/li>\n<li class=\"a-spacing-mini\"><span class=\"a-list-item\">UNE NUTRITION EN LAQUELLE VOUS POUVEZ AVOIR CONFIANCE : Sans gluten et contenant\u00a0 des vitamines et min\u00e9raux essentiels, de sorte que chaque gorg\u00e9e soutient votre mode de vie et ajoute une touche de bienfaits \u00e0 votre routine quotidienne<\/span><\/li>\n<\/ul>","protected":false},"excerpt":{"rendered":"<p><strong>Bienfaits<\/strong><\/p>\n<ul>\n<li><strong>Haute teneur en prot\u00e9ines<\/strong><\/li>\n<li>Chaque shake fournit 30 grammes de prot\u00e9ines, ce qui en fait un choix id\u00e9al pour la r\u00e9cup\u00e9ration musculaire et la sati\u00e9t\u00e9, parfait pour les amateurs de fitness et les personnes en d\u00e9placement.<\/li>\n<li><strong>D\u00e9licieuse saveur<\/strong><\/li>\n<li>La riche saveur du caramel offre une friandise satisfaisante sans culpabilit\u00e9, attrayante pour les consommateurs soucieux de leur sant\u00e9 qui recherchent l&#8217;indulgence sans calories excessives.<\/li>\n<li class=\"feature\"><strong>Formule \u00e0 faible teneur en sucre<\/strong><\/li>\n<li class=\"description\">Avec seulement 1 gramme de sucre par shake, les shakes au caramel Premier Protein r\u00e9pondent efficacement aux besoins alimentaires tout en conservant un bon go\u00fbt.<\/li>\n<\/ul>","protected":false},"featured_media":3344,"comment_status":"open","ping_status":"closed","template":"","meta":{"_joinchat":[]},"product_brand":[],"product_cat":[23],"product_tag":[378],"class_list":{"0":"post-3348","1":"product","2":"type-product","3":"status-publish","4":"has-post-thumbnail","6":"product_cat-food","7":"product_tag-premier-protein","9":"first","10":"outofstock","11":"sale","12":"shipping-taxable","13":"purchasable","14":"product-type-simple"},"jetpack_sharing_enabled":true,"_links":{"self":[{"href":"https:\/\/olympiaboutique.com\/en\/wp-json\/wp\/v2\/product\/3348","targetHints":{"allow":["GET"]}}],"collection":[{"href":"https:\/\/olympiaboutique.com\/en\/wp-json\/wp\/v2\/product"}],"about":[{"href":"https:\/\/olympiaboutique.com\/en\/wp-json\/wp\/v2\/types\/product"}],"replies":[{"embeddable":true,"href":"https:\/\/olympiaboutique.com\/en\/wp-json\/wp\/v2\/comments?post=3348"}],"wp:featuredmedia":[{"embeddable":true,"href":"https:\/\/olympiaboutique.com\/en\/wp-json\/wp\/v2\/media\/3344"}],"wp:attachment":[{"href":"https:\/\/olympiaboutique.com\/en\/wp-json\/wp\/v2\/media?parent=3348"}],"wp:term":[{"taxonomy":"product_brand","embeddable":true,"href":"https:\/\/olympiaboutique.com\/en\/wp-json\/wp\/v2\/product_brand?post=3348"},{"taxonomy":"product_cat","embeddable":true,"href":"https:\/\/olympiaboutique.com\/en\/wp-json\/wp\/v2\/product_cat?post=3348"},{"taxonomy":"product_tag","embeddable":true,"href":"https:\/\/olympiaboutique.com\/en\/wp-json\/wp\/v2\/product_tag?post=3348"}],"curies":[{"name":"wp","href":"https:\/\/api.w.org\/{rel}","templated":true}]}}