{"id":334,"date":"2023-10-06T13:19:48","date_gmt":"2023-10-06T13:19:48","guid":{"rendered":"https:\/\/olympiaboutique.com\/?post_type=product&#038;p=334"},"modified":"2025-12-01T04:17:41","modified_gmt":"2025-12-01T04:17:41","slug":"natures-truth-ultra-collagen","status":"publish","type":"product","link":"https:\/\/olympiaboutique.com\/en\/product\/natures-truth-ultra-collagen\/","title":{"rendered":"Nature\u2019s Truth Peptides de collag\u00e8ne hydrolys\u00e9s, 3000 mg | 90 caplets | Type 1 et 3 avec vitamine C"},"content":{"rendered":"<p>Nature\u2019s Truth Hydrolyzed Ultra Collagen + C est sp\u00e9cialement formul\u00e9 pour vous faire sentir belle !<\/p>\n<p>Le collag\u00e8ne se trouve dans les tissus conjonctifs de notre corps. Les types de collag\u00e8ne 1 et 3 peuvent favoriser des cheveux, une peau et des ongles magnifiques ; mais Nature\u2019s Truth Ultra Collagen contient \u00e9galement de la vitamine C. Ce joli m\u00e9lange soutiendra non seulement votre beaut\u00e9 naturelle, mais \u00e9galement votre mode de vie sain en m\u00eame temps.<\/p>\n<p>Notre formule est compos\u00e9e de peptides nourris \u00e0 l\u2019herbe, vous savez donc que vous obtenez les meilleurs types de collag\u00e8ne dans ces caplets enrob\u00e9s faciles \u00e0 avaler. Les prendre r\u00e9guli\u00e8rement est un moyen pratique de renforcer votre routine beaut\u00e9 et de d\u00e9velopper votre confiance.<br \/>\nCette vitamine est sans OGM, sans gluten, sans bl\u00e9, sans levure, sans lait, sans lactose, sans soja, sans colorants artificiels, sans ar\u00f4mes artificiels, sans \u00e9dulcorants artificiels et sans conservateurs.<\/p>","protected":false},"excerpt":{"rendered":"<p><strong>Bienfaits<\/strong><\/p>\n<p>L\u2019ultra collag\u00e8ne + C hydrolys\u00e9 de Nature\u2019s Truth\u00ae est sp\u00e9cialement formul\u00e9 pour vous faire sentir belle !<\/p>\n<p>Le collag\u00e8ne de types 1 et 3 peut favoriser de magnifiques cheveux, une peau et des ongles\u2020 ; mais Nature\u2019s Truth\u00ae Ultra Collagen contient \u00e9galement de la vitamine C. Ce joli m\u00e9lange soutiendra non seulement votre beaut\u00e9 naturelle, mais aussi votre mode de vie sain.<\/p>\n<ul>\n<li>Cheveux, peau et ongles magnifiques<\/li>\n<li>Compl\u00e9ment alimentaire<\/li>\n<li>Formule de beaut\u00e9 sp\u00e9cialis\u00e9e<\/li>\n<\/ul>\n<p><b>Usage sugg\u00e9r\u00e9 :Pour les adultes, prenez trois (3) capelets enrob\u00e9s deux fois par jour, de pr\u00e9f\u00e9rence \u00e0 jeun<\/b>.<\/p>","protected":false},"featured_media":335,"comment_status":"open","ping_status":"closed","template":"","meta":{"_joinchat":[]},"product_brand":[],"product_cat":[17],"product_tag":[28],"class_list":{"0":"post-334","1":"product","2":"type-product","3":"status-publish","4":"has-post-thumbnail","6":"product_cat-vitamines","7":"product_tag-natures-truth-ultra-collagenc","9":"first","10":"outofstock","11":"shipping-taxable","12":"purchasable","13":"product-type-simple"},"jetpack_sharing_enabled":true,"_links":{"self":[{"href":"https:\/\/olympiaboutique.com\/en\/wp-json\/wp\/v2\/product\/334","targetHints":{"allow":["GET"]}}],"collection":[{"href":"https:\/\/olympiaboutique.com\/en\/wp-json\/wp\/v2\/product"}],"about":[{"href":"https:\/\/olympiaboutique.com\/en\/wp-json\/wp\/v2\/types\/product"}],"replies":[{"embeddable":true,"href":"https:\/\/olympiaboutique.com\/en\/wp-json\/wp\/v2\/comments?post=334"}],"wp:featuredmedia":[{"embeddable":true,"href":"https:\/\/olympiaboutique.com\/en\/wp-json\/wp\/v2\/media\/335"}],"wp:attachment":[{"href":"https:\/\/olympiaboutique.com\/en\/wp-json\/wp\/v2\/media?parent=334"}],"wp:term":[{"taxonomy":"product_brand","embeddable":true,"href":"https:\/\/olympiaboutique.com\/en\/wp-json\/wp\/v2\/product_brand?post=334"},{"taxonomy":"product_cat","embeddable":true,"href":"https:\/\/olympiaboutique.com\/en\/wp-json\/wp\/v2\/product_cat?post=334"},{"taxonomy":"product_tag","embeddable":true,"href":"https:\/\/olympiaboutique.com\/en\/wp-json\/wp\/v2\/product_tag?post=334"}],"curies":[{"name":"wp","href":"https:\/\/api.w.org\/{rel}","templated":true}]}}