{"id":3313,"date":"2025-10-28T16:37:49","date_gmt":"2025-10-28T16:37:49","guid":{"rendered":"https:\/\/olympiaboutique.com\/?post_type=product&#038;p=3313"},"modified":"2026-03-10T20:00:52","modified_gmt":"2026-03-10T20:00:52","slug":"palmers-hand-body-cocoa-butter-formula-200g","status":"publish","type":"product","link":"https:\/\/olympiaboutique.com\/en\/product\/palmers-hand-body-cocoa-butter-formula-200g\/","title":{"rendered":"Palmer\u2019s Hand &#038; Body Cocoa Butter Formula, 200g"},"content":{"rendered":"<p>Le pot original Palmer&#8217;s au beurre de cacao hydrate en profondeur tout le corps. Contrairement \u00e0 une lotion, une cr\u00e8me ou un onguent, cette formule unique de baume-lotion au beurre de cacao pur fond sur la peau d\u00e8s son contact, cr\u00e9ant une barri\u00e8re protectrice qui retient l&#8217;hydratation pendant 48 heures.<\/p>\n<p>Compos\u00e9 de beurre de cacao naturel et de vitamine E, ce produit multi-usages offre plus de 101 utilisations\u00a0: baume \u00e0 l\u00e8vres quotidien, apaise les l\u00e8vres gerc\u00e9es, apaise l&#8217;ecz\u00e9ma, calme les d\u00e9mangeaisons, d\u00e9maquille, base de rouge \u00e0 l\u00e8vres, substitut de mousse \u00e0 raser, hydratant quotidien pour les mains, huile de massage, soin apr\u00e8s-tatouage, nettoyant pour chaussures, hydratant sous la douche, et bien plus encore. Des peaux normales aux peaux s\u00e8ches en passant par les peaux \u00e0 tendance ecz\u00e9mateuse, cette formule solide riche en \u00e9mollients soigne et adoucit efficacement, laissant la peau lisse, souple et \u00e9clatante de beaut\u00e9. Id\u00e9ale pour une hydratation quotidienne, elle est \u00e9galement id\u00e9ale pour les soins de nuit.<\/p>\n<p>Ce produit de soin est \u00e9galement con\u00e7u pour lisser et tonifier la peau afin d\u2019aider \u00e0 r\u00e9duire la visibilit\u00e9 des marques et des cicatrices.<\/p>","protected":false},"excerpt":{"rendered":"<ul>\n<li><span dir=\"auto\">Soulage la peau rugueuse et s\u00e8che<\/span><\/li>\n<li><span dir=\"auto\">Hydratation 48 heures<\/span><\/li>\n<li><span dir=\"auto\">Recommand\u00e9 par les dermatologues<\/span><\/li>\n<li><span dir=\"auto\">Lisse les marques et tonifie la peau<\/span><\/li>\n<li><span dir=\"auto\">Convient aux peaux sujettes \u00e0 l&#8217;ecz\u00e9ma<\/span><\/li>\n<li><span dir=\"auto\">Beurre de cacao Palmer&#8217;s<\/span><\/li>\n<\/ul>","protected":false},"featured_media":3281,"comment_status":"open","ping_status":"closed","template":"","meta":{"_joinchat":[]},"product_brand":[],"product_cat":[22],"product_tag":[386],"class_list":{"0":"post-3313","1":"product","2":"type-product","3":"status-publish","4":"has-post-thumbnail","6":"product_cat-skincare","7":"product_tag-palmers","9":"first","10":"outofstock","11":"shipping-taxable","12":"purchasable","13":"product-type-simple"},"jetpack_sharing_enabled":true,"_links":{"self":[{"href":"https:\/\/olympiaboutique.com\/en\/wp-json\/wp\/v2\/product\/3313","targetHints":{"allow":["GET"]}}],"collection":[{"href":"https:\/\/olympiaboutique.com\/en\/wp-json\/wp\/v2\/product"}],"about":[{"href":"https:\/\/olympiaboutique.com\/en\/wp-json\/wp\/v2\/types\/product"}],"replies":[{"embeddable":true,"href":"https:\/\/olympiaboutique.com\/en\/wp-json\/wp\/v2\/comments?post=3313"}],"wp:featuredmedia":[{"embeddable":true,"href":"https:\/\/olympiaboutique.com\/en\/wp-json\/wp\/v2\/media\/3281"}],"wp:attachment":[{"href":"https:\/\/olympiaboutique.com\/en\/wp-json\/wp\/v2\/media?parent=3313"}],"wp:term":[{"taxonomy":"product_brand","embeddable":true,"href":"https:\/\/olympiaboutique.com\/en\/wp-json\/wp\/v2\/product_brand?post=3313"},{"taxonomy":"product_cat","embeddable":true,"href":"https:\/\/olympiaboutique.com\/en\/wp-json\/wp\/v2\/product_cat?post=3313"},{"taxonomy":"product_tag","embeddable":true,"href":"https:\/\/olympiaboutique.com\/en\/wp-json\/wp\/v2\/product_tag?post=3313"}],"curies":[{"name":"wp","href":"https:\/\/api.w.org\/{rel}","templated":true}]}}