{"id":3310,"date":"2025-10-28T16:20:51","date_gmt":"2025-10-28T16:20:51","guid":{"rendered":"https:\/\/olympiaboutique.com\/?post_type=product&#038;p=3310"},"modified":"2025-12-01T04:26:34","modified_gmt":"2025-12-01T04:26:34","slug":"olay-collagen-peptides-body-lotion-502-ml","status":"publish","type":"product","link":"https:\/\/olympiaboutique.com\/en\/product\/olay-collagen-peptides-body-lotion-502-ml\/","title":{"rendered":"Olay Collagen Peptides, Body Lotion-502 ml"},"content":{"rendered":"<p>Renforcez le teint de votre peau avec la Lotion Corporelle Raffermissante et Hydratante Olay. Cette lotion hydratante poss\u00e8de une formule riche \u00e0 base de collag\u00e8ne et de notre complexe de vitamine B3. Sp\u00e9cialement formul\u00e9e pour une hydratation repulpante, elle raffermit et att\u00e9nue l&#8217;apparence des ridules, pour une transformation visible de la peau.<\/p>\n<p>Pourquoi ajouter le complexe de vitamine B3 \u00e0 votre routine\u00a0? C&#8217;est l&#8217;ingr\u00e9dient hydratant par excellence. La vitamine B3 permet \u00e0 la peau de retenir l&#8217;eau et de devenir son propre hydratant. Elle laisse \u00e9galement la peau plus jeune, plus douce et plus lisse. Attendez-vous \u00e0 une transformation visible sans les r\u00e9sidus gras que peuvent laisser d&#8217;autres cr\u00e8mes pour le corps. Cette cr\u00e8me pour le corps p\u00e9n\u00e8tre rapidement et profond\u00e9ment dans la peau, la laissant douce et durablement \u00e9clatante et optimisant le renouvellement cellulaire. Prenez le temps d&#8217;admirer son joli packaging\u00a0: il m\u00e9rite amplement sa place sur votre plan de travail. Appliquez-la quotidiennement sur tout le corps, matin et soir. Utiliser avec le nettoyant pour le corps inspir\u00e9 des soins de la peau Olay pour renforcer les effets du complexe de vitamine B3 et des ingr\u00e9dients hydratants.<\/p>","protected":false},"excerpt":{"rendered":"<ul>\n<li>P\u00c9N\u00c8TRE JUSQU\u2019\u00c0 10\u00a0COUCHES DE LA SURFACE DE LA PEAU\u00a0: Cette formule \u00e0 absorption rapide, con\u00e7ue pour tous les types de peau, a \u00e9t\u00e9 confectionn\u00e9e par les experts de la peau Olay pour hydrater et am\u00e9liorer la r\u00e9g\u00e9n\u00e9ration des cellules de la peau<\/li>\n<li>FORMULE \u00c0 ABSORPTION RAPIDE\u00a0: Formul\u00e9e pour hydrater, mais tout en restant l\u00e9g\u00e8re, cette cr\u00e8me ne procurera pas \u00e0 votre peau une sensation grasse ou cireuse<\/li>\n<li>FABRIQU\u00c9E D\u2019UNE MAIN DE MA\u00ceTRE AVEC DU COLLAG\u00c8NE\u00a0: Fabriqu\u00e9e d\u2019une main de ma\u00eetre par les experts Olay pour hydrater votre peau gr\u00e2ce \u00e0 une hydratation remodelante qui raffermit et att\u00e9nue les ridules pour une transformation de la peau qui se voit<\/li>\n<li>AM\u00c9LIORE VISIBLEMENT LA PEAU\u00a0: La vitamine\u00a0B3 hydrate votre peau afin qu\u2019elle puisse retenir sa propre hydratation; voyez-la comme l\u2019ingr\u00e9dient supr\u00eame pour am\u00e9liorer la peau, la laissant plus douce et lisse<\/li>\n<\/ul>","protected":false},"featured_media":3277,"comment_status":"open","ping_status":"closed","template":"","meta":{"_joinchat":[]},"product_brand":[],"product_cat":[22],"product_tag":[178],"class_list":{"0":"post-3310","1":"product","2":"type-product","3":"status-publish","4":"has-post-thumbnail","6":"product_cat-skincare","7":"product_tag-olay","9":"first","10":"instock","11":"shipping-taxable","12":"purchasable","13":"product-type-simple"},"jetpack_sharing_enabled":true,"_links":{"self":[{"href":"https:\/\/olympiaboutique.com\/en\/wp-json\/wp\/v2\/product\/3310","targetHints":{"allow":["GET"]}}],"collection":[{"href":"https:\/\/olympiaboutique.com\/en\/wp-json\/wp\/v2\/product"}],"about":[{"href":"https:\/\/olympiaboutique.com\/en\/wp-json\/wp\/v2\/types\/product"}],"replies":[{"embeddable":true,"href":"https:\/\/olympiaboutique.com\/en\/wp-json\/wp\/v2\/comments?post=3310"}],"wp:featuredmedia":[{"embeddable":true,"href":"https:\/\/olympiaboutique.com\/en\/wp-json\/wp\/v2\/media\/3277"}],"wp:attachment":[{"href":"https:\/\/olympiaboutique.com\/en\/wp-json\/wp\/v2\/media?parent=3310"}],"wp:term":[{"taxonomy":"product_brand","embeddable":true,"href":"https:\/\/olympiaboutique.com\/en\/wp-json\/wp\/v2\/product_brand?post=3310"},{"taxonomy":"product_cat","embeddable":true,"href":"https:\/\/olympiaboutique.com\/en\/wp-json\/wp\/v2\/product_cat?post=3310"},{"taxonomy":"product_tag","embeddable":true,"href":"https:\/\/olympiaboutique.com\/en\/wp-json\/wp\/v2\/product_tag?post=3310"}],"curies":[{"name":"wp","href":"https:\/\/api.w.org\/{rel}","templated":true}]}}