{"id":3309,"date":"2025-10-28T15:53:28","date_gmt":"2025-10-28T15:53:28","guid":{"rendered":"https:\/\/olympiaboutique.com\/?post_type=product&#038;p=3309"},"modified":"2025-12-06T12:37:40","modified_gmt":"2025-12-06T12:37:40","slug":"olay-revitalizing-hydrating-vitamin-c-vitamin-b3-body-lotion-502-ml","status":"publish","type":"product","link":"https:\/\/olympiaboutique.com\/en\/product\/olay-revitalizing-hydrating-vitamin-c-vitamin-b3-body-lotion-502-ml\/","title":{"rendered":"Olay Revitalizing &#038; Hydrating  Vitamin C &#038; Vitamin B3, Body Lotion-502 mL"},"content":{"rendered":"<p>Qui ne voudrait pas plus d&#8217;\u00e9clat ? \u00c9gayez la peau terne avec la lotion revitalisante et hydratante Olay pour les mains et le corps. Cette lotion hydratante a une formule riche en nutriments fabriqu\u00e9e avec de la vitamine C et notre complexe de vitamine B3 et a \u00e9t\u00e9 cr\u00e9\u00e9e sp\u00e9cifiquement pour donner \u00e0 votre peau un coup de pouce d&#8217;hydratation rajeunissante. Pourquoi ajouter du complexe de vitamine B3 \u00e0 votre routine ? C&#8217;est l&#8217;ingr\u00e9dient ultime pour am\u00e9liorer la peau. La vitamine B3 permet \u00e0 votre peau de retenir l&#8217;eau afin qu&#8217;elle puisse devenir son propre hydratant. Il vous laisse \u00e9galement une peau qui agit plus jeune, est plus douce et plus lisse. Regardez la transformation visible de votre peau sans vous soucier des r\u00e9sidus gras que d&#8217;autres types de cr\u00e8me pour le corps ou de cr\u00e8me pour les mains peuvent laisser derri\u00e8re. Cette cr\u00e8me pour les mains et le corps absorbe \u00e9galement rapidement, p\u00e9n\u00e9trant la peau jusqu&#8217;\u00e0 10 couches de profondeur, laissant votre peau avec une douceur durable et un renouvellement cellulaire accru de la peau. Gardez-en un dans votre sac lorsque vous \u00eates en d\u00e9placement, un \u00e0 votre bureau pour l&#8217;humidit\u00e9 lorsque vous en avez besoin, et un pr\u00e8s de l&#8217;\u00e9vier pour l&#8217;hydratation apr\u00e8s le lavage des mains. Utilisez-le quotidiennement sur l&#8217;ensemble de vos mains et de votre corps pendant votre routine du matin ou du soir. \u00c0 utiliser avec le gel douche Olay Skin Care-Inspired pour stimuler les effets du complexe de vitamine B3 et des ingr\u00e9dients hydratants.<\/p>","protected":false},"excerpt":{"rendered":"<ul>\n<li>P\u00c9N\u00c8TRE JUSQU\u2019\u00c0 10 COUCHES DE LA SURFACE DE LA PEAU: Cette formule \u00e0 absorption rapide, con\u00e7ue pour tous les types de peau, a \u00e9t\u00e9 confectionn\u00e9e par les experts de la peau Olay pour hydrater et am\u00e9liorer la r\u00e9g\u00e9n\u00e9ration des cellules de la peau<\/li>\n<li>FORMULE \u00c0 ABSORPTION RAPIDE: Formul\u00e9e pour hydrater, mais tout en restant l\u00e9g\u00e8re, cette cr\u00e8me ne procurera pas \u00e0 votre peau une sensation grasse ou cireuse<\/li>\n<li>FABRIQU\u00c9E D\u2019UNE MAIN DE MA\u00ceTRE AVEC LA VITAMINE C Fabriqu\u00e9e par les experts de la peau Olay pour instantan\u00e9ment hydrater et r\u00e9g\u00e9n\u00e9rer votre peau<\/li>\n<li>AM\u00c9LIORE VISIBLEMENT LA PEAU: La vitamine B3 hydrate votre peau afin qu\u2019elle puisse retenir sa propre hydratation; voyez-la comme l\u2019ingr\u00e9dient supr\u00eame pour am\u00e9liorer la peau, la laissant plus douce et lisse.<\/li>\n<\/ul>","protected":false},"featured_media":3279,"comment_status":"open","ping_status":"closed","template":"","meta":{"_joinchat":[]},"product_brand":[],"product_cat":[22],"product_tag":[178],"class_list":{"0":"post-3309","1":"product","2":"type-product","3":"status-publish","4":"has-post-thumbnail","6":"product_cat-skincare","7":"product_tag-olay","9":"first","10":"outofstock","11":"shipping-taxable","12":"purchasable","13":"product-type-simple"},"jetpack_sharing_enabled":true,"_links":{"self":[{"href":"https:\/\/olympiaboutique.com\/en\/wp-json\/wp\/v2\/product\/3309","targetHints":{"allow":["GET"]}}],"collection":[{"href":"https:\/\/olympiaboutique.com\/en\/wp-json\/wp\/v2\/product"}],"about":[{"href":"https:\/\/olympiaboutique.com\/en\/wp-json\/wp\/v2\/types\/product"}],"replies":[{"embeddable":true,"href":"https:\/\/olympiaboutique.com\/en\/wp-json\/wp\/v2\/comments?post=3309"}],"wp:featuredmedia":[{"embeddable":true,"href":"https:\/\/olympiaboutique.com\/en\/wp-json\/wp\/v2\/media\/3279"}],"wp:attachment":[{"href":"https:\/\/olympiaboutique.com\/en\/wp-json\/wp\/v2\/media?parent=3309"}],"wp:term":[{"taxonomy":"product_brand","embeddable":true,"href":"https:\/\/olympiaboutique.com\/en\/wp-json\/wp\/v2\/product_brand?post=3309"},{"taxonomy":"product_cat","embeddable":true,"href":"https:\/\/olympiaboutique.com\/en\/wp-json\/wp\/v2\/product_cat?post=3309"},{"taxonomy":"product_tag","embeddable":true,"href":"https:\/\/olympiaboutique.com\/en\/wp-json\/wp\/v2\/product_tag?post=3309"}],"curies":[{"name":"wp","href":"https:\/\/api.w.org\/{rel}","templated":true}]}}