{"id":3307,"date":"2025-10-28T15:21:26","date_gmt":"2025-10-28T15:21:26","guid":{"rendered":"https:\/\/olympiaboutique.com\/?post_type=product&#038;p=3307"},"modified":"2026-04-21T16:35:38","modified_gmt":"2026-04-21T16:35:38","slug":"advanced-clinicals-vitamin-c-turmeric-body-cream-425-ml","status":"publish","type":"product","link":"https:\/\/olympiaboutique.com\/en\/product\/advanced-clinicals-vitamin-c-turmeric-body-cream-425-ml\/","title":{"rendered":"Advanced Clinicals Vitamin C + Turmeric Body Cream, 425 ml"},"content":{"rendered":"<ul class=\"a-unordered-list a-vertical a-spacing-mini\">\n<li class=\"a-spacing-mini\"><span class=\"a-list-item\"><span dir=\"auto\">Le curcuma favorise une peau ferme et d&#8217;apparence jeune tout en hydratant les peaux s\u00e8ches et d\u00e9shydrat\u00e9es. Contient des agents hydratants revitalisants et repulpants.<\/span><\/span><\/li>\n<li class=\"a-spacing-mini\"><span class=\"a-list-item\"><span dir=\"auto\">La cr\u00e8me \u00e0 la vitamine C est la combinaison parfaite d&#8217;ingr\u00e9dients anti-\u00e2ge. La lotion \u00e0 la vitamine C contribue \u00e0 unifier le teint.<\/span><\/span><\/li>\n<li class=\"a-spacing-mini\"><span class=\"a-list-item\"><span dir=\"auto\">Cette cr\u00e8me hydratante contient \u00e9galement d&#8217;autres excellents ingr\u00e9dients naturels comme le beurre de karit\u00e9, l&#8217;aloe vera et des extraits naturels de pomme, de tournesol et de romarin. Ces ingr\u00e9dients hydratent et adoucissent la peau.<\/span><\/span><\/li>\n<li class=\"a-spacing-mini\"><span class=\"a-list-item\"><span dir=\"auto\">Cette cr\u00e8me grand format de 425 ml \u00e0 la vitamine C peut \u00eatre utilis\u00e9e pour am\u00e9liorer l&#8217;apparence de la peau du visage, du contour des yeux, du cou, du d\u00e9collet\u00e9, des mains et du corps. Convient \u00e0 tous les types de peau, y compris les peaux grasses et sensibles.<\/span><\/span><\/li>\n<\/ul>","protected":false},"excerpt":{"rendered":"<ul class=\"a-unordered-list a-vertical\">\n<li><span class=\"a-list-item\"><span dir=\"auto\">Illumine votre teint, soulageant visiblement le noircissement et les dommages caus\u00e9s par le soleil.<\/span><\/span><\/li>\n<li><span class=\"a-list-item\"><span dir=\"auto\">La lotion transformatrice \u00e0 la vitamine C favorise un teint lumineux et uniforme.<\/span><\/span><\/li>\n<li><span class=\"a-list-item\"><span dir=\"auto\">Le curcuma antioxydant favorise une peau ferme et d\u2019apparence jeune.<\/span><\/span><\/li>\n<li><span class=\"a-list-item\"><span dir=\"auto\">R\u00e9duit visiblement les signes du vieillissement, vous donnant un \u00e9clat plus lisse, plus lumineux et naturel.<\/span><\/span><\/li>\n<\/ul>","protected":false},"featured_media":3265,"comment_status":"open","ping_status":"closed","template":"","meta":{"_joinchat":[]},"product_brand":[],"product_cat":[22],"product_tag":[253],"class_list":{"0":"post-3307","1":"product","2":"type-product","3":"status-publish","4":"has-post-thumbnail","6":"product_cat-skincare","7":"product_tag-advanced-clinicals","9":"first","10":"instock","11":"shipping-taxable","12":"purchasable","13":"product-type-simple"},"jetpack_sharing_enabled":true,"_links":{"self":[{"href":"https:\/\/olympiaboutique.com\/en\/wp-json\/wp\/v2\/product\/3307","targetHints":{"allow":["GET"]}}],"collection":[{"href":"https:\/\/olympiaboutique.com\/en\/wp-json\/wp\/v2\/product"}],"about":[{"href":"https:\/\/olympiaboutique.com\/en\/wp-json\/wp\/v2\/types\/product"}],"replies":[{"embeddable":true,"href":"https:\/\/olympiaboutique.com\/en\/wp-json\/wp\/v2\/comments?post=3307"}],"wp:featuredmedia":[{"embeddable":true,"href":"https:\/\/olympiaboutique.com\/en\/wp-json\/wp\/v2\/media\/3265"}],"wp:attachment":[{"href":"https:\/\/olympiaboutique.com\/en\/wp-json\/wp\/v2\/media?parent=3307"}],"wp:term":[{"taxonomy":"product_brand","embeddable":true,"href":"https:\/\/olympiaboutique.com\/en\/wp-json\/wp\/v2\/product_brand?post=3307"},{"taxonomy":"product_cat","embeddable":true,"href":"https:\/\/olympiaboutique.com\/en\/wp-json\/wp\/v2\/product_cat?post=3307"},{"taxonomy":"product_tag","embeddable":true,"href":"https:\/\/olympiaboutique.com\/en\/wp-json\/wp\/v2\/product_tag?post=3307"}],"curies":[{"name":"wp","href":"https:\/\/api.w.org\/{rel}","templated":true}]}}