{"id":3305,"date":"2025-10-28T12:42:07","date_gmt":"2025-10-28T12:42:07","guid":{"rendered":"https:\/\/olympiaboutique.com\/?post_type=product&#038;p=3305"},"modified":"2025-12-03T10:38:04","modified_gmt":"2025-12-03T10:38:04","slug":"aveeno-daily-moisturizing-body-oil-mist-200-ml","status":"publish","type":"product","link":"https:\/\/olympiaboutique.com\/en\/product\/aveeno-daily-moisturizing-body-oil-mist-200-ml\/","title":{"rendered":"Aveeno Daily Moisturizing Body Oil Mist, 200 ml"},"content":{"rendered":"<p>Conditionnez et nourrissez votre peau avec Aveeno Daily Hydrating Dry Oil Mist. Id\u00e9al pour les soins sensibles de la peau, ce spray \u00e0 l&#8217;huile corporelle hydrate imm\u00e9diatement les peaux s\u00e8ches et rugueuses. D&#8217;une marque de soin recommand\u00e9e par un dermatologue depuis plus de 65 ans, cette huile corporelle hydratante quotidienne est formul\u00e9e avec 98% d&#8217;ingr\u00e9dients d&#8217;origine naturelle, y compris l&#8217;huile d&#8217;avoine, qui est riche en lipides et en acides gras pour aider \u00e0 conditionner la peau et l&#8217;huile de jojoba, qui contient jusqu&#8217;\u00e0 deux fois plus de vitamine E que le beurre de karit\u00e9. Ce spray hydratant pour l&#8217;huile corporelle est hypoallerg\u00e9nique et exempt de parab\u00e8nes, phtalates, silicones, huile min\u00e9rale, colorants synth\u00e9tiques et alcool. Utilisez quotidiennement dans le cadre de votre routine de soins de la peau \u00e0 la maison en pulv\u00e9risant le brouillard d&#8217;huile s\u00e8che pr\u00e8s de votre peau et en le massant. Ne vaporisez pas l&#8217;huile pr\u00e8s des yeux ou du visage.<\/p>","protected":false},"excerpt":{"rendered":"<p><strong>Bienfaits<\/strong><\/p>\n<ul>\n<li><span dir=\"auto\">Soigne la peau s\u00e8che et rugueuse<\/span><\/li>\n<li><span dir=\"auto\">Une peau plus lisse et plus uniforme en 1 semaine<\/span><\/li>\n<li><span dir=\"auto\">98 % d&#8217;ingr\u00e9dients d&#8217;origine naturelle<\/span><\/li>\n<li><span dir=\"auto\">92 % des personnes interrog\u00e9es estiment que la peau para\u00eet instantan\u00e9ment plus lisse et plus uniforme.<\/span><\/li>\n<li><span dir=\"auto\">Hypoallerg\u00e9nique et adapt\u00e9 aux peaux sensibles<\/span><\/li>\n<li><span dir=\"auto\">Recommand\u00e9 par les dermatologues depuis plus de 65 ans<\/span><\/li>\n<\/ul>","protected":false},"featured_media":3257,"comment_status":"open","ping_status":"closed","template":"","meta":{"_joinchat":[]},"product_brand":[],"product_cat":[22],"product_tag":[327],"class_list":{"0":"post-3305","1":"product","2":"type-product","3":"status-publish","4":"has-post-thumbnail","6":"product_cat-skincare","7":"product_tag-aveeno","9":"first","10":"outofstock","11":"shipping-taxable","12":"purchasable","13":"product-type-simple"},"jetpack_sharing_enabled":true,"_links":{"self":[{"href":"https:\/\/olympiaboutique.com\/en\/wp-json\/wp\/v2\/product\/3305","targetHints":{"allow":["GET"]}}],"collection":[{"href":"https:\/\/olympiaboutique.com\/en\/wp-json\/wp\/v2\/product"}],"about":[{"href":"https:\/\/olympiaboutique.com\/en\/wp-json\/wp\/v2\/types\/product"}],"replies":[{"embeddable":true,"href":"https:\/\/olympiaboutique.com\/en\/wp-json\/wp\/v2\/comments?post=3305"}],"wp:featuredmedia":[{"embeddable":true,"href":"https:\/\/olympiaboutique.com\/en\/wp-json\/wp\/v2\/media\/3257"}],"wp:attachment":[{"href":"https:\/\/olympiaboutique.com\/en\/wp-json\/wp\/v2\/media?parent=3305"}],"wp:term":[{"taxonomy":"product_brand","embeddable":true,"href":"https:\/\/olympiaboutique.com\/en\/wp-json\/wp\/v2\/product_brand?post=3305"},{"taxonomy":"product_cat","embeddable":true,"href":"https:\/\/olympiaboutique.com\/en\/wp-json\/wp\/v2\/product_cat?post=3305"},{"taxonomy":"product_tag","embeddable":true,"href":"https:\/\/olympiaboutique.com\/en\/wp-json\/wp\/v2\/product_tag?post=3305"}],"curies":[{"name":"wp","href":"https:\/\/api.w.org\/{rel}","templated":true}]}}