{"id":3303,"date":"2025-10-28T12:15:35","date_gmt":"2025-10-28T12:15:35","guid":{"rendered":"https:\/\/olympiaboutique.com\/?post_type=product&#038;p=3303"},"modified":"2026-02-24T18:34:43","modified_gmt":"2026-02-24T18:34:43","slug":"softee-coconut-oil-hair-scalp-conditioner-85g","status":"publish","type":"product","link":"https:\/\/olympiaboutique.com\/en\/product\/softee-coconut-oil-hair-scalp-conditioner-85g\/","title":{"rendered":"Softee Coconut Oil Hair &#038; Scalp Conditioner, 85g"},"content":{"rendered":"<p style=\"font-weight: 500;\">Formul\u00e9 pour sublimer et nourrir vos cheveux et votre cuir chevelu. Contient de l&#8217;huile de coco pure et de l&#8217;huile de jojoba pour des cheveux doux et brillants, tout en prot\u00e9geant votre coiffure et en pr\u00e9servant l&#8217;hydratation et la sant\u00e9 de vos cheveux. Id\u00e9al pour pr\u00e9venir la s\u00e9cheresse, la casse et les fourches, il offre aux cheveux une protection optimale contre les agressions quotidiennes (ventilateurs, soleil, etc.).<\/p>\n<p style=\"font-weight: 500;\">Il favorise la pousse de nouveaux cheveux souples tout en lubrifiant le cuir chevelu et en pr\u00e9servant la desquamation.<\/p>\n<p style=\"font-weight: 500;\">Mode d&#8217;emploi\u00a0: Massez d\u00e9licatement sur toute la chevelure et le cuir chevelu. Peignez pour bien r\u00e9partir. R\u00e9p\u00e9tez l&#8217;op\u00e9ration quotidiennement. Utilisez une petite quantit\u00e9 pour contr\u00f4ler les nouvelles pousses sur le visage et le cou.<\/p>","protected":false},"excerpt":{"rendered":"<p><strong>Bienfaits<\/strong><\/p>\n<ul class=\"product-points\">\n<li>Formule d&#8217;huile de coco pure<\/li>\n<li>Nourrit les cheveux et le cuir chevelu<\/li>\n<li>Emp\u00eache la s\u00e9cheresse et la casse<\/li>\n<li>Prot\u00e8ge contre les \u00e9preuves quotidiennes<\/li>\n<li>Contr\u00f4le la croissance douce des nouveaux cheveux<\/li>\n<\/ul>","protected":false},"featured_media":3252,"comment_status":"open","ping_status":"closed","template":"","meta":{"_joinchat":[]},"product_brand":[],"product_cat":[109],"product_tag":[384],"class_list":{"0":"post-3303","1":"product","2":"type-product","3":"status-publish","4":"has-post-thumbnail","6":"product_cat-cheveux","7":"product_tag-softee","9":"first","10":"instock","11":"shipping-taxable","12":"purchasable","13":"product-type-simple"},"jetpack_sharing_enabled":true,"_links":{"self":[{"href":"https:\/\/olympiaboutique.com\/en\/wp-json\/wp\/v2\/product\/3303","targetHints":{"allow":["GET"]}}],"collection":[{"href":"https:\/\/olympiaboutique.com\/en\/wp-json\/wp\/v2\/product"}],"about":[{"href":"https:\/\/olympiaboutique.com\/en\/wp-json\/wp\/v2\/types\/product"}],"replies":[{"embeddable":true,"href":"https:\/\/olympiaboutique.com\/en\/wp-json\/wp\/v2\/comments?post=3303"}],"wp:featuredmedia":[{"embeddable":true,"href":"https:\/\/olympiaboutique.com\/en\/wp-json\/wp\/v2\/media\/3252"}],"wp:attachment":[{"href":"https:\/\/olympiaboutique.com\/en\/wp-json\/wp\/v2\/media?parent=3303"}],"wp:term":[{"taxonomy":"product_brand","embeddable":true,"href":"https:\/\/olympiaboutique.com\/en\/wp-json\/wp\/v2\/product_brand?post=3303"},{"taxonomy":"product_cat","embeddable":true,"href":"https:\/\/olympiaboutique.com\/en\/wp-json\/wp\/v2\/product_cat?post=3303"},{"taxonomy":"product_tag","embeddable":true,"href":"https:\/\/olympiaboutique.com\/en\/wp-json\/wp\/v2\/product_tag?post=3303"}],"curies":[{"name":"wp","href":"https:\/\/api.w.org\/{rel}","templated":true}]}}