{"id":3297,"date":"2025-10-28T11:24:48","date_gmt":"2025-10-28T11:24:48","guid":{"rendered":"https:\/\/olympiaboutique.com\/?post_type=product&#038;p=3297"},"modified":"2026-02-24T18:36:01","modified_gmt":"2026-02-24T18:36:01","slug":"medix-5-5-radiant-glow-vitamin-cniacinamide-body-wash-444-ml","status":"publish","type":"product","link":"https:\/\/olympiaboutique.com\/en\/product\/medix-5-5-radiant-glow-vitamin-cniacinamide-body-wash-444-ml\/","title":{"rendered":"Medix 5.5 Radiant Glow Vitamin C+Niacinamide, Body Wash, 444 ml"},"content":{"rendered":"<p><span dir=\"auto\">PEAU \u00c9CLATANTE, NETTOYANT QUOTIDIEN \u2013 Ce gel douche \u00e0 la vitamine C est enrichi en niacinamide (complexe de vitamine B3), en panth\u00e9nol et en aloe vera. Formul\u00e9 pour unifier visiblement le teint et affiner le grain de peau, tout en \u00e9liminant en douceur les impuret\u00e9s, le s\u00e9bum et les impuret\u00e9s. Id\u00e9al pour hommes et femmes, ce gel douche moussant rafra\u00eechit et revitalise, laissant la peau lisse, douce et \u00e9clatante.<\/span><\/p>\n<p>POUR LES PEAU IRR\u00c9GULI\u00c8RES, LE TEXTURE ET LE TEINT TERNE \u2013 Ce gel douche \u00e0 la vitamine C cible les peaux irr\u00e9guli\u00e8res, le grain de peau rugueux, le teint terne, les exc\u00e8s de s\u00e9bum et l&#8217;apparence des taches brunes. Appliquez sur peau humide, faites mousser abondamment et rincez abondamment. Pour de meilleurs r\u00e9sultats, utilisez quotidiennement et appliquez ensuite notre Cr\u00e8me Corps Vitamine C + Curcuma MEDIX 5.5 ou votre cr\u00e8me hydratante pr\u00e9f\u00e9r\u00e9e pour un teint \u00e9clatant.<\/p>","protected":false},"excerpt":{"rendered":"<p>Dynamisez votre routine douche avec le gel douche Medix Vitamine C et Niacinamide, une formule nettoyante luxueuse con\u00e7ue pour illuminer, hydrater et affiner la peau. Infus\u00e9 de puissants antioxydants, ce gel douche quotidien \u00e9limine en douceur les impuret\u00e9s tout en apportant\u00a0: de la vitamine C pour une peau \u00e9clatante et unifi\u00e9e\u00a0; de la niacinamide (vitamine B3) pour lisser le grain de peau et minimiser les imperfections.<\/p>","protected":false},"featured_media":3249,"comment_status":"open","ping_status":"closed","template":"","meta":{"_joinchat":[]},"product_brand":[],"product_cat":[22],"product_tag":[300],"class_list":{"0":"post-3297","1":"product","2":"type-product","3":"status-publish","4":"has-post-thumbnail","6":"product_cat-skincare","7":"product_tag-medix","9":"first","10":"instock","11":"shipping-taxable","12":"purchasable","13":"product-type-simple"},"jetpack_sharing_enabled":true,"_links":{"self":[{"href":"https:\/\/olympiaboutique.com\/en\/wp-json\/wp\/v2\/product\/3297","targetHints":{"allow":["GET"]}}],"collection":[{"href":"https:\/\/olympiaboutique.com\/en\/wp-json\/wp\/v2\/product"}],"about":[{"href":"https:\/\/olympiaboutique.com\/en\/wp-json\/wp\/v2\/types\/product"}],"replies":[{"embeddable":true,"href":"https:\/\/olympiaboutique.com\/en\/wp-json\/wp\/v2\/comments?post=3297"}],"wp:featuredmedia":[{"embeddable":true,"href":"https:\/\/olympiaboutique.com\/en\/wp-json\/wp\/v2\/media\/3249"}],"wp:attachment":[{"href":"https:\/\/olympiaboutique.com\/en\/wp-json\/wp\/v2\/media?parent=3297"}],"wp:term":[{"taxonomy":"product_brand","embeddable":true,"href":"https:\/\/olympiaboutique.com\/en\/wp-json\/wp\/v2\/product_brand?post=3297"},{"taxonomy":"product_cat","embeddable":true,"href":"https:\/\/olympiaboutique.com\/en\/wp-json\/wp\/v2\/product_cat?post=3297"},{"taxonomy":"product_tag","embeddable":true,"href":"https:\/\/olympiaboutique.com\/en\/wp-json\/wp\/v2\/product_tag?post=3297"}],"curies":[{"name":"wp","href":"https:\/\/api.w.org\/{rel}","templated":true}]}}