{"id":3296,"date":"2025-10-28T11:02:26","date_gmt":"2025-10-28T11:02:26","guid":{"rendered":"https:\/\/olympiaboutique.com\/?post_type=product&#038;p=3296"},"modified":"2025-12-01T04:26:35","modified_gmt":"2025-12-01T04:26:35","slug":"medix-5-5-coconut-oil-manuka-honey-cream-444-ml","status":"publish","type":"product","link":"https:\/\/olympiaboutique.com\/en\/product\/medix-5-5-coconut-oil-manuka-honey-cream-444-ml\/","title":{"rendered":"Medix 5.5 Coconut Oil &#038; Manuka Honey Cream, 444 ml"},"content":{"rendered":"<ul class=\"a-unordered-list a-vertical a-spacing-mini\">\n<li class=\"a-spacing-mini\"><span class=\"a-list-item\">Huile de noix de coco + cr\u00e8me au miel de MANUKA : l&#8217;huile de noix de coco et le miel de Manuka sont tous deux des ingr\u00e9dients actifs tr\u00e8s hydratants, ce qui les rend efficaces pour hydrater la peau s\u00e8che et d\u00e9shydrat\u00e9e, tout en \u00e9tant en mesure d&#8217;apaiser efficacement et de calmer la peau irrit\u00e9e. L&#8217;huile de noix de coco et le miel de Manuka sont \u00e9galement riches en antioxydants, ce qui peut aider \u00e0 prot\u00e9ger la peau contre les dommages caus\u00e9s par les radicaux libres et les facteurs de stress environnementaux.<\/span><\/li>\n<li class=\"a-spacing-mini\"><span class=\"a-list-item\">Formule th\u00e9rapeutique + test\u00e9e : infus\u00e9 avec des ingr\u00e9dients actifs puissants comme l&#8217;huile de noix de coco, le beurre de karit\u00e9, le miel de Manuka, la vitamine E, l&#8217;aloe vera et les extraits de fruits, qui travaillent tous ensemble pour aider \u00e0 nourrir, hydrater et reconstituer la peau pour une apparence plus saine, plus compl\u00e8te et plus jeune. Compatible avec tous les types de peau, m\u00eame les peaux sensibles, grasses et sujettes \u00e0 l&#8217;acn\u00e9. Formule test\u00e9e dermatologiquement et cliniquement test\u00e9e qui est l\u00e9g\u00e8re et formul\u00e9e pour absorber facilement, laissant votre peau souple et lisse.<\/span><\/li>\n<li class=\"a-spacing-mini\"><span class=\"a-list-item\">Hydratation profonde de la peau : cette cr\u00e8me corporelle r\u00e9paratrice visuelle \u00e0 l&#8217;huile de noix de coco + miel de Manuka et lotion pour le visage fonctionne comme un hydratant quotidien efficace qui fonctionne \u00e9galement pour r\u00e9duire l&#8217;apparence des cicatrices, des rides, de la peau s\u00e8che, des ridules, de l&#8217;hyperpigmentation, des taches sombres, de l&#8217;affaissement de la peau et des vergetures. Nourrissez, hydratez et repulpez votre peau pour une apparence plus saine, plus compl\u00e8te et plus jeune tout en am\u00e9liorant l&#8217;\u00e9lasticit\u00e9 de votre peau \u00e0 la fois.<\/span><\/li>\n<li class=\"a-spacing-mini\"><span class=\"a-list-item\">Faites-vous plaisir : nos cr\u00e8mes et boosters Medix 5.5 sont con\u00e7us pour votre routine quotidienne de soins de la peau. Appliquez imm\u00e9diatement les cr\u00e8mes corporelles Medix 5.5 combin\u00e9es avec des boosters corporels optionnels apr\u00e8s une douche chaude ou un bain relaxant pour permettre aux puissants ingr\u00e9dients actifs de la formule d&#8217;absorber profond\u00e9ment dans la peau et pour que les d\u00e9licieux parfums tonifient vos sens. Nos cr\u00e8mes luxueusement riches fondent dans la peau en absorbant rapidement, laissant votre peau nourrie et d\u00e9licieusement soyeuse.<\/span><\/li>\n<\/ul>","protected":false},"excerpt":{"rendered":"<ul>\n<li>Restaure l&#8217;hydratation essentielle de la peau<\/li>\n<li>Att\u00e9nue l&#8217;apparence des cicatrices et des vergetures<\/li>\n<li>Favorise l&#8217;\u00e9lasticit\u00e9<\/li>\n<\/ul>\n<p>Medix 5.5\u2122 favorise une peau lisse, ferme et \u00e9clatante de sant\u00e9 en r\u00e9duisant l&#8217;apparence des cicatrices et en soutenant une barri\u00e8re cutan\u00e9e solide qui retient l&#8217;hydratation et emp\u00eache les polluants de p\u00e9n\u00e9trer dans la peau. Enrichi en huile de coco et en miel de manuka pour restaurer l&#8217;\u00e9lasticit\u00e9 et am\u00e9liorer l&#8217;apparence des vergetures.<\/p>","protected":false},"featured_media":3263,"comment_status":"open","ping_status":"closed","template":"","meta":{"_joinchat":[]},"product_brand":[],"product_cat":[22],"product_tag":[300],"class_list":{"0":"post-3296","1":"product","2":"type-product","3":"status-publish","4":"has-post-thumbnail","6":"product_cat-skincare","7":"product_tag-medix","9":"first","10":"instock","11":"shipping-taxable","12":"purchasable","13":"product-type-simple"},"jetpack_sharing_enabled":true,"_links":{"self":[{"href":"https:\/\/olympiaboutique.com\/en\/wp-json\/wp\/v2\/product\/3296","targetHints":{"allow":["GET"]}}],"collection":[{"href":"https:\/\/olympiaboutique.com\/en\/wp-json\/wp\/v2\/product"}],"about":[{"href":"https:\/\/olympiaboutique.com\/en\/wp-json\/wp\/v2\/types\/product"}],"replies":[{"embeddable":true,"href":"https:\/\/olympiaboutique.com\/en\/wp-json\/wp\/v2\/comments?post=3296"}],"wp:featuredmedia":[{"embeddable":true,"href":"https:\/\/olympiaboutique.com\/en\/wp-json\/wp\/v2\/media\/3263"}],"wp:attachment":[{"href":"https:\/\/olympiaboutique.com\/en\/wp-json\/wp\/v2\/media?parent=3296"}],"wp:term":[{"taxonomy":"product_brand","embeddable":true,"href":"https:\/\/olympiaboutique.com\/en\/wp-json\/wp\/v2\/product_brand?post=3296"},{"taxonomy":"product_cat","embeddable":true,"href":"https:\/\/olympiaboutique.com\/en\/wp-json\/wp\/v2\/product_cat?post=3296"},{"taxonomy":"product_tag","embeddable":true,"href":"https:\/\/olympiaboutique.com\/en\/wp-json\/wp\/v2\/product_tag?post=3296"}],"curies":[{"name":"wp","href":"https:\/\/api.w.org\/{rel}","templated":true}]}}