{"id":3293,"date":"2025-10-28T09:21:59","date_gmt":"2025-10-28T09:21:59","guid":{"rendered":"https:\/\/olympiaboutique.com\/?post_type=product&#038;p=3293"},"modified":"2026-04-09T19:42:31","modified_gmt":"2026-04-09T19:42:31","slug":"members-mark-organic-virgin-coconut-oil-1-66-l","status":"publish","type":"product","link":"https:\/\/olympiaboutique.com\/en\/product\/members-mark-organic-virgin-coconut-oil-1-66-l\/","title":{"rendered":"Member&#8217;s Mark Organic Virgin Coconut Oil, 1.66 L"},"content":{"rendered":"<p>L&#8217;huile de coco vierge biologique Member&#8217;s Mark\u2122 est une alternative saine et savoureuse aux huiles de cuisson moins nutritives.<\/p>\n<p>Press\u00e9e \u00e0 froid et non raffin\u00e9e, cette huile a subi un traitement minimal susceptible de l&#8217;endommager. L&#8217;huile de coco vierge biologique Member&#8217;s Mark est sans OGM, casher, halal et convient \u00e9galement aux v\u00e9g\u00e9tariens. Extr\u00eamement polyvalente, elle permet de cr\u00e9er un hydratant naturel pour la peau et les cheveux. L&#8217;huile de coco est utilis\u00e9e depuis des si\u00e8cles pour pr\u00e9server la jeunesse de la peau.<\/p>\n<p>Utilisez l&#8217;huile de coco pour cuire vos viandes ou vos p\u00e2tisseries pour une saveur unique. Son ar\u00f4me d\u00e9licat et son d\u00e9licieux go\u00fbt l\u00e9ger de noix de coco en font une huile id\u00e9ale pour tartiner, cuire, frire et r\u00f4tir.<\/p>","protected":false},"excerpt":{"rendered":"<p><strong>Bienfaits<\/strong><\/p>\n<ul>\n<li><span dir=\"auto\">Press\u00e9 \u00e0 froid et non raffin\u00e9<\/span><\/li>\n<li><span dir=\"auto\">Ar\u00f4me et go\u00fbt l\u00e9ger et d\u00e9licat de noix de coco<\/span><\/li>\n<li><span dir=\"auto\">Utilisez-le pour cuisiner ou pour hydrater votre peau et vos cheveux<\/span><\/li>\n<li><span dir=\"auto\">Emball\u00e9 \u00e0 la source pour plus de fra\u00eecheur et de saveur<\/span><\/li>\n<\/ul>","protected":false},"featured_media":3238,"comment_status":"open","ping_status":"closed","template":"","meta":{"_joinchat":[]},"product_brand":[],"product_cat":[109,23,22],"product_tag":[256],"class_list":{"0":"post-3293","1":"product","2":"type-product","3":"status-publish","4":"has-post-thumbnail","6":"product_cat-cheveux","7":"product_cat-food","8":"product_cat-skincare","9":"product_tag-member-s-mark","11":"first","12":"outofstock","13":"shipping-taxable","14":"purchasable","15":"product-type-simple"},"jetpack_sharing_enabled":true,"_links":{"self":[{"href":"https:\/\/olympiaboutique.com\/en\/wp-json\/wp\/v2\/product\/3293","targetHints":{"allow":["GET"]}}],"collection":[{"href":"https:\/\/olympiaboutique.com\/en\/wp-json\/wp\/v2\/product"}],"about":[{"href":"https:\/\/olympiaboutique.com\/en\/wp-json\/wp\/v2\/types\/product"}],"replies":[{"embeddable":true,"href":"https:\/\/olympiaboutique.com\/en\/wp-json\/wp\/v2\/comments?post=3293"}],"wp:featuredmedia":[{"embeddable":true,"href":"https:\/\/olympiaboutique.com\/en\/wp-json\/wp\/v2\/media\/3238"}],"wp:attachment":[{"href":"https:\/\/olympiaboutique.com\/en\/wp-json\/wp\/v2\/media?parent=3293"}],"wp:term":[{"taxonomy":"product_brand","embeddable":true,"href":"https:\/\/olympiaboutique.com\/en\/wp-json\/wp\/v2\/product_brand?post=3293"},{"taxonomy":"product_cat","embeddable":true,"href":"https:\/\/olympiaboutique.com\/en\/wp-json\/wp\/v2\/product_cat?post=3293"},{"taxonomy":"product_tag","embeddable":true,"href":"https:\/\/olympiaboutique.com\/en\/wp-json\/wp\/v2\/product_tag?post=3293"}],"curies":[{"name":"wp","href":"https:\/\/api.w.org\/{rel}","templated":true}]}}