{"id":3235,"date":"2025-10-26T22:38:00","date_gmt":"2025-10-26T22:38:00","guid":{"rendered":"https:\/\/olympiaboutique.com\/?post_type=product&#038;p=3235"},"modified":"2026-03-10T20:08:53","modified_gmt":"2026-03-10T20:08:53","slug":"splenda-stevia-500-sachets","status":"publish","type":"product","link":"https:\/\/olympiaboutique.com\/en\/product\/splenda-stevia-500-sachets\/","title":{"rendered":"SPLENDA STEVIA, 500 sachets"},"content":{"rendered":"<h3>\u00c9dulcorant z\u00e9ro calorie<\/h3>\n<p>Profitez de la douceur de vivre sans les calories avec cet \u00e9dulcorant \u00e0 base de st\u00e9via. Cet \u00e9dulcorant z\u00e9ro calorie est une excellente alternative au sucre, ce qui en fait un choix parfait pour ceux qui surveillent leur apport calorique. Vous pouvez facilement l\u2019utiliser l\u00e0 o\u00f9 vous utiliseriez normalement du sucre, ce qui en fait un ajout polyvalent \u00e0 votre garde-manger.<\/p>\n<h3>Utilisation polyvalente<\/h3>\n<p>Splenda Stevia ne se limite pas \u00e0 sucrer vos produits de boulangerie. Il peut \u00e9galement \u00eatre utilis\u00e9 dans les boissons chaudes ou froides. Que vous pr\u00e9pariez une tasse de caf\u00e9 chaud ou un th\u00e9 glac\u00e9 rafra\u00eechissant, la st\u00e9via Splenda peut aider \u00e0 rehausser le go\u00fbt sans ajouter de calories suppl\u00e9mentaires.<\/p>","protected":false},"excerpt":{"rendered":"<p><strong>Bienfaits<\/strong><\/p>\n<ul>\n<li>Comprend 500 sachets d\u2019\u00e9dulcorant<\/li>\n<li>Chaque sachet d\u2019\u00e9dulcorant \u00e0 la st\u00e9via Splenda Naturals offre la m\u00eame douceur que deux cuill\u00e8res \u00e0 caf\u00e9 de sucre<\/li>\n<li>\u00c9dulcorant z\u00e9ro calorie adapt\u00e9 aux aliments et aux boissons<\/li>\n<li>Offre un bon go\u00fbt<\/li>\n<\/ul>","protected":false},"featured_media":3234,"comment_status":"open","ping_status":"closed","template":"","meta":{"_joinchat":[]},"product_brand":[],"product_cat":[23,17],"product_tag":[133],"class_list":{"0":"post-3235","1":"product","2":"type-product","3":"status-publish","4":"has-post-thumbnail","6":"product_cat-food","7":"product_cat-vitamines","8":"product_tag-splenda-sucre-diabete","10":"first","11":"instock","12":"shipping-taxable","13":"purchasable","14":"product-type-simple"},"jetpack_sharing_enabled":true,"_links":{"self":[{"href":"https:\/\/olympiaboutique.com\/en\/wp-json\/wp\/v2\/product\/3235","targetHints":{"allow":["GET"]}}],"collection":[{"href":"https:\/\/olympiaboutique.com\/en\/wp-json\/wp\/v2\/product"}],"about":[{"href":"https:\/\/olympiaboutique.com\/en\/wp-json\/wp\/v2\/types\/product"}],"replies":[{"embeddable":true,"href":"https:\/\/olympiaboutique.com\/en\/wp-json\/wp\/v2\/comments?post=3235"}],"wp:featuredmedia":[{"embeddable":true,"href":"https:\/\/olympiaboutique.com\/en\/wp-json\/wp\/v2\/media\/3234"}],"wp:attachment":[{"href":"https:\/\/olympiaboutique.com\/en\/wp-json\/wp\/v2\/media?parent=3235"}],"wp:term":[{"taxonomy":"product_brand","embeddable":true,"href":"https:\/\/olympiaboutique.com\/en\/wp-json\/wp\/v2\/product_brand?post=3235"},{"taxonomy":"product_cat","embeddable":true,"href":"https:\/\/olympiaboutique.com\/en\/wp-json\/wp\/v2\/product_cat?post=3235"},{"taxonomy":"product_tag","embeddable":true,"href":"https:\/\/olympiaboutique.com\/en\/wp-json\/wp\/v2\/product_tag?post=3235"}],"curies":[{"name":"wp","href":"https:\/\/api.w.org\/{rel}","templated":true}]}}