{"id":3225,"date":"2025-10-26T21:31:47","date_gmt":"2025-10-26T21:31:47","guid":{"rendered":"https:\/\/olympiaboutique.com\/?post_type=product&#038;p=3225"},"modified":"2025-12-03T10:47:57","modified_gmt":"2025-12-03T10:47:57","slug":"focus-factor-brain-supplement-multivitamin-180-comprimes","status":"publish","type":"product","link":"https:\/\/olympiaboutique.com\/en\/product\/focus-factor-brain-supplement-multivitamin-180-comprimes\/","title":{"rendered":"Focus Factor Brain Supplement Multivitamin, 180 comprim\u00e9s"},"content":{"rendered":"<ul class=\"a-unordered-list a-vertical a-spacing-mini\">\n<li class=\"a-spacing-mini\"><span class=\"a-list-item\">AM\u00c9LIORE LES PERFORMANCES C\u00c9R\u00c9BRALES : Focus Factor contient une puissante combinaison de vitamines, de min\u00e9raux et de neuronutriments, qui non seulement fournit des nutriments pour le cerveau, mais peut \u00e9galement remplacer vos multivitamines quotidiennes. Cette formule avanc\u00e9e am\u00e9liore et am\u00e9liore la m\u00e9moire, la concentration et, tout en augmentant votre capacit\u00e9 \u00e0 vous concentrer et \u00e0 effectuer plusieurs t\u00e2ches \u00e0 la fois<\/span><\/li>\n<li class=\"a-spacing-mini\"><span class=\"a-list-item\">SANT\u00c9 C\u00c9R\u00c9BRALE OPTIMALE\u00a0: Comme d\u2019autres parties de votre corps, votre cerveau a besoin d\u2019une nutrition appropri\u00e9e pour fonctionner au mieux, que ce soit au travail, \u00e0 la maison ou \u00e0 l\u2019\u00e9cole et les suppl\u00e9ments c\u00e9raux Focus Factor am\u00e9liorent la m\u00e9moire, la concentration et l\u2019attention, contiennent une puissante combinaison de nutriments dont il a \u00e9t\u00e9 d\u00e9montr\u00e9 qu\u2019ils am\u00e9liorent consid\u00e9rablement la cognition<\/span><\/li>\n<li class=\"a-spacing-mini\"><span class=\"a-list-item\">NIVEAUX DE CONCENTRATION MAXIMAUX : Comme d\u2019autres parties de votre corps, votre cerveau a besoin d\u2019une nutrition appropri\u00e9e pour donner le meilleur de lui-m\u00eame, que ce soit au travail, \u00e0 la maison ou en d\u00e9placement, et Focus Factor Brain soutient la sant\u00e9 et am\u00e9liore la m\u00e9moire et la concentration<\/span><\/li>\n<\/ul>","protected":false},"excerpt":{"rendered":"<p><strong>Bienfaits<\/strong><\/p>\n<ul>\n<li id=\"title\" class=\"a-size-large a-spacing-none\"><span id=\"productTitle\" class=\"a-size-large product-title-word-break\">Am\u00e9liore la m\u00e9moire et la clart\u00e9 <\/span><\/li>\n<li class=\"a-size-large a-spacing-none\"><span id=\"productTitle\" class=\"a-size-large product-title-word-break\">Stimule la concentration <\/span><\/li>\n<li class=\"a-size-large a-spacing-none\"><span id=\"productTitle\" class=\"a-size-large product-title-word-break\">Am\u00e9liore le QI Neuro Energy pour hommes et femmes<\/span><\/li>\n<li id=\"title\" class=\"a-size-large a-spacing-none\"><span id=\"productTitle\" class=\"a-size-large product-title-word-break\">Suppl\u00e9ment c\u00e9r\u00e9bral\u00a0<\/span><\/li>\n<li class=\"a-size-large a-spacing-none\"><span id=\"productTitle\" class=\"a-size-large product-title-word-break\">Multivitamine compl\u00e8te avec DMAE, vitamine D<\/span><\/li>\n<\/ul>\n<p><strong>Mode d&#8217;emploi<\/strong>: Prenez 4 comprim\u00e9s par jour, de pr\u00e9f\u00e9rence pendant un repas<\/p>","protected":false},"featured_media":3179,"comment_status":"open","ping_status":"closed","template":"","meta":{"_joinchat":[]},"product_brand":[],"product_cat":[17],"product_tag":[383],"class_list":{"0":"post-3225","1":"product","2":"type-product","3":"status-publish","4":"has-post-thumbnail","6":"product_cat-vitamines","7":"product_tag-focus-factor","9":"first","10":"instock","11":"shipping-taxable","12":"purchasable","13":"product-type-simple"},"jetpack_sharing_enabled":true,"_links":{"self":[{"href":"https:\/\/olympiaboutique.com\/en\/wp-json\/wp\/v2\/product\/3225","targetHints":{"allow":["GET"]}}],"collection":[{"href":"https:\/\/olympiaboutique.com\/en\/wp-json\/wp\/v2\/product"}],"about":[{"href":"https:\/\/olympiaboutique.com\/en\/wp-json\/wp\/v2\/types\/product"}],"replies":[{"embeddable":true,"href":"https:\/\/olympiaboutique.com\/en\/wp-json\/wp\/v2\/comments?post=3225"}],"wp:featuredmedia":[{"embeddable":true,"href":"https:\/\/olympiaboutique.com\/en\/wp-json\/wp\/v2\/media\/3179"}],"wp:attachment":[{"href":"https:\/\/olympiaboutique.com\/en\/wp-json\/wp\/v2\/media?parent=3225"}],"wp:term":[{"taxonomy":"product_brand","embeddable":true,"href":"https:\/\/olympiaboutique.com\/en\/wp-json\/wp\/v2\/product_brand?post=3225"},{"taxonomy":"product_cat","embeddable":true,"href":"https:\/\/olympiaboutique.com\/en\/wp-json\/wp\/v2\/product_cat?post=3225"},{"taxonomy":"product_tag","embeddable":true,"href":"https:\/\/olympiaboutique.com\/en\/wp-json\/wp\/v2\/product_tag?post=3225"}],"curies":[{"name":"wp","href":"https:\/\/api.w.org\/{rel}","templated":true}]}}