{"id":3213,"date":"2025-10-26T18:41:34","date_gmt":"2025-10-26T18:41:34","guid":{"rendered":"https:\/\/olympiaboutique.com\/?post_type=product&#038;p=3213"},"modified":"2026-04-22T22:29:36","modified_gmt":"2026-04-22T22:29:36","slug":"skin-whitening-glutathione-120-capsules-2000mg-glutathione","status":"publish","type":"product","link":"https:\/\/olympiaboutique.com\/en\/product\/skin-whitening-glutathione-120-capsules-2000mg-glutathione\/","title":{"rendered":"Skin Whitening Glutathione &#8211; 120 Capsules, 2000mg Glutathione"},"content":{"rendered":"<ul class=\"a-unordered-list a-vertical a-spacing-mini\">\n<li class=\"a-spacing-mini\"><span class=\"a-list-item\">BLANCHIMENT EFFICACE DE LA PEAU &#8211; ces pilules de blanchiment ont \u00e9t\u00e9 sp\u00e9cialement cr\u00e9\u00e9es pour \u00e9claircir efficacement la peau. Agissant \u00e0 l\u2019int\u00e9rieur de votre corps, les pilules sont un compl\u00e9ment puissant aux cr\u00e8mes et gels d\u00e9colorants qui agissent sur l\u2019\u00e9clairage du teint de la peau de l\u2019ext\u00e9rieur. Aide \u00e0 \u00e9liminer les taches brunes et la pigmentation excessive, \u00e0 am\u00e9liorer l\u2019apparence g\u00e9n\u00e9rale de la peau dans les zones intimes et les zones sensibles.<\/span><\/li>\n<li class=\"a-spacing-mini\"><span class=\"a-list-item\">2000MG GLUTAHIONE &#8211; riche en glutathion, l\u2019un des antioxydants les plus puissants, aide \u00e0 maintenir une peau jeune et lisse. D\u00e9coloration pour tout le monde &#8211; les pilules d\u00e9colorantes v\u00e9g\u00e9taliennes agissent syst\u00e9matiquement sur toutes les zones \u00e0 probl\u00e8mes de la peau.<\/span><\/li>\n<li class=\"a-spacing-mini\"><span class=\"a-list-item\">EFFET ANTI-\u00c2GE &#8211; gardez votre peau liss\u00e9e, resserr\u00e9e et d\u2019apparence jeune, tout en \u00e9claircissant votre teint.\u00a0<\/span><\/li>\n<\/ul>","protected":false},"excerpt":{"rendered":"<p><strong>Bienfaits<\/strong><\/p>\n<ul>\n<li id=\"title\" class=\"a-size-large a-spacing-none\"><span id=\"productTitle\" class=\"a-size-large product-title-word-break\">Suppl\u00e9ment \u00e9claircissant efficace pour la peau <\/span><\/li>\n<li class=\"a-size-large a-spacing-none\"><span id=\"productTitle\" class=\"a-size-large product-title-word-break\">Taches brunes, m\u00e9lasma et cicatrices d\u2019acn\u00e9, <\/span><\/li>\n<li class=\"a-size-large a-spacing-none\"><span id=\"productTitle\" class=\"a-size-large product-title-word-break\">Traitement de l\u2019hyperpigmentation\u00a0<\/span><\/li>\n<li class=\"a-size-large a-spacing-none\"><span id=\"productTitle\" class=\"a-size-large product-title-word-break\"> Antioxydant anti-\u00e2ge<\/span><\/li>\n<\/ul>\n<p><strong>Mode d&#8217;emploi<\/strong>: Prendre 1 g\u00e9lule une \u00e0 trois fois par jour.<\/p>\n<div class=\"a-section content\">\n<p>&nbsp;<\/p>\n<\/div>\n<div class=\"a-section content\"><\/div>","protected":false},"featured_media":3215,"comment_status":"open","ping_status":"closed","template":"","meta":{"_joinchat":[]},"product_brand":[],"product_cat":[17],"product_tag":[382],"class_list":{"0":"post-3213","1":"product","2":"type-product","3":"status-publish","4":"has-post-thumbnail","6":"product_cat-vitamines","7":"product_tag-skin-whitening","9":"first","10":"outofstock","11":"sale","12":"shipping-taxable","13":"purchasable","14":"product-type-simple"},"jetpack_sharing_enabled":true,"_links":{"self":[{"href":"https:\/\/olympiaboutique.com\/en\/wp-json\/wp\/v2\/product\/3213","targetHints":{"allow":["GET"]}}],"collection":[{"href":"https:\/\/olympiaboutique.com\/en\/wp-json\/wp\/v2\/product"}],"about":[{"href":"https:\/\/olympiaboutique.com\/en\/wp-json\/wp\/v2\/types\/product"}],"replies":[{"embeddable":true,"href":"https:\/\/olympiaboutique.com\/en\/wp-json\/wp\/v2\/comments?post=3213"}],"wp:featuredmedia":[{"embeddable":true,"href":"https:\/\/olympiaboutique.com\/en\/wp-json\/wp\/v2\/media\/3215"}],"wp:attachment":[{"href":"https:\/\/olympiaboutique.com\/en\/wp-json\/wp\/v2\/media?parent=3213"}],"wp:term":[{"taxonomy":"product_brand","embeddable":true,"href":"https:\/\/olympiaboutique.com\/en\/wp-json\/wp\/v2\/product_brand?post=3213"},{"taxonomy":"product_cat","embeddable":true,"href":"https:\/\/olympiaboutique.com\/en\/wp-json\/wp\/v2\/product_cat?post=3213"},{"taxonomy":"product_tag","embeddable":true,"href":"https:\/\/olympiaboutique.com\/en\/wp-json\/wp\/v2\/product_tag?post=3213"}],"curies":[{"name":"wp","href":"https:\/\/api.w.org\/{rel}","templated":true}]}}