{"id":3209,"date":"2025-10-25T23:42:35","date_gmt":"2025-10-25T23:42:35","guid":{"rendered":"https:\/\/olympiaboutique.com\/?post_type=product&#038;p=3209"},"modified":"2025-12-01T04:26:35","modified_gmt":"2025-12-01T04:26:35","slug":"members-mark-advanced-mens-50-multivitamin-275-comprimes","status":"publish","type":"product","link":"https:\/\/olympiaboutique.com\/en\/product\/members-mark-advanced-mens-50-multivitamin-275-comprimes\/","title":{"rendered":"Member&#8217;s Mark Advanced Men&#8217;s 50+ Multivitamin, 275 comprim\u00e9s"},"content":{"rendered":"<p>La multivitamine Advanced pour hommes 50+ est un suppl\u00e9ment de soutien et pratique formul\u00e9 pour les hommes de plus de 50 ans. Avec un apport quotidien d\u2019un comprim\u00e9, il offre un m\u00e9lange \u00e9quilibr\u00e9 de 26 nutriments essentiels ainsi que de la lut\u00e9ine, du bore et de la poudre de palmier nain pour r\u00e9pondre \u00e0 vos besoins nutritionnels quotidiens.<\/p>\n<p>Cette multivitamine est formul\u00e9e sans colorants ni ar\u00f4mes artificiels, sans gluten et sans lait ou gd\u00e9riv\u00e9s du lait.<\/p>\n<p><strong>Mode d\u2019emploi :<\/strong>\u00a0Utilisation sugg\u00e9r\u00e9e : Adultes &#8211; Prendre un comprim\u00e9 par jour avec de la nourriture comme compl\u00e9ment alimentaire<\/p>","protected":false},"excerpt":{"rendered":"<p><strong>Bienfaits<\/strong><\/p>\n<ul>\n<li>Une bouteille de 275 comprim\u00e9s de multivitamines<\/li>\n<li>Con\u00e7u pour soutenir la sant\u00e9 des os, des muscles, des dents, du c\u0153ur, du cerveau, du syst\u00e8me immunitaire et des antioxydants, tout en contribuant au m\u00e9tabolisme \u00e9nerg\u00e9tique et \u00e0 la sant\u00e9 de la prostate chez les hommes de plus de 50 ans.<\/li>\n<li>Contient du palmier nain pour la sant\u00e9 de la prostate<\/li>\n<\/ul>","protected":false},"featured_media":3202,"comment_status":"open","ping_status":"closed","template":"","meta":{"_joinchat":[]},"product_brand":[],"product_cat":[17],"product_tag":[256],"class_list":{"0":"post-3209","1":"product","2":"type-product","3":"status-publish","4":"has-post-thumbnail","6":"product_cat-vitamines","7":"product_tag-member-s-mark","9":"first","10":"instock","11":"shipping-taxable","12":"purchasable","13":"product-type-simple"},"jetpack_sharing_enabled":true,"_links":{"self":[{"href":"https:\/\/olympiaboutique.com\/en\/wp-json\/wp\/v2\/product\/3209","targetHints":{"allow":["GET"]}}],"collection":[{"href":"https:\/\/olympiaboutique.com\/en\/wp-json\/wp\/v2\/product"}],"about":[{"href":"https:\/\/olympiaboutique.com\/en\/wp-json\/wp\/v2\/types\/product"}],"replies":[{"embeddable":true,"href":"https:\/\/olympiaboutique.com\/en\/wp-json\/wp\/v2\/comments?post=3209"}],"wp:featuredmedia":[{"embeddable":true,"href":"https:\/\/olympiaboutique.com\/en\/wp-json\/wp\/v2\/media\/3202"}],"wp:attachment":[{"href":"https:\/\/olympiaboutique.com\/en\/wp-json\/wp\/v2\/media?parent=3209"}],"wp:term":[{"taxonomy":"product_brand","embeddable":true,"href":"https:\/\/olympiaboutique.com\/en\/wp-json\/wp\/v2\/product_brand?post=3209"},{"taxonomy":"product_cat","embeddable":true,"href":"https:\/\/olympiaboutique.com\/en\/wp-json\/wp\/v2\/product_cat?post=3209"},{"taxonomy":"product_tag","embeddable":true,"href":"https:\/\/olympiaboutique.com\/en\/wp-json\/wp\/v2\/product_tag?post=3209"}],"curies":[{"name":"wp","href":"https:\/\/api.w.org\/{rel}","templated":true}]}}