{"id":3208,"date":"2025-10-25T23:32:08","date_gmt":"2025-10-25T23:32:08","guid":{"rendered":"https:\/\/olympiaboutique.com\/?post_type=product&#038;p=3208"},"modified":"2025-12-01T04:26:35","modified_gmt":"2025-12-01T04:26:35","slug":"members-mark-advanced-womens-multivitamin-275-comprimes","status":"publish","type":"product","link":"https:\/\/olympiaboutique.com\/en\/product\/members-mark-advanced-womens-multivitamin-275-comprimes\/","title":{"rendered":"Member&#8217;s Mark Advanced Women&#8217;s Multivitamin, 275 comprim\u00e9s"},"content":{"rendered":"<p>La multivitamine avanc\u00e9e pour femmes est un suppl\u00e9ment de soutien et pratique formul\u00e9 pour les femmes. Il offre un m\u00e9lange \u00e9quilibr\u00e9 de 29 vitamines, min\u00e9raux et herbes essentiels pour r\u00e9pondre \u00e0 vos besoins nutritionnels quotidiens. Cette multivitamine est formul\u00e9e sans colorants artificiels, ar\u00f4mes artificiels, gluten ou lactose. De plus, chaque bouteille contient 275 comprim\u00e9s, ce qui se traduit par environ 9 mois d\u2019approvisionnement, ce qui vous permet de ne pas en manquer.<\/p>\n<p>Int\u00e9grez cette multivitamine \u00e0 votre routine quotidienne pour soutenir votre sant\u00e9 globale en prenant <strong>un comprim\u00e9 par jour<\/strong> avec de la nourriture comme compl\u00e9ment alimentaire.<\/p>","protected":false},"excerpt":{"rendered":"<p><strong>Bienfaits<\/strong><\/p>\n<ul>\n<li>Une bouteille de 275 comprim\u00e9s de multivitamines<\/li>\n<li>Con\u00e7u pour soutenir la sant\u00e9 des os, des muscles, des dents, du c\u0153ur, du cerveau, du syst\u00e8me immunitaire, des cheveux, de la peau et des ongles, tout en favorisant le m\u00e9tabolisme \u00e9nerg\u00e9tique et l\u2019\u00e9quilibre hormonal chez les femmes<\/li>\n<li>La multivitamine pour femmes contient 29 vitamines, min\u00e9raux et herbes<\/li>\n<\/ul>","protected":false},"featured_media":3203,"comment_status":"open","ping_status":"closed","template":"","meta":{"_joinchat":[]},"product_brand":[],"product_cat":[17],"product_tag":[256],"class_list":{"0":"post-3208","1":"product","2":"type-product","3":"status-publish","4":"has-post-thumbnail","6":"product_cat-vitamines","7":"product_tag-member-s-mark","9":"first","10":"instock","11":"shipping-taxable","12":"purchasable","13":"product-type-simple"},"jetpack_sharing_enabled":true,"_links":{"self":[{"href":"https:\/\/olympiaboutique.com\/en\/wp-json\/wp\/v2\/product\/3208","targetHints":{"allow":["GET"]}}],"collection":[{"href":"https:\/\/olympiaboutique.com\/en\/wp-json\/wp\/v2\/product"}],"about":[{"href":"https:\/\/olympiaboutique.com\/en\/wp-json\/wp\/v2\/types\/product"}],"replies":[{"embeddable":true,"href":"https:\/\/olympiaboutique.com\/en\/wp-json\/wp\/v2\/comments?post=3208"}],"wp:featuredmedia":[{"embeddable":true,"href":"https:\/\/olympiaboutique.com\/en\/wp-json\/wp\/v2\/media\/3203"}],"wp:attachment":[{"href":"https:\/\/olympiaboutique.com\/en\/wp-json\/wp\/v2\/media?parent=3208"}],"wp:term":[{"taxonomy":"product_brand","embeddable":true,"href":"https:\/\/olympiaboutique.com\/en\/wp-json\/wp\/v2\/product_brand?post=3208"},{"taxonomy":"product_cat","embeddable":true,"href":"https:\/\/olympiaboutique.com\/en\/wp-json\/wp\/v2\/product_cat?post=3208"},{"taxonomy":"product_tag","embeddable":true,"href":"https:\/\/olympiaboutique.com\/en\/wp-json\/wp\/v2\/product_tag?post=3208"}],"curies":[{"name":"wp","href":"https:\/\/api.w.org\/{rel}","templated":true}]}}