{"id":3199,"date":"2025-10-25T23:11:21","date_gmt":"2025-10-25T23:11:21","guid":{"rendered":"https:\/\/olympiaboutique.com\/?post_type=product&#038;p=3199"},"modified":"2026-04-23T00:32:48","modified_gmt":"2026-04-23T00:32:48","slug":"members-mark-mens-daily-multivitamin-275-comprimes","status":"publish","type":"product","link":"https:\/\/olympiaboutique.com\/en\/product\/members-mark-mens-daily-multivitamin-275-comprimes\/","title":{"rendered":"Members Mark Men&#8217;s Daily Multivitamin, 275 comprim\u00e9s"},"content":{"rendered":"<p>La multivitamine avanc\u00e9e pour hommes Member\u2019s Mark regorge de nutriments essentiels pour fournir un soutien nutritionnel complet \u00e0 la sant\u00e9 des hommes. La vari\u00e9t\u00e9 de nutriments offre des avantages pour la sant\u00e9 dans de multiples domaines tels que le syst\u00e8me immunitaire, le c\u0153ur, le cerveau, les os, les muscles et les dents, et le soutien antioxydant.<\/p>\n<p>Cette formule avanc\u00e9e contient des formes hautement absorbables de vitamine E, de vitamine B12, de zinc, de et le chrome, ainsi qu\u2019une forme tamponn\u00e9e de vitamine C qui est moins acide et douce pour l\u2019estomac. Ce qui distingue notre formule, c\u2019est l\u2019incorporation de curcuma pour le soutien des articulations, de racine de betterave pour favoriser une circulation sanguine saine et de racine d\u2019\u00e9leuth\u00e9rocoque pour soutenir le m\u00e9tabolisme de l\u2019\u00e9nergie cellulaire<\/p>","protected":false},"excerpt":{"rendered":"<p><strong>Bienfaits<\/strong><\/p>\n<p>Ce suppl\u00e9ment est sp\u00e9cialement formul\u00e9 pour les hommes avec des nutriments cl\u00e9s pour soutenir leur sant\u00e9 globale. Chaque comprim\u00e9 contient 21 vitamines et min\u00e9raux, dont les vitamines A, C, D, E, B6 et B12, ainsi que 300 mcg de lycop\u00e8ne. Le lycop\u00e8ne est un puissant antioxydant dont il a \u00e9t\u00e9 d\u00e9montr\u00e9 qu\u2019il favorise la sant\u00e9 cardiaque et la fonction immunitaire.<\/p>\n<p><strong>Mode d\u2019emploi :<\/strong>\u00a0Adultes &#8211; Prendre un comprim\u00e9 par jour avec de la nourriture comme compl\u00e9ment alimentaire<\/p>","protected":false},"featured_media":3204,"comment_status":"open","ping_status":"closed","template":"","meta":{"_joinchat":[]},"product_brand":[],"product_cat":[17],"product_tag":[256],"class_list":{"0":"post-3199","1":"product","2":"type-product","3":"status-publish","4":"has-post-thumbnail","6":"product_cat-vitamines","7":"product_tag-member-s-mark","9":"first","10":"outofstock","11":"shipping-taxable","12":"purchasable","13":"product-type-simple"},"jetpack_sharing_enabled":true,"_links":{"self":[{"href":"https:\/\/olympiaboutique.com\/en\/wp-json\/wp\/v2\/product\/3199","targetHints":{"allow":["GET"]}}],"collection":[{"href":"https:\/\/olympiaboutique.com\/en\/wp-json\/wp\/v2\/product"}],"about":[{"href":"https:\/\/olympiaboutique.com\/en\/wp-json\/wp\/v2\/types\/product"}],"replies":[{"embeddable":true,"href":"https:\/\/olympiaboutique.com\/en\/wp-json\/wp\/v2\/comments?post=3199"}],"wp:featuredmedia":[{"embeddable":true,"href":"https:\/\/olympiaboutique.com\/en\/wp-json\/wp\/v2\/media\/3204"}],"wp:attachment":[{"href":"https:\/\/olympiaboutique.com\/en\/wp-json\/wp\/v2\/media?parent=3199"}],"wp:term":[{"taxonomy":"product_brand","embeddable":true,"href":"https:\/\/olympiaboutique.com\/en\/wp-json\/wp\/v2\/product_brand?post=3199"},{"taxonomy":"product_cat","embeddable":true,"href":"https:\/\/olympiaboutique.com\/en\/wp-json\/wp\/v2\/product_cat?post=3199"},{"taxonomy":"product_tag","embeddable":true,"href":"https:\/\/olympiaboutique.com\/en\/wp-json\/wp\/v2\/product_tag?post=3199"}],"curies":[{"name":"wp","href":"https:\/\/api.w.org\/{rel}","templated":true}]}}