{"id":3189,"date":"2025-10-25T19:30:24","date_gmt":"2025-10-25T19:30:24","guid":{"rendered":"https:\/\/olympiaboutique.com\/?post_type=product&#038;p=3189"},"modified":"2026-02-24T20:05:43","modified_gmt":"2026-02-24T20:05:43","slug":"neocell-grass-fed-collagen-peptides-20-g-par-portion-600-g","status":"publish","type":"product","link":"https:\/\/olympiaboutique.com\/en\/product\/neocell-grass-fed-collagen-peptides-20-g-par-portion-600-g\/","title":{"rendered":"NeoCell Grass Fed Collagen Peptides, 20 g par portion-600 g"},"content":{"rendered":"<ul class=\"a-unordered-list a-vertical a-spacing-mini\">\n<li class=\"a-spacing-mini\"><span class=\"a-list-item\">POUDRE DE SUPPL\u00c9MENT DE COLLAG\u00c8NE : Une cartouche de 21 oz de poudre de peptides de super collag\u00e8ne NeoCell non aromatis\u00e9e, un suppl\u00e9ment pour la peau, les cheveux, les ongles et les articulations pour soutenir votre beaut\u00e9 de l\u2019int\u00e9rieur\u00a0<\/span><\/li>\n<li class=\"a-spacing-mini\"><span class=\"a-list-item\">COLLAG\u00c8NE HYDROLYS\u00c9 : Le collag\u00e8ne NeoCell est fabriqu\u00e9 \u00e0 l\u2019aide d\u2019un processus sp\u00e9cial appel\u00e9 hydrolyse, qui convertit les grosses mol\u00e9cules de collag\u00e8ne en petits peptides de collag\u00e8ne facilement biodisponibles\u00a0<\/span><\/li>\n<li class=\"a-spacing-mini\"><span class=\"a-list-item\">SUPPL\u00c9MENTS DE COLLAG\u00c8NE DE TYPE 1 ET 3 : Chaque portion contient 20 grammes de collag\u00e8ne, une prot\u00e9ine structurelle complexe qui maintient la flexibilit\u00e9 dans tout le corps et favorise la sant\u00e9 de la peau, des cheveux, des ongles et des articulations<\/span><\/li>\n<\/ul>","protected":false},"excerpt":{"rendered":"<p><strong>Bienfaits<\/strong><\/p>\n<p>La poudre de peptides de super collag\u00e8ne NeoCell est sp\u00e9cialement formul\u00e9e pour soutenir votre beaut\u00e9 radieuse de l\u2019int\u00e9rieur et favoriser la production de collag\u00e8ne de votre corps<\/p>\n<p><strong>Mode d&#8217;utilisation<\/strong>: \u00a0Dissoudre deux cuill\u00e8res de peptides de super collag\u00e8ne NeoCell par jour dans votre boisson, smoothie ou recette pr\u00e9f\u00e9r\u00e9, et profitez des avantages du collag\u00e8ne<\/p>","protected":false},"featured_media":3190,"comment_status":"open","ping_status":"closed","template":"","meta":{"_joinchat":[]},"product_brand":[],"product_cat":[17],"product_tag":[152],"class_list":{"0":"post-3189","1":"product","2":"type-product","3":"status-publish","4":"has-post-thumbnail","6":"product_cat-vitamines","7":"product_tag-neocell-super-collagen-peptides","9":"first","10":"instock","11":"shipping-taxable","12":"purchasable","13":"product-type-simple"},"jetpack_sharing_enabled":true,"_links":{"self":[{"href":"https:\/\/olympiaboutique.com\/en\/wp-json\/wp\/v2\/product\/3189","targetHints":{"allow":["GET"]}}],"collection":[{"href":"https:\/\/olympiaboutique.com\/en\/wp-json\/wp\/v2\/product"}],"about":[{"href":"https:\/\/olympiaboutique.com\/en\/wp-json\/wp\/v2\/types\/product"}],"replies":[{"embeddable":true,"href":"https:\/\/olympiaboutique.com\/en\/wp-json\/wp\/v2\/comments?post=3189"}],"wp:featuredmedia":[{"embeddable":true,"href":"https:\/\/olympiaboutique.com\/en\/wp-json\/wp\/v2\/media\/3190"}],"wp:attachment":[{"href":"https:\/\/olympiaboutique.com\/en\/wp-json\/wp\/v2\/media?parent=3189"}],"wp:term":[{"taxonomy":"product_brand","embeddable":true,"href":"https:\/\/olympiaboutique.com\/en\/wp-json\/wp\/v2\/product_brand?post=3189"},{"taxonomy":"product_cat","embeddable":true,"href":"https:\/\/olympiaboutique.com\/en\/wp-json\/wp\/v2\/product_cat?post=3189"},{"taxonomy":"product_tag","embeddable":true,"href":"https:\/\/olympiaboutique.com\/en\/wp-json\/wp\/v2\/product_tag?post=3189"}],"curies":[{"name":"wp","href":"https:\/\/api.w.org\/{rel}","templated":true}]}}