{"id":3067,"date":"2025-04-17T08:49:26","date_gmt":"2025-04-17T08:49:26","guid":{"rendered":"https:\/\/olympiaboutique.com\/?post_type=product&#038;p=3067"},"modified":"2025-12-01T04:26:36","modified_gmt":"2025-12-01T04:26:36","slug":"cerave-am-facial-moisturizing-lotion-spf-30-pm-moisturizing-face-lotion-kit-89-ml-x2","status":"publish","type":"product","link":"https:\/\/olympiaboutique.com\/en\/product\/cerave-am-facial-moisturizing-lotion-spf-30-pm-moisturizing-face-lotion-kit-89-ml-x2\/","title":{"rendered":"CeraVe AM Facial Moisturizing Lotion SPF 30- PM Moisturizing Face Lotion, KIT-89 ml (x2)"},"content":{"rendered":"<p>D\u00e9velopp\u00e9 avec des dermatologues \u00e0 l&#8217;aide d&#8217;acide hyaluronique et de niacinamide, le Kit hydratant pour le visage<strong> CeraVe<\/strong> contient deux formules pour garder votre visage hydrat\u00e9 jour et nuit.<\/p>\n<p>Avec trois c\u00e9ramides essentiels, les lotions CeraVe AM et PM aident \u00e0 restaurer la barri\u00e8re protectrice naturelle de votre peau.<\/p>\n<p><strong>Caract\u00e9ristiques du produit<\/strong> : Les lotions pour le visage AM et PM aident \u00e0 hydrater la peau jour et nuit. La formule AM contient un \u00e9cran solaire \u00e0 large spectre SPF 30 pour prot\u00e9ger la peau du soleil. L&#8217;acide hyaluronique aide \u00e0 conserver l&#8217;hydratation naturelle de la peau, tandis que le niacinamide apaise la peau c\u00e9ramides et procure une hydratation longue.\u00a0 Non com\u00e9dog\u00e8ne ; n&#8217;obstrue pas les pores Id\u00e9al pour les peaux normales \u00e0 grasses Ultra l\u00e9ger Comprend deux\u00a0 flacons de lotion hydratante pour le visage.<\/p>","protected":false},"excerpt":{"rendered":"<p><strong>Bienfaits<\/strong><\/p>\n<ul>\n<li>Comprend la lotion hydratante faciale CeraVe AM avec SPF 30 \u00e0 large spectre et la lotion hydratante faciale CeraVe PM<\/li>\n<li>Hydrate tout au long de la journ\u00e9e et aide \u00e0 restaurer la barri\u00e8re protectrice de la peau<\/li>\n<li>\u00a0Avec le niacinamide hydrate toute la nuit et aide \u00e0 restaurer la barri\u00e8re protectrice de la peau<\/li>\n<li>\u00a0Aide \u00e0 retenir l&#8217;humidit\u00e9 de la peau<\/li>\n<\/ul>","protected":false},"featured_media":3065,"comment_status":"open","ping_status":"closed","template":"","meta":{"_joinchat":[]},"product_brand":[],"product_cat":[22],"product_tag":[320],"class_list":{"0":"post-3067","1":"product","2":"type-product","3":"status-publish","4":"has-post-thumbnail","6":"product_cat-skincare","7":"product_tag-cerave","9":"first","10":"outofstock","11":"shipping-taxable","12":"purchasable","13":"product-type-simple"},"jetpack_sharing_enabled":true,"_links":{"self":[{"href":"https:\/\/olympiaboutique.com\/en\/wp-json\/wp\/v2\/product\/3067","targetHints":{"allow":["GET"]}}],"collection":[{"href":"https:\/\/olympiaboutique.com\/en\/wp-json\/wp\/v2\/product"}],"about":[{"href":"https:\/\/olympiaboutique.com\/en\/wp-json\/wp\/v2\/types\/product"}],"replies":[{"embeddable":true,"href":"https:\/\/olympiaboutique.com\/en\/wp-json\/wp\/v2\/comments?post=3067"}],"wp:featuredmedia":[{"embeddable":true,"href":"https:\/\/olympiaboutique.com\/en\/wp-json\/wp\/v2\/media\/3065"}],"wp:attachment":[{"href":"https:\/\/olympiaboutique.com\/en\/wp-json\/wp\/v2\/media?parent=3067"}],"wp:term":[{"taxonomy":"product_brand","embeddable":true,"href":"https:\/\/olympiaboutique.com\/en\/wp-json\/wp\/v2\/product_brand?post=3067"},{"taxonomy":"product_cat","embeddable":true,"href":"https:\/\/olympiaboutique.com\/en\/wp-json\/wp\/v2\/product_cat?post=3067"},{"taxonomy":"product_tag","embeddable":true,"href":"https:\/\/olympiaboutique.com\/en\/wp-json\/wp\/v2\/product_tag?post=3067"}],"curies":[{"name":"wp","href":"https:\/\/api.w.org\/{rel}","templated":true}]}}