{"id":2978,"date":"2024-07-26T15:03:40","date_gmt":"2024-07-26T15:03:40","guid":{"rendered":"https:\/\/olympiaboutique.com\/?post_type=product&#038;p=2978"},"modified":"2025-12-01T04:26:36","modified_gmt":"2025-12-01T04:26:36","slug":"the-ordinary-alpha-arbutin-2-ha-serum-anti-hyper-pigmentation-30-ml","status":"publish","type":"product","link":"https:\/\/olympiaboutique.com\/en\/product\/the-ordinary-alpha-arbutin-2-ha-serum-anti-hyper-pigmentation-30-ml\/","title":{"rendered":"THE ORDINARY Alpha Arbutin 2% + HA S\u00e9rum Anti Hyper-Pigmentation, 30 ML"},"content":{"rendered":"<p>Alpha Arbutin 2% + HA est un s\u00e9rum \u00e0 base d&#8217;eau sp\u00e9cialement con\u00e7u pour cibler le teint irr\u00e9gulier et am\u00e9liorer visiblement la pigmentation. Il associe une forte concentration d&#8217;alpha-arbutine purifi\u00e9e, un ingr\u00e9dient \u00e9claircissant pour la peau bien connu, \u00e0 de l&#8217;acide hyaluronique. L&#8217;alpha-arbutine purifi\u00e9e agit pour cibler les taches brunes et le teint irr\u00e9gulier. Pendant ce temps, l\u2019acide hyaluronique aide \u00e0 favoriser l\u2019absorption du produit par la peau.<\/p>\n<p>Conseils d\u2019utilisation:<br \/>\nAppliquer quelques gouttes sur le visage matin et soir avant les cr\u00e8mes. Une sensation de<br \/>\npicotement peut \u00eatre ressentie apr\u00e8s l\u2019application. Si cette sensation est difficile \u00e0 tol\u00e9rer, la formule peut \u00eatre m\u00e9lang\u00e9e avec d\u2019autres cr\u00e8mes ou s\u00e9rums de votre choix avant chaque application.<\/p>","protected":false},"excerpt":{"rendered":"<p><strong>Bienfaits<\/strong><\/p>\n<p>Ce s\u00e9rum cible visiblement l\u2019hyperpigmentation et les taches brunes. L\u2019Alpha Arbutine est propos\u00e9e dans une concentration de 2 % (par rapport \u00e0 une concentration normale de 1 %) et combin\u00e9e \u00e0 une forme d\u2019acide hyaluronique de nouvelle g\u00e9n\u00e9ration pour en faciliter la diss\u00e9mination. L\u2019alpha-arbutine exerce des effets bien plus puissants que l\u2019arbutine ou la b\u00eata-arbutine. Exploitant les pouvoirs de l\u2019Alpha Arbutin et de l\u2019Acide Hyaluronique purifi\u00e9s, ce s\u00e9rum l\u00e9ger et \u00e0 absorption rapide travaille \u00e0 minimiser l\u2019apparence des taches brunes et des imperfections, tout en inhibant la formation de m\u00e9lanine pour r\u00e9duire l\u2019apparence de l\u2019hyperpigmentation. Compl\u00e9ter avec une pipette doseur pour une application sans g\u00e2chis.<br \/>\nSans parab\u00e8nes, sulfates et huile min\u00e9rale.<\/p>","protected":false},"featured_media":2970,"comment_status":"open","ping_status":"closed","template":"","meta":{"_joinchat":[]},"product_brand":[],"product_cat":[22],"product_tag":[241],"class_list":{"0":"post-2978","1":"product","2":"type-product","3":"status-publish","4":"has-post-thumbnail","6":"product_cat-skincare","7":"product_tag-the-ordinary","9":"first","10":"outofstock","11":"shipping-taxable","12":"purchasable","13":"product-type-simple"},"jetpack_sharing_enabled":true,"_links":{"self":[{"href":"https:\/\/olympiaboutique.com\/en\/wp-json\/wp\/v2\/product\/2978","targetHints":{"allow":["GET"]}}],"collection":[{"href":"https:\/\/olympiaboutique.com\/en\/wp-json\/wp\/v2\/product"}],"about":[{"href":"https:\/\/olympiaboutique.com\/en\/wp-json\/wp\/v2\/types\/product"}],"replies":[{"embeddable":true,"href":"https:\/\/olympiaboutique.com\/en\/wp-json\/wp\/v2\/comments?post=2978"}],"wp:featuredmedia":[{"embeddable":true,"href":"https:\/\/olympiaboutique.com\/en\/wp-json\/wp\/v2\/media\/2970"}],"wp:attachment":[{"href":"https:\/\/olympiaboutique.com\/en\/wp-json\/wp\/v2\/media?parent=2978"}],"wp:term":[{"taxonomy":"product_brand","embeddable":true,"href":"https:\/\/olympiaboutique.com\/en\/wp-json\/wp\/v2\/product_brand?post=2978"},{"taxonomy":"product_cat","embeddable":true,"href":"https:\/\/olympiaboutique.com\/en\/wp-json\/wp\/v2\/product_cat?post=2978"},{"taxonomy":"product_tag","embeddable":true,"href":"https:\/\/olympiaboutique.com\/en\/wp-json\/wp\/v2\/product_tag?post=2978"}],"curies":[{"name":"wp","href":"https:\/\/api.w.org\/{rel}","templated":true}]}}