{"id":2946,"date":"2024-06-22T16:03:48","date_gmt":"2024-06-22T16:03:48","guid":{"rendered":"https:\/\/olympiaboutique.com\/?post_type=product&#038;p=2946"},"modified":"2026-02-24T20:07:49","modified_gmt":"2026-02-24T20:07:49","slug":"ensure-plus-shake-pack-24","status":"publish","type":"product","link":"https:\/\/olympiaboutique.com\/en\/product\/ensure-plus-shake-pack-24\/","title":{"rendered":"Ensure Plus shake, 236 ml, Pack 24"},"content":{"rendered":"<div class=\"mb3\">\n<div class=\"dangerous-html mb3\">Les shakes nutritionnels Ensure Plus contiennent 16 grammes de prot\u00e9ines et 27 vitamines et min\u00e9raux. Il est cliniquement prouv\u00e9 qu\u2019ils aident les gens \u00e0 prendre du poids. Assurez-vous que les shakes nutritionnels soutiennent la sant\u00e9 immunitaire en fournissant des prot\u00e9ines, des vitamines A et D, du zinc et des vitamines C et E. Ces shakes sont casher, halal et adapt\u00e9s \u00e0 l\u2019intol\u00e9rance au lactose.<\/div>\n<\/div>\n<div class=\"mb3\">\n<div class=\"dangerous-html mb3\">\n<ul>\n<li>Des shakes nutritionnels qui fournissent une nutrition compl\u00e8te et \u00e9quilibr\u00e9e<\/li>\n<li>Cliniquement prouv\u00e9 pour aider \u00e0 prendre du poids<\/li>\n<li>Soutenez la sant\u00e9 du syst\u00e8me immunitaire avec 7 nutriments cl\u00e9s dans Ensure Plus<\/li>\n<li>27 vitamines et min\u00e9raux essentiels<\/li>\n<li>Une fa\u00e7on savoureuse d\u2019aider \u00e0 atteindre les objectifs nutritionnels quotidiens<\/li>\n<li>Marque #1 recommand\u00e9e par les m\u00e9decins<\/li>\n<\/ul>\n<\/div>\n<\/div>","protected":false},"excerpt":{"rendered":"<p>De la marque la plus recommand\u00e9e par les m\u00e9decins, les shakes Ensure Plus Nutrition fournissent une nutrition compl\u00e8te et \u00e9quilibr\u00e9e pour vous aider \u00e0 prendre et \u00e0 maintenir un poids sant\u00e9.\u00a0Chaque shake contient 13 grammes de prot\u00e9ines et 27 vitamines et min\u00e9raux essentiels.<\/p>","protected":false},"featured_media":2937,"comment_status":"open","ping_status":"closed","template":"","meta":{"_joinchat":[]},"product_brand":[],"product_cat":[23],"product_tag":[179],"class_list":{"0":"post-2946","1":"product","2":"type-product","3":"status-publish","4":"has-post-thumbnail","6":"product_cat-food","7":"product_tag-shake-ensure","9":"first","10":"outofstock","11":"shipping-taxable","12":"purchasable","13":"product-type-simple"},"jetpack_sharing_enabled":true,"_links":{"self":[{"href":"https:\/\/olympiaboutique.com\/en\/wp-json\/wp\/v2\/product\/2946","targetHints":{"allow":["GET"]}}],"collection":[{"href":"https:\/\/olympiaboutique.com\/en\/wp-json\/wp\/v2\/product"}],"about":[{"href":"https:\/\/olympiaboutique.com\/en\/wp-json\/wp\/v2\/types\/product"}],"replies":[{"embeddable":true,"href":"https:\/\/olympiaboutique.com\/en\/wp-json\/wp\/v2\/comments?post=2946"}],"wp:featuredmedia":[{"embeddable":true,"href":"https:\/\/olympiaboutique.com\/en\/wp-json\/wp\/v2\/media\/2937"}],"wp:attachment":[{"href":"https:\/\/olympiaboutique.com\/en\/wp-json\/wp\/v2\/media?parent=2946"}],"wp:term":[{"taxonomy":"product_brand","embeddable":true,"href":"https:\/\/olympiaboutique.com\/en\/wp-json\/wp\/v2\/product_brand?post=2946"},{"taxonomy":"product_cat","embeddable":true,"href":"https:\/\/olympiaboutique.com\/en\/wp-json\/wp\/v2\/product_cat?post=2946"},{"taxonomy":"product_tag","embeddable":true,"href":"https:\/\/olympiaboutique.com\/en\/wp-json\/wp\/v2\/product_tag?post=2946"}],"curies":[{"name":"wp","href":"https:\/\/api.w.org\/{rel}","templated":true}]}}