{"id":2936,"date":"2024-06-22T14:16:49","date_gmt":"2024-06-22T14:16:49","guid":{"rendered":"https:\/\/olympiaboutique.com\/?post_type=product&#038;p=2936"},"modified":"2025-12-01T04:26:37","modified_gmt":"2025-12-01T04:26:37","slug":"ensure-plus-shake-236-ml-paquet-de-30-vanille","status":"publish","type":"product","link":"https:\/\/olympiaboutique.com\/en\/product\/ensure-plus-shake-236-ml-paquet-de-30-vanille\/","title":{"rendered":"Ensure Plus Shake, 236 ml, paquet de 30"},"content":{"rendered":"<p>ENSURE PLUS fournit des calories et des prot\u00e9ines concentr\u00e9es pour aider les patients \u00e0 prendre ou \u00e0 maintenir un poids sant\u00e9. Il peut \u00eatre b\u00e9n\u00e9fique pour les patients souffrant de malnutrition, pr\u00e9sentant un risque nutritionnel ou une perte de poids involontaire. Pour usage oral. Pour une alimentation interm\u00e9diaire \u00e0 source unique. Pour aider \u00e0 prendre ou \u00e0 maintenir un poids sant\u00e9.<\/p>\n<ul>\n<li>FORCE ET \u00c9NERGIE: une nutrition scientifiquement con\u00e7ue pour la force et l\u2019\u00e9nergie<\/li>\n<li>NUTRITION COMPL\u00c8TE: Chaque Shake Ensure Plus fournit 350 calories et 13 grammes de prot\u00e9ines et 27 vitamines et min\u00e9raux pour vous fournir une nutrition compl\u00e8te<\/li>\n<li>GRAND GO\u00dbT: Une excellente fa\u00e7on d\u2019obtenir des prot\u00e9ines et des antioxydants (vitamines C, E et s\u00e9l\u00e9nium) tous les jours<\/li>\n<li>Convient pour l\u2019intol\u00e9rance au lactose et sans gluten.\u00a0(Pas pour les personnes atteintes de galactos\u00e9mie)<\/li>\n<li>UTILISATION QUOTIDIENNE: Boire 1 \u00e0 2 shakes par jour pour gagner et maintenir un poids sant\u00e9.<\/li>\n<\/ul>","protected":false},"excerpt":{"rendered":"<p><strong>Bienfaits<\/strong><\/p>\n<ul>\n<li>Pour la sant\u00e9 immunitaire, osseuse et musculaire<\/li>\n<li>Soutient la production de collag\u00e8ne<\/li>\n<li>16 grammes de prot\u00e9ines de haute qualit\u00e9<\/li>\n<li>27 vitamines et min\u00e9raux<\/li>\n<li>350 calories<\/li>\n<\/ul>\n<p>De la marque la plus recommand\u00e9e par les m\u00e9decins, les shakes Ensure Plus Nutrition fournissent une nutrition compl\u00e8te et \u00e9quilibr\u00e9e pour vous aider \u00e0 prendre et \u00e0 maintenir un poids sant\u00e9.\u00a0Chaque shake contient 13 grammes de prot\u00e9ines et 27 vitamines et min\u00e9raux essentiels.<\/p>","protected":false},"featured_media":2940,"comment_status":"open","ping_status":"closed","template":"","meta":{"_joinchat":[]},"product_brand":[],"product_cat":[23],"product_tag":[179],"class_list":{"0":"post-2936","1":"product","2":"type-product","3":"status-publish","4":"has-post-thumbnail","6":"product_cat-food","7":"product_tag-shake-ensure","9":"first","10":"outofstock","11":"shipping-taxable","12":"purchasable","13":"product-type-simple"},"jetpack_sharing_enabled":true,"_links":{"self":[{"href":"https:\/\/olympiaboutique.com\/en\/wp-json\/wp\/v2\/product\/2936","targetHints":{"allow":["GET"]}}],"collection":[{"href":"https:\/\/olympiaboutique.com\/en\/wp-json\/wp\/v2\/product"}],"about":[{"href":"https:\/\/olympiaboutique.com\/en\/wp-json\/wp\/v2\/types\/product"}],"replies":[{"embeddable":true,"href":"https:\/\/olympiaboutique.com\/en\/wp-json\/wp\/v2\/comments?post=2936"}],"wp:featuredmedia":[{"embeddable":true,"href":"https:\/\/olympiaboutique.com\/en\/wp-json\/wp\/v2\/media\/2940"}],"wp:attachment":[{"href":"https:\/\/olympiaboutique.com\/en\/wp-json\/wp\/v2\/media?parent=2936"}],"wp:term":[{"taxonomy":"product_brand","embeddable":true,"href":"https:\/\/olympiaboutique.com\/en\/wp-json\/wp\/v2\/product_brand?post=2936"},{"taxonomy":"product_cat","embeddable":true,"href":"https:\/\/olympiaboutique.com\/en\/wp-json\/wp\/v2\/product_cat?post=2936"},{"taxonomy":"product_tag","embeddable":true,"href":"https:\/\/olympiaboutique.com\/en\/wp-json\/wp\/v2\/product_tag?post=2936"}],"curies":[{"name":"wp","href":"https:\/\/api.w.org\/{rel}","templated":true}]}}