{"id":2932,"date":"2024-06-22T13:31:48","date_gmt":"2024-06-22T13:31:48","guid":{"rendered":"https:\/\/olympiaboutique.com\/?post_type=product&#038;p=2932"},"modified":"2025-12-01T04:26:37","modified_gmt":"2025-12-01T04:26:37","slug":"boost-high-protein-nutritional-drink-vanilla-28-bottles-664l","status":"publish","type":"product","link":"https:\/\/olympiaboutique.com\/en\/product\/boost-high-protein-nutritional-drink-vanilla-28-bottles-664l\/","title":{"rendered":"BOOST High Protein Nutritional Drink, Vanilla, 236 ml, Pack de 28"},"content":{"rendered":"<div class=\"mb3\">\n<div class=\"dangerous-html mb3\">Ce shake riche en prot\u00e9ines est con\u00e7u pour fournir de l\u2019\u00e9nergie nutritionnelle avec 250 calories riches en nutriments et des vitamines B pour aider \u00e0 convertir les aliments en \u00e9nergie. Les boissons nutritionnelles hyperprot\u00e9in\u00e9es BOOST Very Vanilla ont un d\u00e9licieux go\u00fbt de vanille que vous adorerez et fournissent 100 % plus de prot\u00e9ines que les boissons BOOST Original (20 g de prot\u00e9ines contre 10 g dans BOOST Original). Ce pack de boisson prot\u00e9in\u00e9e \u00e0 la vanille comprend six bouteilles refermables de 8 onces liquides pour un stockage et une portabilit\u00e9 faciles. Que vous souhaitiez plus de prot\u00e9ines, moins de sucres, plus de calories, moins de calories ou simplement une excellente nutrition pour la vie quotidienne, il existe des shakes nutritionnels BOOST qui r\u00e9pondent \u00e0 vos besoins.<\/div>\n<\/div>\n<div class=\"mb3\">\n<div class=\"dangerous-html mb3\">\n<ul>\n<li>Paquet de 28 bouteilles de 236 ml de boisson nutritionnelle BOOST High Protein Very Vanilla<\/li>\n<li>Boisson prot\u00e9in\u00e9e \u00e0 la vanille au d\u00e9licieux go\u00fbt de vanille que vous allez adorer<\/li>\n<li>Boissons hyperprot\u00e9in\u00e9es avec 20 g de prot\u00e9ines de haute qualit\u00e9 pour la sant\u00e9 musculaire et 27 vitamines et min\u00e9raux<\/li>\n<li>Des shakes prot\u00e9in\u00e9s con\u00e7us pour fournir de l\u2019\u00e9nergie nutritionnelle avec 250 calories riches en nutriments et des vitamines B pour aider \u00e0 convertir les aliments en \u00e9nergie<\/li>\n<li>Boisson nutritionnelle qui contient 100 % de prot\u00e9ines en plus que le shake BOOST Original (20 g de prot\u00e9ines dans la boisson BOOST High Protein contre 10 g dans BOOST Original)<\/li>\n<li>Le shake prot\u00e9in\u00e9 est sans gluten<\/li>\n<\/ul>\n<\/div>\n<\/div>","protected":false},"excerpt":{"rendered":"<p>Savourez les boissons nutritionnelles hyperprot\u00e9in\u00e9es BOOST comme un d\u00e9licieux mini-repas ou une collation riche en prot\u00e9ines. Avec 20 g de prot\u00e9ines de haute qualit\u00e9 pour la SANT\u00c9 MUSCULAIRE, ainsi que 27 vitamines et min\u00e9raux, dont les vitamines C et D, le zinc, le fer et le s\u00e9l\u00e9nium, des nutriments cl\u00e9s pour le soutien immunitaire, les boissons hyperprot\u00e9in\u00e9es BOOST fournissent la nutrition dont vous avez besoin pour faire plus de ce que vous voulez.<\/p>","protected":false},"featured_media":2934,"comment_status":"open","ping_status":"closed","template":"","meta":{"_joinchat":[]},"product_brand":[],"product_cat":[23],"product_tag":[377],"class_list":{"0":"post-2932","1":"product","2":"type-product","3":"status-publish","4":"has-post-thumbnail","6":"product_cat-food","7":"product_tag-nestle-boost","9":"first","10":"outofstock","11":"shipping-taxable","12":"purchasable","13":"product-type-simple"},"jetpack_sharing_enabled":true,"_links":{"self":[{"href":"https:\/\/olympiaboutique.com\/en\/wp-json\/wp\/v2\/product\/2932","targetHints":{"allow":["GET"]}}],"collection":[{"href":"https:\/\/olympiaboutique.com\/en\/wp-json\/wp\/v2\/product"}],"about":[{"href":"https:\/\/olympiaboutique.com\/en\/wp-json\/wp\/v2\/types\/product"}],"replies":[{"embeddable":true,"href":"https:\/\/olympiaboutique.com\/en\/wp-json\/wp\/v2\/comments?post=2932"}],"wp:featuredmedia":[{"embeddable":true,"href":"https:\/\/olympiaboutique.com\/en\/wp-json\/wp\/v2\/media\/2934"}],"wp:attachment":[{"href":"https:\/\/olympiaboutique.com\/en\/wp-json\/wp\/v2\/media?parent=2932"}],"wp:term":[{"taxonomy":"product_brand","embeddable":true,"href":"https:\/\/olympiaboutique.com\/en\/wp-json\/wp\/v2\/product_brand?post=2932"},{"taxonomy":"product_cat","embeddable":true,"href":"https:\/\/olympiaboutique.com\/en\/wp-json\/wp\/v2\/product_cat?post=2932"},{"taxonomy":"product_tag","embeddable":true,"href":"https:\/\/olympiaboutique.com\/en\/wp-json\/wp\/v2\/product_tag?post=2932"}],"curies":[{"name":"wp","href":"https:\/\/api.w.org\/{rel}","templated":true}]}}