{"id":2851,"date":"2024-04-13T20:49:21","date_gmt":"2024-04-13T20:49:21","guid":{"rendered":"https:\/\/olympiaboutique.com\/?post_type=product&#038;p=2851"},"modified":"2025-12-01T04:26:37","modified_gmt":"2025-12-01T04:26:37","slug":"azure-collagen-50-ml","status":"publish","type":"product","link":"https:\/\/olympiaboutique.com\/en\/product\/azure-collagen-50-ml\/","title":{"rendered":"Azure Collagen &#038; Hyaluronic Anti-aging Night Cream; 50 ml"},"content":{"rendered":"<ul class=\"a-unordered-list a-vertical a-spacing-mini\">\n<li class=\"a-spacing-mini\"><span class=\"a-list-item\">INGR\u00c9DIENTS ACTIFS DE QUALIT\u00c9 SUP\u00c9RIEURE : Nos produits de soins de la peau sont fabriqu\u00e9s \u00e0 partir d\u2019ingr\u00e9dients de haute qualit\u00e9 tels que le collag\u00e8ne avec de l\u2019acide hyaluronique, qui poss\u00e8de des propri\u00e9t\u00e9s anti-\u00e2ge, tandis que l\u2019aloe vera et le beurre de karit\u00e9 maintiennent la peau hydrat\u00e9e. Cette cr\u00e8me raffermissante l\u00e9g\u00e8re pour le visage repulpe votre peau et laisse votre visage ros\u00e9 et \u00e9clatant.<\/span><\/li>\n<\/ul>","protected":false},"excerpt":{"rendered":"<p><strong>Bienfaits<\/strong><\/p>\n<p>La cr\u00e8me de nuit anti-\u00e2ge au collag\u00e8ne et \u00e0 l\u2019acide hyaluronique aide \u00e0 r\u00e9duire les rides, hydrate et lisse la peau.<\/p>\n<ul>\n<li>AVANTAGES\u00a0: Aide \u00e0 hydrater, lisser et rajeunir votre peau, en r\u00e9duisant l\u2019apparence des rides et ridules, en raffermissant la peau et en unifiant le teint pour plus de jeunesse, revitalis\u00e9 et \u00e9clat<\/li>\n<\/ul>","protected":false},"featured_media":2845,"comment_status":"open","ping_status":"closed","template":"","meta":{"_joinchat":[]},"product_brand":[],"product_cat":[22],"product_tag":[298],"class_list":{"0":"post-2851","1":"product","2":"type-product","3":"status-publish","4":"has-post-thumbnail","6":"product_cat-skincare","7":"product_tag-azure","9":"first","10":"outofstock","11":"shipping-taxable","12":"purchasable","13":"product-type-simple"},"jetpack_sharing_enabled":true,"_links":{"self":[{"href":"https:\/\/olympiaboutique.com\/en\/wp-json\/wp\/v2\/product\/2851","targetHints":{"allow":["GET"]}}],"collection":[{"href":"https:\/\/olympiaboutique.com\/en\/wp-json\/wp\/v2\/product"}],"about":[{"href":"https:\/\/olympiaboutique.com\/en\/wp-json\/wp\/v2\/types\/product"}],"replies":[{"embeddable":true,"href":"https:\/\/olympiaboutique.com\/en\/wp-json\/wp\/v2\/comments?post=2851"}],"wp:featuredmedia":[{"embeddable":true,"href":"https:\/\/olympiaboutique.com\/en\/wp-json\/wp\/v2\/media\/2845"}],"wp:attachment":[{"href":"https:\/\/olympiaboutique.com\/en\/wp-json\/wp\/v2\/media?parent=2851"}],"wp:term":[{"taxonomy":"product_brand","embeddable":true,"href":"https:\/\/olympiaboutique.com\/en\/wp-json\/wp\/v2\/product_brand?post=2851"},{"taxonomy":"product_cat","embeddable":true,"href":"https:\/\/olympiaboutique.com\/en\/wp-json\/wp\/v2\/product_cat?post=2851"},{"taxonomy":"product_tag","embeddable":true,"href":"https:\/\/olympiaboutique.com\/en\/wp-json\/wp\/v2\/product_tag?post=2851"}],"curies":[{"name":"wp","href":"https:\/\/api.w.org\/{rel}","templated":true}]}}