{"id":2840,"date":"2024-04-13T16:58:39","date_gmt":"2024-04-13T16:58:39","guid":{"rendered":"https:\/\/olympiaboutique.com\/?post_type=product&#038;p=2840"},"modified":"2025-12-01T04:26:37","modified_gmt":"2025-12-01T04:26:37","slug":"cerave-moisturizing-cream-453g","status":"publish","type":"product","link":"https:\/\/olympiaboutique.com\/en\/product\/cerave-moisturizing-cream-453g\/","title":{"rendered":"CERAVE Moisturizing Cream, 453G"},"content":{"rendered":"<p>Hypoallerg\u00e9nique et test\u00e9 contre les allergies<br \/>\nNon com\u00e9dog\u00e8ne<br \/>\nAccept\u00e9 par l\u2019Association nationale de l\u2019ecz\u00e9ma<br \/>\nD\u00e9velopp\u00e9 avec des dermatologues<\/p>\n<p><strong>Mode d\u2019utilisation<\/strong>: Appliquer g\u00e9n\u00e9reusement aussi souvent que n\u00e9cessaire, ou selon les directives d\u2019un m\u00e9decin sur le visage et le corps.<\/p>","protected":false},"excerpt":{"rendered":"<p><strong>Bienfaits<\/strong><\/p>\n<p>La \u00a0cr\u00e8me hydratante CeraVe \u00e0 l\u2019acide hyaluronique hydrate les peaux s\u00e8ches pendant 24 heures tout en reconstituant la barri\u00e8re cutan\u00e9e avec des c\u00e9ramides.<\/p>\n<ul>\n<li>La formule de cr\u00e8me hydratante riche et velout\u00e9e contient de l\u2019acide hyaluronique pour laisser la peau s\u00e8che douce et confortable<\/li>\n<li>Convient pour une utilisation comme cr\u00e8me pour le visage, cr\u00e8me pour le corps et cr\u00e8me pour les mains<\/li>\n<li>Absorbe rapidement pour adoucir la peau sans laisser de sensation grasse ou collante<\/li>\n<li>Id\u00e9al pour tous les types de peau, y compris les peaux sensibles<\/li>\n<li>Formule douce et non irritante<\/li>\n<\/ul>","protected":false},"featured_media":2832,"comment_status":"open","ping_status":"closed","template":"","meta":{"_joinchat":[]},"product_brand":[],"product_cat":[22],"product_tag":[320],"class_list":{"0":"post-2840","1":"product","2":"type-product","3":"status-publish","4":"has-post-thumbnail","6":"product_cat-skincare","7":"product_tag-cerave","9":"first","10":"outofstock","11":"shipping-taxable","12":"purchasable","13":"product-type-simple"},"jetpack_sharing_enabled":true,"_links":{"self":[{"href":"https:\/\/olympiaboutique.com\/en\/wp-json\/wp\/v2\/product\/2840","targetHints":{"allow":["GET"]}}],"collection":[{"href":"https:\/\/olympiaboutique.com\/en\/wp-json\/wp\/v2\/product"}],"about":[{"href":"https:\/\/olympiaboutique.com\/en\/wp-json\/wp\/v2\/types\/product"}],"replies":[{"embeddable":true,"href":"https:\/\/olympiaboutique.com\/en\/wp-json\/wp\/v2\/comments?post=2840"}],"wp:featuredmedia":[{"embeddable":true,"href":"https:\/\/olympiaboutique.com\/en\/wp-json\/wp\/v2\/media\/2832"}],"wp:attachment":[{"href":"https:\/\/olympiaboutique.com\/en\/wp-json\/wp\/v2\/media?parent=2840"}],"wp:term":[{"taxonomy":"product_brand","embeddable":true,"href":"https:\/\/olympiaboutique.com\/en\/wp-json\/wp\/v2\/product_brand?post=2840"},{"taxonomy":"product_cat","embeddable":true,"href":"https:\/\/olympiaboutique.com\/en\/wp-json\/wp\/v2\/product_cat?post=2840"},{"taxonomy":"product_tag","embeddable":true,"href":"https:\/\/olympiaboutique.com\/en\/wp-json\/wp\/v2\/product_tag?post=2840"}],"curies":[{"name":"wp","href":"https:\/\/api.w.org\/{rel}","templated":true}]}}