{"id":2820,"date":"2024-04-12T09:49:34","date_gmt":"2024-04-12T09:49:34","guid":{"rendered":"https:\/\/olympiaboutique.com\/?post_type=product&#038;p=2820"},"modified":"2025-12-01T04:26:37","modified_gmt":"2025-12-01T04:26:37","slug":"stash-herbal-tea-wild-raspberry-hibiscus-30-sachets","status":"publish","type":"product","link":"https:\/\/olympiaboutique.com\/en\/product\/stash-herbal-tea-wild-raspberry-hibiscus-30-sachets\/","title":{"rendered":"Stash Herbal Tea Wild Rasberry Hibiscus, 30 sachets"},"content":{"rendered":"<div class=\"mb3\">\n<div class=\"dangerous-html mb3\"><span>Ingr\u00e9dients<\/span><\/p>\n<p><span>Hibiscus, zeste d&#8217;orange, citronnelle, cynorhodon, ar\u00f4me framboise, poudre de r\u00e9glisse et acide citrique. Contient du soja.<\/span><\/div>\n<\/div>\n<div class=\"mb3\">\n<div class=\"dangerous-html mb3\">\n<ul>\n<li><span>Une infusion rayonnante d&#8217;hibiscus acidul\u00e9, de citronnelle et de framboises<\/span><\/li>\n<li><span>V\u00e9rifi\u00e9 sans OGM<\/span><\/li>\n<li><span>M\u00e9lang\u00e9 aux \u00c9tats-Unis avec des ingr\u00e9dients naturels du monde entier<\/span><\/li>\n<li><span>Sans caf\u00e9ine<\/span><\/li>\n<li><span>Infusion \u00e0 : 3-5 min, 190-210 \u00b0F, 8 fl oz d&#8217;eau. Pour le th\u00e9 glac\u00e9, utilisez le double des sachets de th\u00e9.<\/span><\/li>\n<\/ul>\n<\/div>\n<\/div>","protected":false},"excerpt":{"rendered":"<p>Un m\u00e9lange enchanteur, l\u00e9g\u00e8rement sucr\u00e9 et parfum\u00e9 au go\u00fbt de framboises fra\u00eechement cueillies. Nous combinons d\u2019abord l\u2019hibiscus rouge, la citronnelle, le zeste d\u2019orange et l\u2019\u00e9glantier. Ensuite, nous ajoutons la saveur pure et naturelle des framboises fra\u00eeches et m\u00fbres. Le r\u00e9sultat est une tisane fruit\u00e9e audacieuse, \u00e0 la fois douce et acidul\u00e9e. Comme elle est naturellement sans caf\u00e9ine, cette boisson savoureuse peut \u00eatre d\u00e9gust\u00e9e \u00e0 tout moment de la journ\u00e9e et constitue un excellent th\u00e9 glac\u00e9 d\u00e9salt\u00e9rant.<\/p>","protected":false},"featured_media":2798,"comment_status":"open","ping_status":"closed","template":"","meta":{"_joinchat":[]},"product_brand":[],"product_cat":[23],"product_tag":[370],"class_list":{"0":"post-2820","1":"product","2":"type-product","3":"status-publish","4":"has-post-thumbnail","6":"product_cat-food","7":"product_tag-stash","9":"first","10":"outofstock","11":"shipping-taxable","12":"purchasable","13":"product-type-simple"},"jetpack_sharing_enabled":true,"_links":{"self":[{"href":"https:\/\/olympiaboutique.com\/en\/wp-json\/wp\/v2\/product\/2820","targetHints":{"allow":["GET"]}}],"collection":[{"href":"https:\/\/olympiaboutique.com\/en\/wp-json\/wp\/v2\/product"}],"about":[{"href":"https:\/\/olympiaboutique.com\/en\/wp-json\/wp\/v2\/types\/product"}],"replies":[{"embeddable":true,"href":"https:\/\/olympiaboutique.com\/en\/wp-json\/wp\/v2\/comments?post=2820"}],"wp:featuredmedia":[{"embeddable":true,"href":"https:\/\/olympiaboutique.com\/en\/wp-json\/wp\/v2\/media\/2798"}],"wp:attachment":[{"href":"https:\/\/olympiaboutique.com\/en\/wp-json\/wp\/v2\/media?parent=2820"}],"wp:term":[{"taxonomy":"product_brand","embeddable":true,"href":"https:\/\/olympiaboutique.com\/en\/wp-json\/wp\/v2\/product_brand?post=2820"},{"taxonomy":"product_cat","embeddable":true,"href":"https:\/\/olympiaboutique.com\/en\/wp-json\/wp\/v2\/product_cat?post=2820"},{"taxonomy":"product_tag","embeddable":true,"href":"https:\/\/olympiaboutique.com\/en\/wp-json\/wp\/v2\/product_tag?post=2820"}],"curies":[{"name":"wp","href":"https:\/\/api.w.org\/{rel}","templated":true}]}}