{"id":2817,"date":"2024-04-11T23:04:15","date_gmt":"2024-04-11T23:04:15","guid":{"rendered":"https:\/\/olympiaboutique.com\/?post_type=product&#038;p=2817"},"modified":"2026-04-23T00:34:04","modified_gmt":"2026-04-23T00:34:04","slug":"neocell-powder-super-collagen-peptides-600g","status":"publish","type":"product","link":"https:\/\/olympiaboutique.com\/en\/product\/neocell-powder-super-collagen-peptides-600g\/","title":{"rendered":"Neocell Powder Super Collagen Peptides, 600g"},"content":{"rendered":"<p>En vieillissant, le collag\u00e8ne de notre corps s\u2019\u00e9puise, ce qui peut entra\u00eener de nombreux signes courants de vieillissement tels que les rides, les ridules et plis, la r\u00e9duction de la mobilit\u00e9\u2026 Mais cette poudre de super collag\u00e8ne a \u00e9t\u00e9 sp\u00e9cialement formul\u00e9e pour soutenir votre beaut\u00e9 de l\u2019int\u00e9rieur et favoriser la production de collag\u00e8ne de votre corps.<br \/>\nElle vous aide \u00e0 nourrir votre beaut\u00e9 saine et \u00e0 profiter d\u2019une peau radieuse et jeune, ainsi que de cheveux et d\u2019ongles sains. Le collag\u00e8ne Neocell est soumis \u00e0 un traitement enzymatique pour produire des acides amin\u00e9s qui illuminent votre beaut\u00e9 int\u00e9rieure.<br \/>\nLa prise d\u2019un suppl\u00e9ment de collag\u00e8ne peut favoriser une production saine de collag\u00e8ne dans tout l\u2019organisme. Et quand on se fait du bien \u00e0 l\u2019int\u00e9rieur, \u00e7a ne peut faire autrement que de rayonner vers l\u2019ext\u00e9rieur et vous donner l\u2019envie de vivre pleinement.<\/p>\n<h3>Mode d\u2019emploi:<\/h3>\n<p>Prendre 1 mesurette (6,6 g) de poudre par jour dans 1 tasse (250 mL) d\u2019eau, de caf\u00e9 ou de jus ou autre boisson de son choix. Pour de meilleurs r\u00e9sultats, prendre \u00e0 jeun.<\/p>","protected":false},"excerpt":{"rendered":"<p><strong>Bienfaits<\/strong><\/p>\n<p>Nourrissez votre beaut\u00e9 int\u00e9rieure avec la super poudre de collag\u00e8ne.<br \/>\nNeoCell La poudre de super collag\u00e8ne offre 6,600 mg des types de collag\u00e8ne 1 et 3 pour des cheveux, une peau, des ongles forts et en sant\u00e9 , les articulations et les os. Cette jarre contient 30 portions, soit l\u2019\u00e9quivalent d\u2019un mois de collag\u00e8ne vital. C\u2019est un compl\u00e9ment alimentaire sous forme de poudre sans OGM et sans gluten, il est donc facile \u00e0 utiliser et \u00e0 ajouter \u00e0 votre routine de suppl\u00e9ment quotidien.<\/p>","protected":false},"featured_media":2791,"comment_status":"open","ping_status":"closed","template":"","meta":{"_joinchat":[]},"product_brand":[],"product_cat":[17],"product_tag":[238],"class_list":{"0":"post-2817","1":"product","2":"type-product","3":"status-publish","4":"has-post-thumbnail","6":"product_cat-vitamines","7":"product_tag-neocell","9":"first","10":"outofstock","11":"shipping-taxable","12":"purchasable","13":"product-type-simple"},"jetpack_sharing_enabled":true,"_links":{"self":[{"href":"https:\/\/olympiaboutique.com\/en\/wp-json\/wp\/v2\/product\/2817","targetHints":{"allow":["GET"]}}],"collection":[{"href":"https:\/\/olympiaboutique.com\/en\/wp-json\/wp\/v2\/product"}],"about":[{"href":"https:\/\/olympiaboutique.com\/en\/wp-json\/wp\/v2\/types\/product"}],"replies":[{"embeddable":true,"href":"https:\/\/olympiaboutique.com\/en\/wp-json\/wp\/v2\/comments?post=2817"}],"wp:featuredmedia":[{"embeddable":true,"href":"https:\/\/olympiaboutique.com\/en\/wp-json\/wp\/v2\/media\/2791"}],"wp:attachment":[{"href":"https:\/\/olympiaboutique.com\/en\/wp-json\/wp\/v2\/media?parent=2817"}],"wp:term":[{"taxonomy":"product_brand","embeddable":true,"href":"https:\/\/olympiaboutique.com\/en\/wp-json\/wp\/v2\/product_brand?post=2817"},{"taxonomy":"product_cat","embeddable":true,"href":"https:\/\/olympiaboutique.com\/en\/wp-json\/wp\/v2\/product_cat?post=2817"},{"taxonomy":"product_tag","embeddable":true,"href":"https:\/\/olympiaboutique.com\/en\/wp-json\/wp\/v2\/product_tag?post=2817"}],"curies":[{"name":"wp","href":"https:\/\/api.w.org\/{rel}","templated":true}]}}