{"id":2815,"date":"2024-04-11T22:11:33","date_gmt":"2024-04-11T22:11:33","guid":{"rendered":"https:\/\/olympiaboutique.com\/?post_type=product&#038;p=2815"},"modified":"2025-12-01T04:26:37","modified_gmt":"2025-12-01T04:26:37","slug":"hair-chemist-castor-hemp-pro-growth-hair-oil-230-ml","status":"publish","type":"product","link":"https:\/\/olympiaboutique.com\/en\/product\/hair-chemist-castor-hemp-pro-growth-hair-oil-230-ml\/","title":{"rendered":"Hair Chemist Castor &amp; Hemp Pro-growth Hair Oil, 230 ml"},"content":{"rendered":"<ul class=\"a-unordered-list a-vertical a-spacing-mini\">\n<li class=\"a-spacing-mini\"><span class=\"a-list-item\">AM\u00c9LIORE LA SANT\u00c9 DES CHEVEUX : Notre huile capillaire Pro-Growth nourrit le cuir chevelu et renforce les racines tout en ajoutant une brillance saine et r\u00e9fl\u00e9chissante.<\/span><\/li>\n<li class=\"a-spacing-mini\"><span class=\"a-list-item\">INGR\u00c9DIENTS NATURELS : Cette formule pro-croissance m\u00e9lang\u00e9e est faite d\u2019huile de ricin et d\u2019ingr\u00e9dients naturels.<\/span><\/li>\n<\/ul>\n<p>Notre formule pro-croissance riche en vitamines est infus\u00e9e d\u2019huile de ricin nourrissante pour aider \u00e0 favoriser une croissance, une force et une brillance saines des cheveux. Formul\u00e9 avec des huiles essentielles naturelles, il aide \u00e0 \u00e9paissir les cheveux tout en restaurant les cheveux clairsem\u00e9s et en pr\u00e9venant la casse.<\/p>","protected":false},"excerpt":{"rendered":"<p><strong>Bienfaits<\/strong><\/p>\n<ul class=\"a-unordered-list a-vertical a-spacing-mini\">\n<li class=\"a-spacing-mini\"><span class=\"a-list-item\">HUILE CAPILLAIRE DE CROISSANCE : Notre toute nouvelle huile capillaire Hair Chemist Pro-Growth Premium est une formule de pro-croissance riche en vitamines pour des cheveux plus longs, plus forts et plus \u00e9pais.<\/span><\/li>\n<li class=\"a-spacing-mini\"><span class=\"a-list-item\">HUILE DE CROISSANCE PLUS RAPIDE DES CHEVEUX : L\u2019huile de ricin am\u00e9liore la circulation sanguine au niveau du cuir chevelu, assurant une meilleure nutrition des follicules pileux. Cet acide aide \u00e9galement \u00e0 \u00e9quilibrer le pH du cuir chevelu. L\u2019huile de ricin est riche en antioxydants qui soutiennent la k\u00e9ratine des cheveux, les rendant plus lisses, plus forts et moins cr\u00e9pus.<\/span><\/li>\n<\/ul>","protected":false},"featured_media":2758,"comment_status":"open","ping_status":"closed","template":"","meta":{"_joinchat":[]},"product_brand":[],"product_cat":[109],"product_tag":[367],"class_list":{"0":"post-2815","1":"product","2":"type-product","3":"status-publish","4":"has-post-thumbnail","6":"product_cat-cheveux","7":"product_tag-hair-chemist","9":"first","10":"outofstock","11":"shipping-taxable","12":"purchasable","13":"product-type-simple"},"jetpack_sharing_enabled":true,"_links":{"self":[{"href":"https:\/\/olympiaboutique.com\/en\/wp-json\/wp\/v2\/product\/2815","targetHints":{"allow":["GET"]}}],"collection":[{"href":"https:\/\/olympiaboutique.com\/en\/wp-json\/wp\/v2\/product"}],"about":[{"href":"https:\/\/olympiaboutique.com\/en\/wp-json\/wp\/v2\/types\/product"}],"replies":[{"embeddable":true,"href":"https:\/\/olympiaboutique.com\/en\/wp-json\/wp\/v2\/comments?post=2815"}],"wp:featuredmedia":[{"embeddable":true,"href":"https:\/\/olympiaboutique.com\/en\/wp-json\/wp\/v2\/media\/2758"}],"wp:attachment":[{"href":"https:\/\/olympiaboutique.com\/en\/wp-json\/wp\/v2\/media?parent=2815"}],"wp:term":[{"taxonomy":"product_brand","embeddable":true,"href":"https:\/\/olympiaboutique.com\/en\/wp-json\/wp\/v2\/product_brand?post=2815"},{"taxonomy":"product_cat","embeddable":true,"href":"https:\/\/olympiaboutique.com\/en\/wp-json\/wp\/v2\/product_cat?post=2815"},{"taxonomy":"product_tag","embeddable":true,"href":"https:\/\/olympiaboutique.com\/en\/wp-json\/wp\/v2\/product_tag?post=2815"}],"curies":[{"name":"wp","href":"https:\/\/api.w.org\/{rel}","templated":true}]}}