{"id":2812,"date":"2024-04-11T21:31:10","date_gmt":"2024-04-11T21:31:10","guid":{"rendered":"https:\/\/olympiaboutique.com\/?post_type=product&#038;p=2812"},"modified":"2025-12-01T04:26:37","modified_gmt":"2025-12-01T04:26:37","slug":"esfolio-moisture-soothing-gel-aloe-vera-92-300-ml","status":"publish","type":"product","link":"https:\/\/olympiaboutique.com\/en\/product\/esfolio-moisture-soothing-gel-aloe-vera-92-300-ml\/","title":{"rendered":"Esfolio Moisture Soothing Gel Aloe Vera 92%, 300 ml"},"content":{"rendered":"<p>Compos\u00e9 d&#8217;ingr\u00e9dients naturels, notamment d&#8217;extrait d&#8217;aloe vera \u00e0 92 %, ce gel polyvalent peut \u00eatre utilis\u00e9 sur tout le corps pour l&#8217;hydrater \u00e0 tout moment. Sa formule gel apaisante et rafra\u00eechissante permet de l&#8217;appliquer m\u00eame sur les cheveux ou les ongles, sans sensation collante, id\u00e9al pour les coups de soleil ou le feu du rasoir. Peut \u00eatre utilis\u00e9 comme masque rafra\u00eechissant pour le visage.<\/p>","protected":false},"excerpt":{"rendered":"<p><strong>Bienfaits<\/strong><\/p>\n<ul>\n<li>Esfolio Moisture Soothing Gel Aloe Vera 92% contient de l&#8217;extrait de feuille d&#8217;aloe barbadensis pour aider \u00e0 apaiser et \u00e0 hydrater la peau, son gel en forme de pulpe s&#8217;applique de mani\u00e8re humide sans sensation de collant.<\/li>\n<li>Renforce l&#8217;hydratation sans effet collant.<\/li>\n<li>Effet apaisant.<\/li>\n<li>Apr\u00e8s les soins de base, appliquez une quantit\u00e9 appropri\u00e9e de produit sur votre visage, comme un masque.<\/li>\n<\/ul>","protected":false},"featured_media":2752,"comment_status":"open","ping_status":"closed","template":"","meta":{"_joinchat":[]},"product_brand":[],"product_cat":[22],"product_tag":[364],"class_list":{"0":"post-2812","1":"product","2":"type-product","3":"status-publish","4":"has-post-thumbnail","6":"product_cat-skincare","7":"product_tag-esfolio","9":"first","10":"outofstock","11":"shipping-taxable","12":"purchasable","13":"product-type-simple"},"jetpack_sharing_enabled":true,"_links":{"self":[{"href":"https:\/\/olympiaboutique.com\/en\/wp-json\/wp\/v2\/product\/2812","targetHints":{"allow":["GET"]}}],"collection":[{"href":"https:\/\/olympiaboutique.com\/en\/wp-json\/wp\/v2\/product"}],"about":[{"href":"https:\/\/olympiaboutique.com\/en\/wp-json\/wp\/v2\/types\/product"}],"replies":[{"embeddable":true,"href":"https:\/\/olympiaboutique.com\/en\/wp-json\/wp\/v2\/comments?post=2812"}],"wp:featuredmedia":[{"embeddable":true,"href":"https:\/\/olympiaboutique.com\/en\/wp-json\/wp\/v2\/media\/2752"}],"wp:attachment":[{"href":"https:\/\/olympiaboutique.com\/en\/wp-json\/wp\/v2\/media?parent=2812"}],"wp:term":[{"taxonomy":"product_brand","embeddable":true,"href":"https:\/\/olympiaboutique.com\/en\/wp-json\/wp\/v2\/product_brand?post=2812"},{"taxonomy":"product_cat","embeddable":true,"href":"https:\/\/olympiaboutique.com\/en\/wp-json\/wp\/v2\/product_cat?post=2812"},{"taxonomy":"product_tag","embeddable":true,"href":"https:\/\/olympiaboutique.com\/en\/wp-json\/wp\/v2\/product_tag?post=2812"}],"curies":[{"name":"wp","href":"https:\/\/api.w.org\/{rel}","templated":true}]}}