{"id":2811,"date":"2024-04-11T21:16:08","date_gmt":"2024-04-11T21:16:08","guid":{"rendered":"https:\/\/olympiaboutique.com\/?post_type=product&#038;p=2811"},"modified":"2025-12-01T04:26:38","modified_gmt":"2025-12-01T04:26:38","slug":"elastalift-antioxydant-vitamin-c-turmeric-brightening-face-serum-52-ml","status":"publish","type":"product","link":"https:\/\/olympiaboutique.com\/en\/product\/elastalift-antioxydant-vitamin-c-turmeric-brightening-face-serum-52-ml\/","title":{"rendered":"Elastalift Antioxydant Vitamin C + Turmeric Brightening Face Serum, 52 ml"},"content":{"rendered":"<ul class=\"a-unordered-list a-vertical a-spacing-mini\">\n<li class=\"a-spacing-mini\"><span class=\"a-list-item\">CLEAN BEAUTY &#8211; Sans parab\u00e8nes, PEG, formald\u00e9hyde, sulfates, colorants, triclosan, propyl\u00e8ne glycol et talc. Ajout non gras et l\u00e9ger \u00e0 votre routine de soins de la peau.<\/span><\/li>\n<li class=\"a-spacing-mini\"><span class=\"a-list-item\">NON GRAS ET S\u2019ABSORBE FACILEMENT &#8211; Avec les nombreuses huiles, s\u00e9rums et hydratants pour le visage qui composent votre routine de soins de la peau, la superposition de produits apr\u00e8s produits peut rendre votre peau grasse et \u00e9touff\u00e9e. Mais ce n\u2019est pas un probl\u00e8me avec le s\u00e9rum pour la peau non gras et \u00e0 absorption rapide Elastalift ! Que vous ayez la peau s\u00e8che, la peau grasse ou la peau sensible, cette huile pour le visage aux ingr\u00e9dients naturels vous aidera \u00e0 am\u00e9liorer votre peau.<\/span><\/li>\n<\/ul>","protected":false},"excerpt":{"rendered":"<p><strong>Bienfaits<\/strong><\/p>\n<ul class=\"a-unordered-list a-vertical a-spacing-mini\">\n<li class=\"a-spacing-mini\"><span class=\"a-list-item\">PEAU CLAIRE ET LUMINEUSE &#8211; Dites bonjour \u00e0 une peau \u00e9clatante de jeunesse ! L\u2019huile de curcuma am\u00e9liore l\u2019\u00e9clat de la peau et fait ressortir la brillance et la beaut\u00e9 naturelle- sans tacher votre peau ! L\u2019huile de curcuma aide \u00e0 calmer les rougeurs et les irritations et am\u00e9liore l\u2019apparence des cicatrices et des imperfections. Une peau plus claire, plus lumineuse et \u00e9clatante !<\/span><\/li>\n<li class=\"a-spacing-mini\"><span class=\"a-list-item\">DUR SUR LES IMPERFECTIONS &#8211; Souffrez-vous d\u2019\u00e9ruptions cutan\u00e9es constantes ou de cicatrices d\u2019acn\u00e9 ? Vous cherchez une peau plus claire ? Pensez \u00e0 ajouter de l\u2019huile de curcuma avec de la vitamine C \u00e0 votre routine beaut\u00e9 ! Le curcuma et la vitamine C ass\u00e8chent naturellement les imperfections g\u00eanantes sans dess\u00e9cher la peau et aident \u00e0 pr\u00e9venir les futures \u00e9ruptions cutan\u00e9es.<\/span><\/li>\n<\/ul>","protected":false},"featured_media":2747,"comment_status":"open","ping_status":"closed","template":"","meta":{"_joinchat":[]},"product_brand":[],"product_cat":[22],"product_tag":[363],"class_list":{"0":"post-2811","1":"product","2":"type-product","3":"status-publish","4":"has-post-thumbnail","6":"product_cat-skincare","7":"product_tag-elastalift","9":"first","10":"outofstock","11":"shipping-taxable","12":"purchasable","13":"product-type-simple"},"jetpack_sharing_enabled":true,"_links":{"self":[{"href":"https:\/\/olympiaboutique.com\/en\/wp-json\/wp\/v2\/product\/2811","targetHints":{"allow":["GET"]}}],"collection":[{"href":"https:\/\/olympiaboutique.com\/en\/wp-json\/wp\/v2\/product"}],"about":[{"href":"https:\/\/olympiaboutique.com\/en\/wp-json\/wp\/v2\/types\/product"}],"replies":[{"embeddable":true,"href":"https:\/\/olympiaboutique.com\/en\/wp-json\/wp\/v2\/comments?post=2811"}],"wp:featuredmedia":[{"embeddable":true,"href":"https:\/\/olympiaboutique.com\/en\/wp-json\/wp\/v2\/media\/2747"}],"wp:attachment":[{"href":"https:\/\/olympiaboutique.com\/en\/wp-json\/wp\/v2\/media?parent=2811"}],"wp:term":[{"taxonomy":"product_brand","embeddable":true,"href":"https:\/\/olympiaboutique.com\/en\/wp-json\/wp\/v2\/product_brand?post=2811"},{"taxonomy":"product_cat","embeddable":true,"href":"https:\/\/olympiaboutique.com\/en\/wp-json\/wp\/v2\/product_cat?post=2811"},{"taxonomy":"product_tag","embeddable":true,"href":"https:\/\/olympiaboutique.com\/en\/wp-json\/wp\/v2\/product_tag?post=2811"}],"curies":[{"name":"wp","href":"https:\/\/api.w.org\/{rel}","templated":true}]}}